{"id":1397,"date":"2021-11-17T15:04:36","date_gmt":"2021-11-17T15:04:36","guid":{"rendered":"https:\/\/www.coolepark.ie\/gailearai\/"},"modified":"2021-11-17T15:04:36","modified_gmt":"2021-11-17T15:04:36","slug":"gailearai","status":"publish","type":"page","link":"https:\/\/www.coolepark.ie\/ga\/gailearai\/","title":{"rendered":"Gaileara\u00ed"},"content":{"rendered":"<p>F\u00e9ach th\u00edos rogha \u00edomh\u00e1nna \u00f3 Ph\u00e1irc na C\u00faile<\/p>\n<div class=\"photobooth\"><div class=\"filter-gallery\"><ul class=\"clean\" id=\"filter\"><li class=\"current\"><a href=\"javascript:void(0)\">All<\/a><\/li><li><a href=\"javascript:void(0)\">Flora<\/a><\/li><li><a href=\"javascript:void(0)\">Landscape<\/a><\/li><li><a href=\"javascript:void(0)\">Wildlife<\/a><\/li><\/ul><\/div><div class=\"gallery\"><ul class=\"clean\" id=\"portfolio\"><li class=\"landscape\" >\n                <strong>Woods<\/strong>                \n <a href=\"https:\/\/www.coolepark.ie\/wp-content\/uploads\/2018\/06\/7-woods.jpg\" rel=\"prettyPhoto[pp_gal]\"><img decoding=\"async\" src=\"https:\/\/www.coolepark.ie\/wp-content\/uploads\/2018\/06\/7-woods.jpg\" alt=\"Enlarge Seven Woods\" \/><\/a>\n            <\/li><li class=\"landscape\" >\n                <strong>Lake<\/strong>                \n <a href=\"https:\/\/www.coolepark.ie\/wp-content\/uploads\/2017\/05\/Black-Moss.jpg\" rel=\"prettyPhoto[pp_gal]\"><img decoding=\"async\" src=\"https:\/\/www.coolepark.ie\/wp-content\/uploads\/2017\/05\/Black-Moss.jpg\" alt=\"Enlarge Black Moss Lake Bank\" \/><\/a>\n            <\/li><li class=\"flora\" >\n                <strong>Autograph Tree<\/strong>                \n <a href=\"https:\/\/www.coolepark.ie\/wp-content\/uploads\/2018\/07\/Autograph-Tree-s.jpg\" rel=\"prettyPhoto[pp_gal]\"><img decoding=\"async\" src=\"https:\/\/www.coolepark.ie\/wp-content\/uploads\/2018\/07\/Autograph-Tree-s.jpg\" alt=\"Enlarge Autograph Tree\" \/><\/a>\n            <\/li><li class=\"landscape\" style=\"margin-right:0\">\n                <strong>Lime Kiln<\/strong>                \n <a href=\"https:\/\/www.coolepark.ie\/wp-content\/uploads\/2018\/07\/Lime-Kiln-RS-crop-s.jpg\" rel=\"prettyPhoto[pp_gal]\"><img decoding=\"async\" src=\"https:\/\/www.coolepark.ie\/wp-content\/uploads\/2018\/07\/Lime-Kiln-RS-crop-s.jpg\" alt=\"Enlarge Lime Kiln\" \/><\/a>\n            <\/li><li class=\"landscape\" >\n                <strong>Visitor Centre<\/strong>                \n <a href=\"https:\/\/www.coolepark.ie\/wp-content\/uploads\/2018\/07\/VC-outside-view-up-path.jpg\" rel=\"prettyPhoto[pp_gal]\"><img decoding=\"async\" src=\"https:\/\/www.coolepark.ie\/wp-content\/uploads\/2018\/07\/VC-outside-view-up-path.jpg\" alt=\"Enlarge Coole Park Visitor Centre\" \/><\/a>\n            <\/li><li class=\"landscape\" >\n                <strong>Visitor Centre<\/strong>                \n <a href=\"https:\/\/www.coolepark.ie\/wp-content\/uploads\/2019\/08\/Coole-Visitor-Centre-Tearooms-May-2009-002.jpg\" rel=\"prettyPhoto[pp_gal]\"><img decoding=\"async\" src=\"https:\/\/www.coolepark.ie\/wp-content\/uploads\/2019\/08\/Coole-Visitor-Centre-Tearooms-May-2009-002.jpg\" alt=\"Enlarge Coole Park Visitor Centre and Tea Rooms\" \/><\/a>\n            <\/li><li class=\"landscape\" >\n                <strong>Woods<\/strong>                \n <a href=\"https:\/\/www.coolepark.ie\/wp-content\/uploads\/2017\/08\/Magic.jpg\" rel=\"prettyPhoto[pp_gal]\"><img decoding=\"async\" src=\"https:\/\/www.coolepark.ie\/wp-content\/uploads\/2017\/08\/Magic.jpg\" alt=\"Enlarge Woods at Coole Park\" \/><\/a>\n            <\/li><li class=\"landscape\" style=\"margin-right:0\">\n                <strong>Avenue Entrance<\/strong>                \n <a href=\"https:\/\/www.coolepark.ie\/wp-content\/uploads\/2017\/05\/EntranceAveJS_700x300.png\" rel=\"prettyPhoto[pp_gal]\"><img decoding=\"async\" src=\"https:\/\/www.coolepark.ie\/wp-content\/uploads\/2017\/05\/EntranceAveJS_700x300.png\" alt=\"Enlarge Avenue Entrance\" \/><\/a>\n            <\/li><li class=\"flora\" >\n                <strong>Wild Garlic (Ramsons)<\/strong>                \n <a href=\"https:\/\/www.coolepark.ie\/wp-content\/uploads\/2019\/06\/P1000356.jpg\" rel=\"prettyPhoto[pp_gal]\"><img decoding=\"async\" src=\"https:\/\/www.coolepark.ie\/wp-content\/uploads\/2019\/06\/P1000356.jpg\" alt=\"Enlarge Wild Garlic (Ramsons)\" \/><\/a>\n            <\/li><li class=\"landscape\" >\n                <strong>Mossy Wall<\/strong>                \n <a href=\"https:\/\/www.coolepark.ie\/wp-content\/uploads\/2017\/07\/John20Scarry20mossy20wall20compressed1-e1559560904758.jpg\" rel=\"prettyPhoto[pp_gal]\"><img decoding=\"async\" src=\"https:\/\/www.coolepark.ie\/wp-content\/uploads\/2017\/07\/John20Scarry20mossy20wall20compressed1-e1559560904758.jpg\" alt=\"Enlarge Moss Covered Wall\" \/><\/a>\n            <\/li><li class=\"landscape\" >\n                <strong>Walled Garden<\/strong>                \n <a href=\"https:\/\/www.coolepark.ie\/wp-content\/uploads\/2018\/07\/Walled-garden-Maecenas-s.jpg\" rel=\"prettyPhoto[pp_gal]\"><img decoding=\"async\" src=\"https:\/\/www.coolepark.ie\/wp-content\/uploads\/2018\/07\/Walled-garden-Maecenas-s.jpg\" alt=\"Enlarge Walled Garden\" \/><\/a>\n            <\/li><li class=\"flora\" style=\"margin-right:0\">\n                <strong>Bluebells<\/strong>                \n <a href=\"https:\/\/www.coolepark.ie\/wp-content\/uploads\/2018\/07\/bluebells-2-s.jpg\" rel=\"prettyPhoto[pp_gal]\"><img decoding=\"async\" src=\"https:\/\/www.coolepark.ie\/wp-content\/uploads\/2018\/07\/bluebells-2-s.jpg\" alt=\"Enlarge Bluebells in Woods\" \/><\/a>\n            <\/li><li class=\"landscape\" >\n                <strong>Turlough<\/strong>                \n <a href=\"https:\/\/www.coolepark.ie\/wp-content\/uploads\/2018\/07\/photo-3-1crop-s-e1559572589886.jpg\" rel=\"prettyPhoto[pp_gal]\"><img decoding=\"async\" src=\"https:\/\/www.coolepark.ie\/wp-content\/uploads\/2018\/07\/photo-3-1crop-s-e1559572589886.jpg\" alt=\"Enlarge Turlough at Coole\" \/><\/a>\n            <\/li><li class=\"flora\" >\n                <strong>Rose Wall<\/strong>                \n <a href=\"https:\/\/www.coolepark.ie\/wp-content\/uploads\/2019\/06\/Rose-Wall-Coole-Park-1-e1559577678640.jpg\" rel=\"prettyPhoto[pp_gal]\"><img decoding=\"async\" src=\"https:\/\/www.coolepark.ie\/wp-content\/uploads\/2019\/06\/Rose-Wall-Coole-Park-1-e1559577678640.jpg\" alt=\"Enlarge Rose Wall\" \/><\/a>\n            <\/li><li class=\"wildlife\" >\n                <strong>Red Deer<\/strong>                \n <a href=\"https:\/\/www.coolepark.ie\/wp-content\/uploads\/2019\/05\/Red-Deer-At-Cooole-Park.jpg\" rel=\"prettyPhoto[pp_gal]\"><img decoding=\"async\" src=\"https:\/\/www.coolepark.ie\/wp-content\/uploads\/2019\/05\/Red-Deer-At-Cooole-Park.jpg\" alt=\"Enlarge Red Deer at Coole Park\" \/><\/a>\n            <\/li><li class=\"landscape\" style=\"margin-right:0\">\n                <strong>Turlough<\/strong>                \n <a href=\"https:\/\/www.coolepark.ie\/wp-content\/uploads\/2019\/05\/view-of-turlough.jpg\" rel=\"prettyPhoto[pp_gal]\"><img decoding=\"async\" src=\"https:\/\/www.coolepark.ie\/wp-content\/uploads\/2019\/05\/view-of-turlough.jpg\" alt=\"Enlarge View of Turlough\" \/><\/a>\n            <\/li><li class=\"landscape\" >\n                <strong>Shelter<\/strong>                \n <a href=\"https:\/\/www.coolepark.ie\/wp-content\/uploads\/2018\/07\/shelter-MP-s.jpg\" rel=\"prettyPhoto[pp_gal]\"><img decoding=\"async\" src=\"https:\/\/www.coolepark.ie\/wp-content\/uploads\/2018\/07\/shelter-MP-s.jpg\" alt=\"Enlarge Shelter\" \/><\/a>\n            <\/li><li class=\"landscape\" >\n                <strong>Walled Garden<\/strong>                \n <a href=\"https:\/\/www.coolepark.ie\/wp-content\/uploads\/2018\/07\/Coole-Walled-garden-picnic-area-August-2015-025-s.jpg\" rel=\"prettyPhoto[pp_gal]\"><img decoding=\"async\" src=\"https:\/\/www.coolepark.ie\/wp-content\/uploads\/2018\/07\/Coole-Walled-garden-picnic-area-August-2015-025-s.jpg\" alt=\"Enlarge Coole Walled Garden Picnic Area\" \/><\/a>\n            <\/li><li class=\"landscape\" >\n                <strong>Seven Woods<\/strong>                \n <a href=\"https:\/\/www.coolepark.ie\/wp-content\/uploads\/2017\/05\/Seven-Woods.jpg\" rel=\"prettyPhoto[pp_gal]\"><img decoding=\"async\" src=\"https:\/\/www.coolepark.ie\/wp-content\/uploads\/2017\/05\/Seven-Woods.jpg\" alt=\"Enlarge Seven Woods Trackway\" \/><\/a>\n            <\/li><li class=\"landscape\" style=\"margin-right:0\">\n                <strong>Black Moss<\/strong>                \n <a href=\"https:\/\/www.coolepark.ie\/wp-content\/uploads\/2017\/05\/Black-Moss.jpg\" rel=\"prettyPhoto[pp_gal]\"><img decoding=\"async\" src=\"https:\/\/www.coolepark.ie\/wp-content\/uploads\/2017\/05\/Black-Moss.jpg\" alt=\"Enlarge Black Moss Lake Bank\" \/><\/a>\n            <\/li><li class=\"landscape\" >\n                <strong>Autograph Tree<\/strong>                \n <a href=\"https:\/\/www.coolepark.ie\/wp-content\/uploads\/2017\/05\/Autograph-Tree-e1527941914475.jpg\" rel=\"prettyPhoto[pp_gal]\"><img decoding=\"async\" src=\"https:\/\/www.coolepark.ie\/wp-content\/uploads\/2017\/05\/Autograph-Tree-e1527941914475.jpg\" alt=\"Enlarge Autograph Tree\" \/><\/a>\n            <\/li><li class=\"wildlife\" >\n                <strong>Pine Martan<\/strong>                \n <a href=\"https:\/\/www.coolepark.ie\/wp-content\/uploads\/2017\/05\/PineMarten.jpg\" rel=\"prettyPhoto[pp_gal]\"><img decoding=\"async\" src=\"https:\/\/www.coolepark.ie\/wp-content\/uploads\/2017\/05\/PineMarten.jpg\" alt=\"Enlarge Pine Marten\" \/><\/a>\n            <\/li><li class=\"wildlife\" >\n                <strong>Mallard<\/strong>                \n <a href=\"https:\/\/www.coolepark.ie\/wp-content\/uploads\/2017\/05\/Mallard.jpg\" rel=\"prettyPhoto[pp_gal]\"><img decoding=\"async\" src=\"https:\/\/www.coolepark.ie\/wp-content\/uploads\/2017\/05\/Mallard.jpg\" alt=\"Enlarge Mallard in Lake\" \/><\/a>\n            <\/li><li class=\"wildlife\" style=\"margin-right:0\">\n                <strong>Deer Family<\/strong>                \n <a href=\"https:\/\/www.coolepark.ie\/wp-content\/uploads\/2017\/05\/DeerFamily_1-e1559559030356.jpg\" rel=\"prettyPhoto[pp_gal]\"><img decoding=\"async\" src=\"https:\/\/www.coolepark.ie\/wp-content\/uploads\/2017\/05\/DeerFamily_1-e1559559030356.jpg\" alt=\"Enlarge Family of Deer\" \/><\/a>\n            <\/li><li class=\"wildlife\" >\n                <strong>Badger<\/strong>                \n <a href=\"https:\/\/www.coolepark.ie\/wp-content\/uploads\/2017\/05\/badger.jpg\" rel=\"prettyPhoto[pp_gal]\"><img decoding=\"async\" src=\"https:\/\/www.coolepark.ie\/wp-content\/uploads\/2017\/05\/badger.jpg\" alt=\"Enlarge Badger perched against tree\" \/><\/a>\n            <\/li><li class=\"wildlife\" >\n                <strong>Wexford Slobs Birds<\/strong>                \n <a href=\"https:\/\/www.coolepark.ie\/wp-content\/uploads\/2017\/05\/WexfordSlobsBirds.jpg\" rel=\"prettyPhoto[pp_gal]\"><img decoding=\"async\" src=\"https:\/\/www.coolepark.ie\/wp-content\/uploads\/2017\/05\/WexfordSlobsBirds.jpg\" alt=\"Enlarge Wexford Slobs\" \/><\/a>\n            <\/li><li class=\"wildlife\" >\n                <strong>Red Squirrel<\/strong>                \n <a href=\"https:\/\/www.coolepark.ie\/wp-content\/uploads\/2017\/05\/RedSquirrel.jpg\" rel=\"prettyPhoto[pp_gal]\"><img decoding=\"async\" src=\"https:\/\/www.coolepark.ie\/wp-content\/uploads\/2017\/05\/RedSquirrel.jpg\" alt=\"Enlarge Red Squirrel in Tree\" \/><\/a>\n            <\/li><\/ul><\/div><div class=\"clear\"><\/div><\/div>\n","protected":false},"excerpt":{"rendered":"<p>F\u00e9ach th\u00edos rogha \u00edomh\u00e1nna \u00f3 Ph\u00e1irc na C\u00faile<\/p>\n","protected":false},"author":3,"featured_media":0,"parent":0,"menu_order":0,"comment_status":"closed","ping_status":"closed","template":"full-width.php","meta":{"footnotes":""},"class_list":["post-1397","page","type-page","status-publish","hentry"],"yoast_head":"<!-- This site is optimized with the Yoast SEO plugin v27.5 - https:\/\/yoast.com\/product\/yoast-seo-wordpress\/ -->\n<title>Gaileara\u00ed - Anaclann D\u00falra Ph\u00e1irc na C\u00faile<\/title>\n<meta name=\"robots\" content=\"index, follow, max-snippet:-1, max-image-preview:large, max-video-preview:-1\" \/>\n<link rel=\"canonical\" href=\"https:\/\/www.coolepark.ie\/ga\/gailearai\/\" \/>\n<meta property=\"og:locale\" content=\"ga_IE\" \/>\n<meta property=\"og:type\" content=\"article\" \/>\n<meta property=\"og:title\" content=\"Gaileara\u00ed - Anaclann D\u00falra Ph\u00e1irc na C\u00faile\" \/>\n<meta property=\"og:description\" content=\"F\u00e9ach th\u00edos rogha \u00edomh\u00e1nna \u00f3 Ph\u00e1irc na C\u00faile\" \/>\n<meta property=\"og:url\" content=\"https:\/\/www.coolepark.ie\/ga\/gailearai\/\" \/>\n<meta property=\"og:site_name\" content=\"Anaclann D\u00falra Ph\u00e1irc na C\u00faile\" \/>\n<meta property=\"article:publisher\" content=\"https:\/\/www.facebook.com\/coolegarrylandnaturereserve\" \/>\n<meta name=\"twitter:card\" content=\"summary_large_image\" \/>\n<meta name=\"twitter:site\" content=\"@DeptHousingIRL\" \/>\n<script type=\"application\/ld+json\" class=\"yoast-schema-graph\">{\"@context\":\"https:\\\/\\\/schema.org\",\"@graph\":[{\"@type\":\"WebPage\",\"@id\":\"https:\\\/\\\/www.coolepark.ie\\\/ga\\\/gailearai\\\/\",\"url\":\"https:\\\/\\\/www.coolepark.ie\\\/ga\\\/gailearai\\\/\",\"name\":\"Gaileara\u00ed - Anaclann D\u00falra Ph\u00e1irc na C\u00faile\",\"isPartOf\":{\"@id\":\"https:\\\/\\\/www.coolepark.ie\\\/ga\\\/#website\"},\"datePublished\":\"2021-11-17T15:04:36+00:00\",\"breadcrumb\":{\"@id\":\"https:\\\/\\\/www.coolepark.ie\\\/ga\\\/gailearai\\\/#breadcrumb\"},\"inLanguage\":\"ga-IE\",\"potentialAction\":[{\"@type\":\"ReadAction\",\"target\":[\"https:\\\/\\\/www.coolepark.ie\\\/ga\\\/gailearai\\\/\"]}]},{\"@type\":\"BreadcrumbList\",\"@id\":\"https:\\\/\\\/www.coolepark.ie\\\/ga\\\/gailearai\\\/#breadcrumb\",\"itemListElement\":[{\"@type\":\"ListItem\",\"position\":1,\"name\":\"Home\",\"item\":\"https:\\\/\\\/www.coolepark.ie\\\/ga\\\/\"},{\"@type\":\"ListItem\",\"position\":2,\"name\":\"Gaileara\u00ed\"}]},{\"@type\":\"WebSite\",\"@id\":\"https:\\\/\\\/www.coolepark.ie\\\/ga\\\/#website\",\"url\":\"https:\\\/\\\/www.coolepark.ie\\\/ga\\\/\",\"name\":\"Anaclann D\u00falra Ph\u00e1irc na C\u00faile\",\"description\":\"\",\"potentialAction\":[{\"@type\":\"SearchAction\",\"target\":{\"@type\":\"EntryPoint\",\"urlTemplate\":\"https:\\\/\\\/www.coolepark.ie\\\/ga\\\/?s={search_term_string}\"},\"query-input\":{\"@type\":\"PropertyValueSpecification\",\"valueRequired\":true,\"valueName\":\"search_term_string\"}}],\"inLanguage\":\"ga-IE\"}]}<\/script>\n<!-- \/ Yoast SEO plugin. -->","yoast_head_json":{"title":"Gaileara\u00ed - Anaclann D\u00falra Ph\u00e1irc na C\u00faile","robots":{"index":"index","follow":"follow","max-snippet":"max-snippet:-1","max-image-preview":"max-image-preview:large","max-video-preview":"max-video-preview:-1"},"canonical":"https:\/\/www.coolepark.ie\/ga\/gailearai\/","og_locale":"ga_IE","og_type":"article","og_title":"Gaileara\u00ed - Anaclann D\u00falra Ph\u00e1irc na C\u00faile","og_description":"F\u00e9ach th\u00edos rogha \u00edomh\u00e1nna \u00f3 Ph\u00e1irc na C\u00faile","og_url":"https:\/\/www.coolepark.ie\/ga\/gailearai\/","og_site_name":"Anaclann D\u00falra Ph\u00e1irc na C\u00faile","article_publisher":"https:\/\/www.facebook.com\/coolegarrylandnaturereserve","twitter_card":"summary_large_image","twitter_site":"@DeptHousingIRL","schema":{"@context":"https:\/\/schema.org","@graph":[{"@type":"WebPage","@id":"https:\/\/www.coolepark.ie\/ga\/gailearai\/","url":"https:\/\/www.coolepark.ie\/ga\/gailearai\/","name":"Gaileara\u00ed - Anaclann D\u00falra Ph\u00e1irc na C\u00faile","isPartOf":{"@id":"https:\/\/www.coolepark.ie\/ga\/#website"},"datePublished":"2021-11-17T15:04:36+00:00","breadcrumb":{"@id":"https:\/\/www.coolepark.ie\/ga\/gailearai\/#breadcrumb"},"inLanguage":"ga-IE","potentialAction":[{"@type":"ReadAction","target":["https:\/\/www.coolepark.ie\/ga\/gailearai\/"]}]},{"@type":"BreadcrumbList","@id":"https:\/\/www.coolepark.ie\/ga\/gailearai\/#breadcrumb","itemListElement":[{"@type":"ListItem","position":1,"name":"Home","item":"https:\/\/www.coolepark.ie\/ga\/"},{"@type":"ListItem","position":2,"name":"Gaileara\u00ed"}]},{"@type":"WebSite","@id":"https:\/\/www.coolepark.ie\/ga\/#website","url":"https:\/\/www.coolepark.ie\/ga\/","name":"Anaclann D\u00falra Ph\u00e1irc na C\u00faile","description":"","potentialAction":[{"@type":"SearchAction","target":{"@type":"EntryPoint","urlTemplate":"https:\/\/www.coolepark.ie\/ga\/?s={search_term_string}"},"query-input":{"@type":"PropertyValueSpecification","valueRequired":true,"valueName":"search_term_string"}}],"inLanguage":"ga-IE"}]}},"_links":{"self":[{"href":"https:\/\/www.coolepark.ie\/ga\/wp-json\/wp\/v2\/pages\/1397","targetHints":{"allow":["GET"]}}],"collection":[{"href":"https:\/\/www.coolepark.ie\/ga\/wp-json\/wp\/v2\/pages"}],"about":[{"href":"https:\/\/www.coolepark.ie\/ga\/wp-json\/wp\/v2\/types\/page"}],"author":[{"embeddable":true,"href":"https:\/\/www.coolepark.ie\/ga\/wp-json\/wp\/v2\/users\/3"}],"replies":[{"embeddable":true,"href":"https:\/\/www.coolepark.ie\/ga\/wp-json\/wp\/v2\/comments?post=1397"}],"version-history":[{"count":0,"href":"https:\/\/www.coolepark.ie\/ga\/wp-json\/wp\/v2\/pages\/1397\/revisions"}],"wp:attachment":[{"href":"https:\/\/www.coolepark.ie\/ga\/wp-json\/wp\/v2\/media?parent=1397"}],"curies":[{"name":"wp","href":"https:\/\/api.w.org\/{rel}","templated":true}]}}