{"id":1398,"date":"2019-05-24T10:45:32","date_gmt":"2019-05-24T10:45:32","guid":{"rendered":"https:\/\/www.coolepark.ie\/seomrai-tae-phairc-na-cuile\/"},"modified":"2023-09-01T11:56:42","modified_gmt":"2023-09-01T11:56:42","slug":"seomrai-tae-phairc-na-cuile","status":"publish","type":"page","link":"https:\/\/www.coolepark.ie\/ga\/seomrai-tae-phairc-na-cuile\/","title":{"rendered":"Seomra\u00ed Tae Ph\u00e1irc na C\u00faile"},"content":{"rendered":"<p><img loading=\"lazy\" decoding=\"async\" class=\"aligncenter wp-image-748\" src=\"https:\/\/www.coolepark.ie\/wp-content\/uploads\/2019\/09\/IMG-20190912-WA0001-300x225.jpg\" alt=\"Comhartha Seomra\u00ed Tae Ph\u00e1irc na C\u00faile\" width=\"390\" height=\"294\" srcset=\"https:\/\/www.coolepark.ie\/wp-content\/uploads\/2019\/09\/IMG-20190912-WA0001-300x225.jpg 300w, https:\/\/www.coolepark.ie\/wp-content\/uploads\/2019\/09\/IMG-20190912-WA0001-768x576.jpg 768w, https:\/\/www.coolepark.ie\/wp-content\/uploads\/2019\/09\/IMG-20190912-WA0001.jpg 1024w\" sizes=\"auto, (max-width: 390px) 100vw, 390px\" \/> C\u00f3caireacht \u00e1iti\u00fail, sh\u00e9as\u00farach. Rogha beag b\u00e9il\u00ed veigeat\u00f3racha, \u00e9isc agus feola. Caife \u00fardh\u00e9anta agus b\u00e1c\u00e1il bhaile.<\/p>\n<p style=\"padding-left: 40px;\"><img loading=\"lazy\" decoding=\"async\" class=\"alignnone wp-image-751\" src=\"https:\/\/www.coolepark.ie\/wp-content\/uploads\/2019\/09\/IMG-20190912-WA0003-279x300.jpg\" alt=\"B\u00e9ile ag am L\u00f3in i Seomra\u00ed Tae Ph\u00e1irc na C\u00faile\" width=\"217\" height=\"233\" srcset=\"https:\/\/www.coolepark.ie\/wp-content\/uploads\/2019\/09\/IMG-20190912-WA0003-279x300.jpg 279w, https:\/\/www.coolepark.ie\/wp-content\/uploads\/2019\/09\/IMG-20190912-WA0003-768x827.jpg 768w, https:\/\/www.coolepark.ie\/wp-content\/uploads\/2019\/09\/IMG-20190912-WA0003-253x272.jpg 253w, https:\/\/www.coolepark.ie\/wp-content\/uploads\/2019\/09\/IMG-20190912-WA0003.jpg 951w\" sizes=\"auto, (max-width: 217px) 100vw, 217px\" \/> <img loading=\"lazy\" decoding=\"async\" class=\"alignnone wp-image-752\" src=\"https:\/\/www.coolepark.ie\/wp-content\/uploads\/2019\/09\/IMG-20190912-WA0004-300x300.jpg\" alt=\"B\u00e9ile ag am L\u00f3in i Seomra\u00ed Tae Ph\u00e1irc na C\u00faile\" width=\"233\" height=\"233\" srcset=\"https:\/\/www.coolepark.ie\/wp-content\/uploads\/2019\/09\/IMG-20190912-WA0004-300x300.jpg 300w, https:\/\/www.coolepark.ie\/wp-content\/uploads\/2019\/09\/IMG-20190912-WA0004-150x150.jpg 150w, https:\/\/www.coolepark.ie\/wp-content\/uploads\/2019\/09\/IMG-20190912-WA0004-768x768.jpg 768w, https:\/\/www.coolepark.ie\/wp-content\/uploads\/2019\/09\/IMG-20190912-WA0004-272x272.jpg 272w, https:\/\/www.coolepark.ie\/wp-content\/uploads\/2019\/09\/IMG-20190912-WA0004.jpg 1024w\" sizes=\"auto, (max-width: 233px) 100vw, 233px\" \/>  <img loading=\"lazy\" decoding=\"async\" class=\"alignnone wp-image-754\" src=\"https:\/\/www.coolepark.ie\/wp-content\/uploads\/2019\/09\/IMG-20190912-WA0006-225x300.jpg\" alt=\"B\u00e9ile ag am L\u00f3in i Seomra\u00ed Tae Ph\u00e1irc na C\u00faile\" width=\"175\" height=\"234\" srcset=\"https:\/\/www.coolepark.ie\/wp-content\/uploads\/2019\/09\/IMG-20190912-WA0006-225x300.jpg 225w, https:\/\/www.coolepark.ie\/wp-content\/uploads\/2019\/09\/IMG-20190912-WA0006.jpg 768w, https:\/\/www.coolepark.ie\/wp-content\/uploads\/2019\/09\/IMG-20190912-WA0006-204x272.jpg 204w\" sizes=\"auto, (max-width: 175px) 100vw, 175px\" \/><\/p>\n<p><img loading=\"lazy\" decoding=\"async\" class=\"alignright wp-image-703 size-medium\" src=\"https:\/\/www.coolepark.ie\/wp-content\/uploads\/2019\/08\/cake-169x300.jpg\" alt=\"C\u00edste c\u00e1ise i Seomra\u00ed Tae Ph\u00e1irc na C\u00faile\" width=\"169\" height=\"300\" srcset=\"https:\/\/www.coolepark.ie\/wp-content\/uploads\/2019\/08\/cake-169x300.jpg 169w, https:\/\/www.coolepark.ie\/wp-content\/uploads\/2019\/08\/cake-768x1365.jpg 768w, https:\/\/www.coolepark.ie\/wp-content\/uploads\/2019\/08\/cake-153x272.jpg 153w, https:\/\/www.coolepark.ie\/wp-content\/uploads\/2019\/08\/cake.jpg 1836w\" sizes=\"auto, (max-width: 169px) 100vw, 169px\" \/><\/p>\n<hr>\n<p>T\u00e1 Seomra\u00ed Tae Ph\u00e1irc na C\u00faile suite in aice leis an ionad cuairteoir\u00ed taobh leis an bpr\u00edomh-charrchl\u00f3s, agus t\u00e1 ceann de na st\u00e1bla\u00ed bunaidh in \u00fas\u00e1id mar chuid d\u00edobh<em>(f\u00e9ach <a href=\"https:\/\/www.coolepark.ie\/ga\/stair\/foirgnimh-agus-taisi\/\">Foirgnimh agus Iarsma\u00ed<\/a> faoin gcuid Stair chun tuilleadh eolais a fh\u00e1il)<\/em>.<\/p>\n<p style=\"text-align: left;\"><strong>Amanna Oscailte faoi l\u00e1thair: <\/strong><\/p>\n<p><strong>Ar oscailt gach l\u00e1 10am\u2013 5pm <\/strong><\/p>\n<p><strong>F\u00e9ach leathanach Facebook Seomra\u00ed Tae Ph\u00e1irc na C\u00faile le haghaidh nuashonruithe.<\/strong><\/p>\n<p><strong>Sonra\u00ed Teagmh\u00e1la:<\/strong> Teileaf\u00f3n: 091 631 669 R\u00edomhphost: cooleparktearooms@gmail.com Facebook: <a href=\"https:\/\/www.facebook.com\/CooleParkTearooms\/\">https:\/\/www.facebook.com\/CooleParkTearooms\/<\/a> <img loading=\"lazy\" decoding=\"async\" class=\"alignnone wp-image-756\" src=\"https:\/\/www.coolepark.ie\/wp-content\/uploads\/2019\/09\/IMG-20190912-WA0008-300x225.jpg\" alt=\"Ionad Cuairteoir\u00ed Ph\u00e1irc na C\u00faile agus Seomra\u00ed Tae\" width=\"177\" height=\"133\" srcset=\"https:\/\/www.coolepark.ie\/wp-content\/uploads\/2019\/09\/IMG-20190912-WA0008-300x225.jpg 300w, https:\/\/www.coolepark.ie\/wp-content\/uploads\/2019\/09\/IMG-20190912-WA0008-768x576.jpg 768w, https:\/\/www.coolepark.ie\/wp-content\/uploads\/2019\/09\/IMG-20190912-WA0008-363x272.jpg 363w, https:\/\/www.coolepark.ie\/wp-content\/uploads\/2019\/09\/IMG-20190912-WA0008.jpg 1024w\" sizes=\"auto, (max-width: 177px) 100vw, 177px\" \/> <img loading=\"lazy\" decoding=\"async\" class=\"alignnone wp-image-750\" src=\"https:\/\/www.coolepark.ie\/wp-content\/uploads\/2019\/09\/IMG-20190912-WA0002-300x225.jpg\" alt=\"Rogha C\u00e1ca\u00ed i Seomra\u00ed Tae Ph\u00e1irc na C\u00faile\" width=\"177\" height=\"132\" srcset=\"https:\/\/www.coolepark.ie\/wp-content\/uploads\/2019\/09\/IMG-20190912-WA0002-300x225.jpg 300w, https:\/\/www.coolepark.ie\/wp-content\/uploads\/2019\/09\/IMG-20190912-WA0002-768x576.jpg 768w, https:\/\/www.coolepark.ie\/wp-content\/uploads\/2019\/09\/IMG-20190912-WA0002-363x272.jpg 363w, https:\/\/www.coolepark.ie\/wp-content\/uploads\/2019\/09\/IMG-20190912-WA0002.jpg 1024w\" sizes=\"auto, (max-width: 177px) 100vw, 177px\" \/><\/p>\n","protected":false},"excerpt":{"rendered":"<p>C\u00f3caireacht \u00e1iti\u00fail, sh\u00e9as\u00farach. Rogha beag b\u00e9il\u00ed veigeat\u00f3racha, \u00e9isc agus feola. Caife \u00fardh\u00e9anta agus b\u00e1c\u00e1il bhaile. T\u00e1 Seomra\u00ed Tae Ph\u00e1irc na C\u00faile suite in aice leis an ionad cuairteoir\u00ed taobh leis an bpr\u00edomh-charrchl\u00f3s, agus t\u00e1 ceann de na st\u00e1bla\u00ed bunaidh in \u00fas\u00e1id mar chuid d\u00edobh(f\u00e9ach Foirgnimh agus Iarsma\u00ed faoin gcuid Stair chun tuilleadh eolais a fh\u00e1il).&hellip; <a class=\"continue\" href=\"https:\/\/www.coolepark.ie\/ga\/seomrai-tae-phairc-na-cuile\/\">Read More<span> Seomra\u00ed Tae Ph\u00e1irc na C\u00faile<\/span><\/a><\/p>\n","protected":false},"author":3,"featured_media":1269,"parent":0,"menu_order":15,"comment_status":"closed","ping_status":"closed","template":"no-sidebar.php","meta":{"footnotes":""},"class_list":["post-1398","page","type-page","status-publish","has-post-thumbnail","hentry"],"yoast_head":"<!-- This site is optimized with the Yoast SEO plugin v27.5 - https:\/\/yoast.com\/product\/yoast-seo-wordpress\/ -->\n<title>Seomra\u00ed Tae Ph\u00e1irc na C\u00faile - Anaclann D\u00falra Ph\u00e1irc na C\u00faile<\/title>\n<meta name=\"robots\" content=\"index, follow, max-snippet:-1, max-image-preview:large, max-video-preview:-1\" \/>\n<link rel=\"canonical\" href=\"https:\/\/www.coolepark.ie\/ga\/seomrai-tae-phairc-na-cuile\/\" \/>\n<meta property=\"og:locale\" content=\"ga_IE\" \/>\n<meta property=\"og:type\" content=\"article\" \/>\n<meta property=\"og:title\" content=\"Seomra\u00ed Tae Ph\u00e1irc na C\u00faile - Anaclann D\u00falra Ph\u00e1irc na C\u00faile\" \/>\n<meta property=\"og:description\" content=\"C\u00f3caireacht \u00e1iti\u00fail, sh\u00e9as\u00farach. Rogha beag b\u00e9il\u00ed veigeat\u00f3racha, \u00e9isc agus feola. Caife \u00fardh\u00e9anta agus b\u00e1c\u00e1il bhaile. T\u00e1 Seomra\u00ed Tae Ph\u00e1irc na C\u00faile suite in aice leis an ionad cuairteoir\u00ed taobh leis an bpr\u00edomh-charrchl\u00f3s, agus t\u00e1 ceann de na st\u00e1bla\u00ed bunaidh in \u00fas\u00e1id mar chuid d\u00edobh(f\u00e9ach Foirgnimh agus Iarsma\u00ed faoin gcuid Stair chun tuilleadh eolais a fh\u00e1il).&hellip; Read More Seomra\u00ed Tae Ph\u00e1irc na C\u00faile\" \/>\n<meta property=\"og:url\" content=\"https:\/\/www.coolepark.ie\/ga\/seomrai-tae-phairc-na-cuile\/\" \/>\n<meta property=\"og:site_name\" content=\"Anaclann D\u00falra Ph\u00e1irc na C\u00faile\" \/>\n<meta property=\"article:publisher\" content=\"https:\/\/www.facebook.com\/coolegarrylandnaturereserve\" \/>\n<meta property=\"article:modified_time\" content=\"2023-09-01T11:56:42+00:00\" \/>\n<meta property=\"og:image\" content=\"https:\/\/www.coolepark.ie\/wp-content\/uploads\/2019\/06\/Visitor-Centre-e1559576673782.jpg\" \/>\n\t<meta property=\"og:image:width\" content=\"948\" \/>\n\t<meta property=\"og:image:height\" content=\"272\" \/>\n\t<meta property=\"og:image:type\" content=\"image\/jpeg\" \/>\n<meta name=\"twitter:card\" content=\"summary_large_image\" \/>\n<meta name=\"twitter:site\" content=\"@DeptHousingIRL\" \/>\n<meta name=\"twitter:label1\" content=\"Est. reading time\" \/>\n\t<meta name=\"twitter:data1\" content=\"1 minute\" \/>\n<script type=\"application\/ld+json\" class=\"yoast-schema-graph\">{\"@context\":\"https:\\\/\\\/schema.org\",\"@graph\":[{\"@type\":\"WebPage\",\"@id\":\"https:\\\/\\\/www.coolepark.ie\\\/ga\\\/seomrai-tae-phairc-na-cuile\\\/\",\"url\":\"https:\\\/\\\/www.coolepark.ie\\\/ga\\\/seomrai-tae-phairc-na-cuile\\\/\",\"name\":\"Seomra\u00ed Tae Ph\u00e1irc na C\u00faile - Anaclann D\u00falra Ph\u00e1irc na C\u00faile\",\"isPartOf\":{\"@id\":\"https:\\\/\\\/www.coolepark.ie\\\/ga\\\/#website\"},\"primaryImageOfPage\":{\"@id\":\"https:\\\/\\\/www.coolepark.ie\\\/ga\\\/seomrai-tae-phairc-na-cuile\\\/#primaryimage\"},\"image\":{\"@id\":\"https:\\\/\\\/www.coolepark.ie\\\/ga\\\/seomrai-tae-phairc-na-cuile\\\/#primaryimage\"},\"thumbnailUrl\":\"https:\\\/\\\/www.coolepark.ie\\\/wp-content\\\/uploads\\\/2019\\\/06\\\/Visitor-Centre-e1559576673782.jpg\",\"datePublished\":\"2019-05-24T10:45:32+00:00\",\"dateModified\":\"2023-09-01T11:56:42+00:00\",\"breadcrumb\":{\"@id\":\"https:\\\/\\\/www.coolepark.ie\\\/ga\\\/seomrai-tae-phairc-na-cuile\\\/#breadcrumb\"},\"inLanguage\":\"ga-IE\",\"potentialAction\":[{\"@type\":\"ReadAction\",\"target\":[\"https:\\\/\\\/www.coolepark.ie\\\/ga\\\/seomrai-tae-phairc-na-cuile\\\/\"]}]},{\"@type\":\"ImageObject\",\"inLanguage\":\"ga-IE\",\"@id\":\"https:\\\/\\\/www.coolepark.ie\\\/ga\\\/seomrai-tae-phairc-na-cuile\\\/#primaryimage\",\"url\":\"https:\\\/\\\/www.coolepark.ie\\\/wp-content\\\/uploads\\\/2019\\\/06\\\/Visitor-Centre-e1559576673782.jpg\",\"contentUrl\":\"https:\\\/\\\/www.coolepark.ie\\\/wp-content\\\/uploads\\\/2019\\\/06\\\/Visitor-Centre-e1559576673782.jpg\",\"width\":948,\"height\":272},{\"@type\":\"BreadcrumbList\",\"@id\":\"https:\\\/\\\/www.coolepark.ie\\\/ga\\\/seomrai-tae-phairc-na-cuile\\\/#breadcrumb\",\"itemListElement\":[{\"@type\":\"ListItem\",\"position\":1,\"name\":\"Home\",\"item\":\"https:\\\/\\\/www.coolepark.ie\\\/ga\\\/\"},{\"@type\":\"ListItem\",\"position\":2,\"name\":\"Seomra\u00ed Tae Ph\u00e1irc na C\u00faile\"}]},{\"@type\":\"WebSite\",\"@id\":\"https:\\\/\\\/www.coolepark.ie\\\/ga\\\/#website\",\"url\":\"https:\\\/\\\/www.coolepark.ie\\\/ga\\\/\",\"name\":\"Anaclann D\u00falra Ph\u00e1irc na C\u00faile\",\"description\":\"\",\"potentialAction\":[{\"@type\":\"SearchAction\",\"target\":{\"@type\":\"EntryPoint\",\"urlTemplate\":\"https:\\\/\\\/www.coolepark.ie\\\/ga\\\/?s={search_term_string}\"},\"query-input\":{\"@type\":\"PropertyValueSpecification\",\"valueRequired\":true,\"valueName\":\"search_term_string\"}}],\"inLanguage\":\"ga-IE\"}]}<\/script>\n<!-- \/ Yoast SEO plugin. -->","yoast_head_json":{"title":"Seomra\u00ed Tae Ph\u00e1irc na C\u00faile - Anaclann D\u00falra Ph\u00e1irc na C\u00faile","robots":{"index":"index","follow":"follow","max-snippet":"max-snippet:-1","max-image-preview":"max-image-preview:large","max-video-preview":"max-video-preview:-1"},"canonical":"https:\/\/www.coolepark.ie\/ga\/seomrai-tae-phairc-na-cuile\/","og_locale":"ga_IE","og_type":"article","og_title":"Seomra\u00ed Tae Ph\u00e1irc na C\u00faile - Anaclann D\u00falra Ph\u00e1irc na C\u00faile","og_description":"C\u00f3caireacht \u00e1iti\u00fail, sh\u00e9as\u00farach. Rogha beag b\u00e9il\u00ed veigeat\u00f3racha, \u00e9isc agus feola. Caife \u00fardh\u00e9anta agus b\u00e1c\u00e1il bhaile. T\u00e1 Seomra\u00ed Tae Ph\u00e1irc na C\u00faile suite in aice leis an ionad cuairteoir\u00ed taobh leis an bpr\u00edomh-charrchl\u00f3s, agus t\u00e1 ceann de na st\u00e1bla\u00ed bunaidh in \u00fas\u00e1id mar chuid d\u00edobh(f\u00e9ach Foirgnimh agus Iarsma\u00ed faoin gcuid Stair chun tuilleadh eolais a fh\u00e1il).&hellip; Read More Seomra\u00ed Tae Ph\u00e1irc na C\u00faile","og_url":"https:\/\/www.coolepark.ie\/ga\/seomrai-tae-phairc-na-cuile\/","og_site_name":"Anaclann D\u00falra Ph\u00e1irc na C\u00faile","article_publisher":"https:\/\/www.facebook.com\/coolegarrylandnaturereserve","article_modified_time":"2023-09-01T11:56:42+00:00","og_image":[{"width":948,"height":272,"url":"https:\/\/www.coolepark.ie\/wp-content\/uploads\/2019\/06\/Visitor-Centre-e1559576673782.jpg","type":"image\/jpeg"}],"twitter_card":"summary_large_image","twitter_site":"@DeptHousingIRL","twitter_misc":{"Est. reading time":"1 minute"},"schema":{"@context":"https:\/\/schema.org","@graph":[{"@type":"WebPage","@id":"https:\/\/www.coolepark.ie\/ga\/seomrai-tae-phairc-na-cuile\/","url":"https:\/\/www.coolepark.ie\/ga\/seomrai-tae-phairc-na-cuile\/","name":"Seomra\u00ed Tae Ph\u00e1irc na C\u00faile - Anaclann D\u00falra Ph\u00e1irc na C\u00faile","isPartOf":{"@id":"https:\/\/www.coolepark.ie\/ga\/#website"},"primaryImageOfPage":{"@id":"https:\/\/www.coolepark.ie\/ga\/seomrai-tae-phairc-na-cuile\/#primaryimage"},"image":{"@id":"https:\/\/www.coolepark.ie\/ga\/seomrai-tae-phairc-na-cuile\/#primaryimage"},"thumbnailUrl":"https:\/\/www.coolepark.ie\/wp-content\/uploads\/2019\/06\/Visitor-Centre-e1559576673782.jpg","datePublished":"2019-05-24T10:45:32+00:00","dateModified":"2023-09-01T11:56:42+00:00","breadcrumb":{"@id":"https:\/\/www.coolepark.ie\/ga\/seomrai-tae-phairc-na-cuile\/#breadcrumb"},"inLanguage":"ga-IE","potentialAction":[{"@type":"ReadAction","target":["https:\/\/www.coolepark.ie\/ga\/seomrai-tae-phairc-na-cuile\/"]}]},{"@type":"ImageObject","inLanguage":"ga-IE","@id":"https:\/\/www.coolepark.ie\/ga\/seomrai-tae-phairc-na-cuile\/#primaryimage","url":"https:\/\/www.coolepark.ie\/wp-content\/uploads\/2019\/06\/Visitor-Centre-e1559576673782.jpg","contentUrl":"https:\/\/www.coolepark.ie\/wp-content\/uploads\/2019\/06\/Visitor-Centre-e1559576673782.jpg","width":948,"height":272},{"@type":"BreadcrumbList","@id":"https:\/\/www.coolepark.ie\/ga\/seomrai-tae-phairc-na-cuile\/#breadcrumb","itemListElement":[{"@type":"ListItem","position":1,"name":"Home","item":"https:\/\/www.coolepark.ie\/ga\/"},{"@type":"ListItem","position":2,"name":"Seomra\u00ed Tae Ph\u00e1irc na C\u00faile"}]},{"@type":"WebSite","@id":"https:\/\/www.coolepark.ie\/ga\/#website","url":"https:\/\/www.coolepark.ie\/ga\/","name":"Anaclann D\u00falra Ph\u00e1irc na C\u00faile","description":"","potentialAction":[{"@type":"SearchAction","target":{"@type":"EntryPoint","urlTemplate":"https:\/\/www.coolepark.ie\/ga\/?s={search_term_string}"},"query-input":{"@type":"PropertyValueSpecification","valueRequired":true,"valueName":"search_term_string"}}],"inLanguage":"ga-IE"}]}},"_links":{"self":[{"href":"https:\/\/www.coolepark.ie\/ga\/wp-json\/wp\/v2\/pages\/1398","targetHints":{"allow":["GET"]}}],"collection":[{"href":"https:\/\/www.coolepark.ie\/ga\/wp-json\/wp\/v2\/pages"}],"about":[{"href":"https:\/\/www.coolepark.ie\/ga\/wp-json\/wp\/v2\/types\/page"}],"author":[{"embeddable":true,"href":"https:\/\/www.coolepark.ie\/ga\/wp-json\/wp\/v2\/users\/3"}],"replies":[{"embeddable":true,"href":"https:\/\/www.coolepark.ie\/ga\/wp-json\/wp\/v2\/comments?post=1398"}],"version-history":[{"count":3,"href":"https:\/\/www.coolepark.ie\/ga\/wp-json\/wp\/v2\/pages\/1398\/revisions"}],"predecessor-version":[{"id":1684,"href":"https:\/\/www.coolepark.ie\/ga\/wp-json\/wp\/v2\/pages\/1398\/revisions\/1684"}],"wp:featuredmedia":[{"embeddable":true,"href":"https:\/\/www.coolepark.ie\/ga\/wp-json\/wp\/v2\/media\/1269"}],"wp:attachment":[{"href":"https:\/\/www.coolepark.ie\/ga\/wp-json\/wp\/v2\/media?parent=1398"}],"curies":[{"name":"wp","href":"https:\/\/api.w.org\/{rel}","templated":true}]}}