{"id":1399,"date":"2017-05-08T16:26:34","date_gmt":"2017-05-08T16:26:34","guid":{"rendered":"https:\/\/www.coolepark.ie\/gailearai-2\/"},"modified":"2017-05-08T16:26:34","modified_gmt":"2017-05-08T16:26:34","slug":"gailearai-2","status":"publish","type":"page","link":"https:\/\/www.coolepark.ie\/ga\/gailearai-2\/","title":{"rendered":"Gaileara\u00ed"},"content":{"rendered":"<p><img loading=\"lazy\" decoding=\"async\" class=\"alignnone wp-image-313 size-medium\" src=\"https:\/\/www.coolepark.ie\/wp-content\/uploads\/2018\/07\/7-woods-path-3-225x300.jpg\" alt=\"Coillte na C\u00faile\" width=\"225\" height=\"300\" srcset=\"https:\/\/www.coolepark.ie\/wp-content\/uploads\/2018\/07\/7-woods-path-3-225x300.jpg 225w, https:\/\/www.coolepark.ie\/wp-content\/uploads\/2018\/07\/7-woods-path-3.jpg 648w\" sizes=\"auto, (max-width: 225px) 100vw, 225px\" \/><img loading=\"lazy\" decoding=\"async\" class=\"alignnone wp-image-318 size-medium\" src=\"https:\/\/www.coolepark.ie\/wp-content\/uploads\/2018\/07\/Black-moss-MP-2-225x300.jpg\" alt=\"Loch na C\u00faile\" width=\"225\" height=\"300\" srcset=\"https:\/\/www.coolepark.ie\/wp-content\/uploads\/2018\/07\/Black-moss-MP-2-225x300.jpg 225w, https:\/\/www.coolepark.ie\/wp-content\/uploads\/2018\/07\/Black-moss-MP-2.jpg 426w\" sizes=\"auto, (max-width: 225px) 100vw, 225px\" \/><img loading=\"lazy\" decoding=\"async\" class=\"alignnone wp-image-321 size-medium\" src=\"https:\/\/www.coolepark.ie\/wp-content\/uploads\/2018\/07\/Autograph-Tree-s-225x300.jpg\" alt=\"Crann S\u00edni\u00fach\u00e1in\" width=\"225\" height=\"300\" srcset=\"https:\/\/www.coolepark.ie\/wp-content\/uploads\/2018\/07\/Autograph-Tree-s-225x300.jpg 225w, https:\/\/www.coolepark.ie\/wp-content\/uploads\/2018\/07\/Autograph-Tree-s.jpg 750w\" sizes=\"auto, (max-width: 225px) 100vw, 225px\" \/><img loading=\"lazy\" decoding=\"async\" class=\"alignnone wp-image-335 size-medium\" src=\"https:\/\/www.coolepark.ie\/wp-content\/uploads\/2018\/07\/Lime-Kiln-RS-crop-s-300x205.jpg\" alt=\"\u00c1itheanna Aoil\" width=\"300\" height=\"205\" srcset=\"https:\/\/www.coolepark.ie\/wp-content\/uploads\/2018\/07\/Lime-Kiln-RS-crop-s-300x205.jpg 300w, https:\/\/www.coolepark.ie\/wp-content\/uploads\/2018\/07\/Lime-Kiln-RS-crop-s-768x524.jpg 768w, https:\/\/www.coolepark.ie\/wp-content\/uploads\/2018\/07\/Lime-Kiln-RS-crop-s.jpg 862w\" sizes=\"auto, (max-width: 300px) 100vw, 300px\" \/><\/p>\n<p><img loading=\"lazy\" decoding=\"async\" class=\"alignnone wp-image-350 size-medium\" src=\"https:\/\/www.coolepark.ie\/wp-content\/uploads\/2018\/07\/VC-outside-view-up-path-300x225.jpg\" alt=\"Ionad Cuairteoir\u00ed Ph\u00e1irc na C\u00faile\" width=\"300\" height=\"225\" srcset=\"https:\/\/www.coolepark.ie\/wp-content\/uploads\/2018\/07\/VC-outside-view-up-path-300x225.jpg 300w, https:\/\/www.coolepark.ie\/wp-content\/uploads\/2018\/07\/VC-outside-view-up-path-768x576.jpg 768w, https:\/\/www.coolepark.ie\/wp-content\/uploads\/2018\/07\/VC-outside-view-up-path-1024x768.jpg 1024w\" sizes=\"auto, (max-width: 300px) 100vw, 300px\" \/><img loading=\"lazy\" decoding=\"async\" class=\"alignnone wp-image-471 size-medium\" src=\"https:\/\/www.coolepark.ie\/wp-content\/uploads\/2019\/05\/POI_1_CooleVC-1-300x200.jpg\" alt=\"Ionad Cuairteoir\u00ed Ph\u00e1irc na C\u00faile\" width=\"300\" height=\"200\" srcset=\"https:\/\/www.coolepark.ie\/wp-content\/uploads\/2019\/05\/POI_1_CooleVC-1-300x200.jpg 300w, https:\/\/www.coolepark.ie\/wp-content\/uploads\/2019\/05\/POI_1_CooleVC-1-768x512.jpg 768w, https:\/\/www.coolepark.ie\/wp-content\/uploads\/2019\/05\/POI_1_CooleVC-1-1024x683.jpg 1024w\" sizes=\"auto, (max-width: 300px) 100vw, 300px\" \/><img loading=\"lazy\" decoding=\"async\" class=\"alignnone wp-image-195 size-medium\" src=\"https:\/\/www.coolepark.ie\/wp-content\/uploads\/2017\/08\/Magic-300x201.jpg\" alt=\"Coillte na C\u00faile\" width=\"300\" height=\"201\" srcset=\"https:\/\/www.coolepark.ie\/wp-content\/uploads\/2017\/08\/Magic-300x201.jpg 300w, https:\/\/www.coolepark.ie\/wp-content\/uploads\/2017\/08\/Magic-768x513.jpg 768w, https:\/\/www.coolepark.ie\/wp-content\/uploads\/2017\/08\/Magic-1024x684.jpg 1024w, https:\/\/www.coolepark.ie\/wp-content\/uploads\/2017\/08\/Magic.jpg 1378w\" sizes=\"auto, (max-width: 300px) 100vw, 300px\" \/><img loading=\"lazy\" decoding=\"async\" class=\"alignnone wp-image-86 size-medium\" src=\"https:\/\/www.coolepark.ie\/wp-content\/uploads\/2017\/05\/EntranceAveJS_700x300-300x129.png\" alt=\"Bealach isteach Ascaill\" width=\"300\" height=\"129\" srcset=\"https:\/\/www.coolepark.ie\/wp-content\/uploads\/2017\/05\/EntranceAveJS_700x300-300x129.png 300w, https:\/\/www.coolepark.ie\/wp-content\/uploads\/2017\/05\/EntranceAveJS_700x300.png 700w\" sizes=\"auto, (max-width: 300px) 100vw, 300px\" \/><img loading=\"lazy\" decoding=\"async\" class=\"alignnone wp-image-585 size-medium\" src=\"https:\/\/www.coolepark.ie\/wp-content\/uploads\/2019\/06\/P1000356-300x225.jpg\" alt=\"Gairleoige Fi\u00e1in\" width=\"300\" height=\"225\" srcset=\"https:\/\/www.coolepark.ie\/wp-content\/uploads\/2019\/06\/P1000356-300x225.jpg 300w, https:\/\/www.coolepark.ie\/wp-content\/uploads\/2019\/06\/P1000356-363x272.jpg 363w, https:\/\/www.coolepark.ie\/wp-content\/uploads\/2019\/06\/P1000356.jpg 400w\" sizes=\"auto, (max-width: 300px) 100vw, 300px\" \/><img loading=\"lazy\" decoding=\"async\" class=\"alignnone wp-image-183 size-medium\" src=\"https:\/\/www.coolepark.ie\/wp-content\/uploads\/2017\/07\/John20Scarry20mossy20wall20compressed1-300x201.jpg\" alt=\"Balla\" width=\"300\" height=\"201\"><img loading=\"lazy\" decoding=\"async\" class=\"alignnone wp-image-323 size-medium\" src=\"https:\/\/www.coolepark.ie\/wp-content\/uploads\/2018\/07\/Walled-garden-Maecenas-s-300x225.jpg\" alt=\"Garra\u00ed Daingean\" width=\"300\" height=\"225\" srcset=\"https:\/\/www.coolepark.ie\/wp-content\/uploads\/2018\/07\/Walled-garden-Maecenas-s-300x225.jpg 300w, https:\/\/www.coolepark.ie\/wp-content\/uploads\/2018\/07\/Walled-garden-Maecenas-s-768x576.jpg 768w, https:\/\/www.coolepark.ie\/wp-content\/uploads\/2018\/07\/Walled-garden-Maecenas-s.jpg 1000w\" sizes=\"auto, (max-width: 300px) 100vw, 300px\" \/><img loading=\"lazy\" decoding=\"async\" class=\"alignnone wp-image-333 size-medium\" src=\"https:\/\/www.coolepark.ie\/wp-content\/uploads\/2018\/07\/bluebells-2-s-300x225.jpg\" alt=\"Cloig\u00edn\u00ed Gorma sa Choill\" width=\"300\" height=\"225\" srcset=\"https:\/\/www.coolepark.ie\/wp-content\/uploads\/2018\/07\/bluebells-2-s-300x225.jpg 300w, https:\/\/www.coolepark.ie\/wp-content\/uploads\/2018\/07\/bluebells-2-s-768x576.jpg 768w, https:\/\/www.coolepark.ie\/wp-content\/uploads\/2018\/07\/bluebells-2-s.jpg 864w\" sizes=\"auto, (max-width: 300px) 100vw, 300px\" \/><img loading=\"lazy\" decoding=\"async\" class=\"alignnone wp-image-331 size-medium\" src=\"https:\/\/www.coolepark.ie\/wp-content\/uploads\/2018\/07\/photo-3-1crop-s-300x158.jpg\" alt=\"Turlach\" width=\"300\" height=\"158\"><img loading=\"lazy\" decoding=\"async\" class=\"alignnone wp-image-588 size-medium\" src=\"https:\/\/www.coolepark.ie\/wp-content\/uploads\/2019\/06\/Rose-Wall-Coole-Park-1-300x225.jpg\" alt=\"Balla R\u00f3s\" width=\"300\" height=\"225\"><img loading=\"lazy\" decoding=\"async\" class=\"alignnone wp-image-567 size-medium\" src=\"https:\/\/www.coolepark.ie\/wp-content\/uploads\/2019\/05\/Red-Deer-At-Cooole-Park-300x201.jpg\" alt=\"fianna rua\" width=\"300\" height=\"201\" srcset=\"https:\/\/www.coolepark.ie\/wp-content\/uploads\/2019\/05\/Red-Deer-At-Cooole-Park-300x201.jpg 300w, https:\/\/www.coolepark.ie\/wp-content\/uploads\/2019\/05\/Red-Deer-At-Cooole-Park-768x516.jpg 768w, https:\/\/www.coolepark.ie\/wp-content\/uploads\/2019\/05\/Red-Deer-At-Cooole-Park-1024x688.jpg 1024w\" sizes=\"auto, (max-width: 300px) 100vw, 300px\" \/><img loading=\"lazy\" decoding=\"async\" class=\"alignnone wp-image-573 size-medium\" src=\"https:\/\/www.coolepark.ie\/wp-content\/uploads\/2019\/05\/view-of-turlough-300x218.jpg\" alt=\"Turlach\" width=\"300\" height=\"218\" srcset=\"https:\/\/www.coolepark.ie\/wp-content\/uploads\/2019\/05\/view-of-turlough-300x218.jpg 300w, https:\/\/www.coolepark.ie\/wp-content\/uploads\/2019\/05\/view-of-turlough-768x557.jpg 768w, https:\/\/www.coolepark.ie\/wp-content\/uploads\/2019\/05\/view-of-turlough-1024x743.jpg 1024w, https:\/\/www.coolepark.ie\/wp-content\/uploads\/2019\/05\/view-of-turlough.jpg 1026w\" sizes=\"auto, (max-width: 300px) 100vw, 300px\" \/> <img loading=\"lazy\" decoding=\"async\" class=\"alignnone wp-image-337 size-medium\" src=\"https:\/\/www.coolepark.ie\/wp-content\/uploads\/2018\/07\/shelter-MP-s-300x225.jpg\" alt=\"D\u00eddean\" width=\"300\" height=\"225\" srcset=\"https:\/\/www.coolepark.ie\/wp-content\/uploads\/2018\/07\/shelter-MP-s-300x225.jpg 300w, https:\/\/www.coolepark.ie\/wp-content\/uploads\/2018\/07\/shelter-MP-s-768x576.jpg 768w, https:\/\/www.coolepark.ie\/wp-content\/uploads\/2018\/07\/shelter-MP-s.jpg 864w\" sizes=\"auto, (max-width: 300px) 100vw, 300px\" \/> <img loading=\"lazy\" decoding=\"async\" class=\"alignnone wp-image-322 size-medium\" src=\"https:\/\/www.coolepark.ie\/wp-content\/uploads\/2018\/07\/Coole-Walled-garden-picnic-area-August-2015-025-s-300x225.jpg\" alt=\"Limist\u00e9ar Picnic an Gharra\u00ed Daingin\" width=\"300\" height=\"225\" srcset=\"https:\/\/www.coolepark.ie\/wp-content\/uploads\/2018\/07\/Coole-Walled-garden-picnic-area-August-2015-025-s-300x225.jpg 300w, https:\/\/www.coolepark.ie\/wp-content\/uploads\/2018\/07\/Coole-Walled-garden-picnic-area-August-2015-025-s-768x576.jpg 768w, https:\/\/www.coolepark.ie\/wp-content\/uploads\/2018\/07\/Coole-Walled-garden-picnic-area-August-2015-025-s-1024x768.jpg 1024w, https:\/\/www.coolepark.ie\/wp-content\/uploads\/2018\/07\/Coole-Walled-garden-picnic-area-August-2015-025-s.jpg 1080w\" sizes=\"auto, (max-width: 300px) 100vw, 300px\" \/><img loading=\"lazy\" decoding=\"async\" class=\"alignnone wp-image-119 size-medium\" src=\"https:\/\/www.coolepark.ie\/wp-content\/uploads\/2017\/05\/Mallard-300x201.jpg\" alt=\"Mallard\" width=\"300\" height=\"201\" srcset=\"https:\/\/www.coolepark.ie\/wp-content\/uploads\/2017\/05\/Mallard-300x201.jpg 300w, https:\/\/www.coolepark.ie\/wp-content\/uploads\/2017\/05\/Mallard-768x514.jpg 768w, https:\/\/www.coolepark.ie\/wp-content\/uploads\/2017\/05\/Mallard-1024x685.jpg 1024w\" sizes=\"auto, (max-width: 300px) 100vw, 300px\" \/><\/p>\n","protected":false},"excerpt":{"rendered":"","protected":false},"author":3,"featured_media":1286,"parent":0,"menu_order":8,"comment_status":"closed","ping_status":"closed","template":"full-width.php","meta":{"footnotes":""},"class_list":["post-1399","page","type-page","status-publish","has-post-thumbnail","hentry"],"yoast_head":"<!-- This site is optimized with the Yoast SEO plugin v27.4 - https:\/\/yoast.com\/product\/yoast-seo-wordpress\/ -->\n<title>Gaileara\u00ed - Anaclann D\u00falra Ph\u00e1irc na C\u00faile<\/title>\n<meta name=\"robots\" content=\"index, follow, max-snippet:-1, max-image-preview:large, max-video-preview:-1\" \/>\n<link rel=\"canonical\" href=\"https:\/\/www.coolepark.ie\/ga\/gailearai-2\/\" \/>\n<meta property=\"og:locale\" content=\"ga_IE\" \/>\n<meta property=\"og:type\" content=\"article\" \/>\n<meta property=\"og:title\" content=\"Gaileara\u00ed - Anaclann D\u00falra Ph\u00e1irc na C\u00faile\" \/>\n<meta property=\"og:url\" content=\"https:\/\/www.coolepark.ie\/ga\/gailearai-2\/\" \/>\n<meta property=\"og:site_name\" content=\"Anaclann D\u00falra Ph\u00e1irc na C\u00faile\" \/>\n<meta property=\"article:publisher\" content=\"https:\/\/www.facebook.com\/coolegarrylandnaturereserve\" \/>\n<meta property=\"og:image\" content=\"https:\/\/www.coolepark.ie\/wp-content\/uploads\/2019\/06\/Autograph-2016-May-045.jpg\" \/>\n\t<meta property=\"og:image:width\" content=\"1400\" \/>\n\t<meta property=\"og:image:height\" content=\"272\" \/>\n\t<meta property=\"og:image:type\" content=\"image\/jpeg\" \/>\n<meta name=\"twitter:card\" content=\"summary_large_image\" \/>\n<meta name=\"twitter:site\" content=\"@DeptHousingIRL\" \/>\n<script type=\"application\/ld+json\" class=\"yoast-schema-graph\">{\"@context\":\"https:\\\/\\\/schema.org\",\"@graph\":[{\"@type\":\"WebPage\",\"@id\":\"https:\\\/\\\/www.coolepark.ie\\\/ga\\\/gailearai-2\\\/\",\"url\":\"https:\\\/\\\/www.coolepark.ie\\\/ga\\\/gailearai-2\\\/\",\"name\":\"Gaileara\u00ed - Anaclann D\u00falra Ph\u00e1irc na C\u00faile\",\"isPartOf\":{\"@id\":\"https:\\\/\\\/www.coolepark.ie\\\/ga\\\/#website\"},\"primaryImageOfPage\":{\"@id\":\"https:\\\/\\\/www.coolepark.ie\\\/ga\\\/gailearai-2\\\/#primaryimage\"},\"image\":{\"@id\":\"https:\\\/\\\/www.coolepark.ie\\\/ga\\\/gailearai-2\\\/#primaryimage\"},\"thumbnailUrl\":\"https:\\\/\\\/www.coolepark.ie\\\/wp-content\\\/uploads\\\/2019\\\/06\\\/Autograph-2016-May-045.jpg\",\"datePublished\":\"2017-05-08T16:26:34+00:00\",\"breadcrumb\":{\"@id\":\"https:\\\/\\\/www.coolepark.ie\\\/ga\\\/gailearai-2\\\/#breadcrumb\"},\"inLanguage\":\"ga-IE\",\"potentialAction\":[{\"@type\":\"ReadAction\",\"target\":[\"https:\\\/\\\/www.coolepark.ie\\\/ga\\\/gailearai-2\\\/\"]}]},{\"@type\":\"ImageObject\",\"inLanguage\":\"ga-IE\",\"@id\":\"https:\\\/\\\/www.coolepark.ie\\\/ga\\\/gailearai-2\\\/#primaryimage\",\"url\":\"https:\\\/\\\/www.coolepark.ie\\\/wp-content\\\/uploads\\\/2019\\\/06\\\/Autograph-2016-May-045.jpg\",\"contentUrl\":\"https:\\\/\\\/www.coolepark.ie\\\/wp-content\\\/uploads\\\/2019\\\/06\\\/Autograph-2016-May-045.jpg\",\"width\":1400,\"height\":272},{\"@type\":\"BreadcrumbList\",\"@id\":\"https:\\\/\\\/www.coolepark.ie\\\/ga\\\/gailearai-2\\\/#breadcrumb\",\"itemListElement\":[{\"@type\":\"ListItem\",\"position\":1,\"name\":\"Home\",\"item\":\"https:\\\/\\\/www.coolepark.ie\\\/ga\\\/\"},{\"@type\":\"ListItem\",\"position\":2,\"name\":\"Gaileara\u00ed\"}]},{\"@type\":\"WebSite\",\"@id\":\"https:\\\/\\\/www.coolepark.ie\\\/ga\\\/#website\",\"url\":\"https:\\\/\\\/www.coolepark.ie\\\/ga\\\/\",\"name\":\"Anaclann D\u00falra Ph\u00e1irc na C\u00faile\",\"description\":\"\",\"potentialAction\":[{\"@type\":\"SearchAction\",\"target\":{\"@type\":\"EntryPoint\",\"urlTemplate\":\"https:\\\/\\\/www.coolepark.ie\\\/ga\\\/?s={search_term_string}\"},\"query-input\":{\"@type\":\"PropertyValueSpecification\",\"valueRequired\":true,\"valueName\":\"search_term_string\"}}],\"inLanguage\":\"ga-IE\"}]}<\/script>\n<!-- \/ Yoast SEO plugin. -->","yoast_head_json":{"title":"Gaileara\u00ed - Anaclann D\u00falra Ph\u00e1irc na C\u00faile","robots":{"index":"index","follow":"follow","max-snippet":"max-snippet:-1","max-image-preview":"max-image-preview:large","max-video-preview":"max-video-preview:-1"},"canonical":"https:\/\/www.coolepark.ie\/ga\/gailearai-2\/","og_locale":"ga_IE","og_type":"article","og_title":"Gaileara\u00ed - Anaclann D\u00falra Ph\u00e1irc na C\u00faile","og_url":"https:\/\/www.coolepark.ie\/ga\/gailearai-2\/","og_site_name":"Anaclann D\u00falra Ph\u00e1irc na C\u00faile","article_publisher":"https:\/\/www.facebook.com\/coolegarrylandnaturereserve","og_image":[{"width":1400,"height":272,"url":"https:\/\/www.coolepark.ie\/wp-content\/uploads\/2019\/06\/Autograph-2016-May-045.jpg","type":"image\/jpeg"}],"twitter_card":"summary_large_image","twitter_site":"@DeptHousingIRL","schema":{"@context":"https:\/\/schema.org","@graph":[{"@type":"WebPage","@id":"https:\/\/www.coolepark.ie\/ga\/gailearai-2\/","url":"https:\/\/www.coolepark.ie\/ga\/gailearai-2\/","name":"Gaileara\u00ed - Anaclann D\u00falra Ph\u00e1irc na C\u00faile","isPartOf":{"@id":"https:\/\/www.coolepark.ie\/ga\/#website"},"primaryImageOfPage":{"@id":"https:\/\/www.coolepark.ie\/ga\/gailearai-2\/#primaryimage"},"image":{"@id":"https:\/\/www.coolepark.ie\/ga\/gailearai-2\/#primaryimage"},"thumbnailUrl":"https:\/\/www.coolepark.ie\/wp-content\/uploads\/2019\/06\/Autograph-2016-May-045.jpg","datePublished":"2017-05-08T16:26:34+00:00","breadcrumb":{"@id":"https:\/\/www.coolepark.ie\/ga\/gailearai-2\/#breadcrumb"},"inLanguage":"ga-IE","potentialAction":[{"@type":"ReadAction","target":["https:\/\/www.coolepark.ie\/ga\/gailearai-2\/"]}]},{"@type":"ImageObject","inLanguage":"ga-IE","@id":"https:\/\/www.coolepark.ie\/ga\/gailearai-2\/#primaryimage","url":"https:\/\/www.coolepark.ie\/wp-content\/uploads\/2019\/06\/Autograph-2016-May-045.jpg","contentUrl":"https:\/\/www.coolepark.ie\/wp-content\/uploads\/2019\/06\/Autograph-2016-May-045.jpg","width":1400,"height":272},{"@type":"BreadcrumbList","@id":"https:\/\/www.coolepark.ie\/ga\/gailearai-2\/#breadcrumb","itemListElement":[{"@type":"ListItem","position":1,"name":"Home","item":"https:\/\/www.coolepark.ie\/ga\/"},{"@type":"ListItem","position":2,"name":"Gaileara\u00ed"}]},{"@type":"WebSite","@id":"https:\/\/www.coolepark.ie\/ga\/#website","url":"https:\/\/www.coolepark.ie\/ga\/","name":"Anaclann D\u00falra Ph\u00e1irc na C\u00faile","description":"","potentialAction":[{"@type":"SearchAction","target":{"@type":"EntryPoint","urlTemplate":"https:\/\/www.coolepark.ie\/ga\/?s={search_term_string}"},"query-input":{"@type":"PropertyValueSpecification","valueRequired":true,"valueName":"search_term_string"}}],"inLanguage":"ga-IE"}]}},"_links":{"self":[{"href":"https:\/\/www.coolepark.ie\/ga\/wp-json\/wp\/v2\/pages\/1399","targetHints":{"allow":["GET"]}}],"collection":[{"href":"https:\/\/www.coolepark.ie\/ga\/wp-json\/wp\/v2\/pages"}],"about":[{"href":"https:\/\/www.coolepark.ie\/ga\/wp-json\/wp\/v2\/types\/page"}],"author":[{"embeddable":true,"href":"https:\/\/www.coolepark.ie\/ga\/wp-json\/wp\/v2\/users\/3"}],"replies":[{"embeddable":true,"href":"https:\/\/www.coolepark.ie\/ga\/wp-json\/wp\/v2\/comments?post=1399"}],"version-history":[{"count":0,"href":"https:\/\/www.coolepark.ie\/ga\/wp-json\/wp\/v2\/pages\/1399\/revisions"}],"wp:featuredmedia":[{"embeddable":true,"href":"https:\/\/www.coolepark.ie\/ga\/wp-json\/wp\/v2\/media\/1286"}],"wp:attachment":[{"href":"https:\/\/www.coolepark.ie\/ga\/wp-json\/wp\/v2\/media?parent=1399"}],"curies":[{"name":"wp","href":"https:\/\/api.w.org\/{rel}","templated":true}]}}