{"id":1402,"date":"2015-10-28T11:59:18","date_gmt":"2015-10-28T11:59:18","guid":{"rendered":"https:\/\/www.coolepark.ie\/stair\/amline\/"},"modified":"2015-10-28T11:59:18","modified_gmt":"2015-10-28T11:59:18","slug":"amline","status":"publish","type":"page","link":"https:\/\/www.coolepark.ie\/ga\/stair\/amline\/","title":{"rendered":"Aml\u00edne"},"content":{"rendered":"<p><strong>1768<\/strong> Robert Gregory (1727-1810) Cheannaigh Cathaoirleach an East India Company 600 acra \u00f3 Oliver Martyn as Tul Aighre in aice l\u00e1imhe<\/p>\n<p><strong>1770<\/strong> T\u00f3gadh an teach de r\u00e9ir dearadh de chuid James Lewis \u00f3 Gibbs Manual<\/p>\n<p><strong>1776<\/strong> D\u00e9anann Arthur Young cur s\u00edos in \u201cA Tour of Ireland\u201d go bhfuil na m\u00edlte balla\u00ed \u00e1 dt\u00f3g\u00e1il agus freisin \u201cMr Gregory has a very noble nursery, from which he is making plantations, which will soon be of great ornament to the country\u201d<\/p>\n<p><strong>1810 \u2013 1839<\/strong> Tagann Richard Gregory (dara mac Robert) i gcomharbas agus leanann s\u00e9 air ag cur crann. Forbra\u00edonn s\u00e9 an leabharlann freisin agus d\u00e9antar dealbh bhr\u00e1d Maecenas a thabhairt ann \u00f3n Iod\u00e1il<\/p>\n<p><strong>1817<\/strong> Rugadh William Gregory, an Ridire William ina dhiaidh sin, fear c\u00e9ile Augusta Persse<\/p>\n<p><strong>1839<\/strong> Fuair Richard b\u00e1s. Faigheann a dhearth\u00e1ir n\u00edos \u00f3ige William an Ch\u00fail le hoidhreacht. Bh\u00ed s\u00e9 ina Fho-R\u00fana\u00ed in \u00c9irinn agus bh\u00ed c\u00f3na\u00ed air i mBaile \u00c1tha Cliath don chuid is m\u00f3. Fuair s\u00e9 b\u00e1s in 1840 agus tagann Robert Gregory, athair an Ridire William i gcomharbas air<\/p>\n<p><strong>1842-47<\/strong> Toghadh William Gregory mar Theachta Parlaiminte do Bhaile \u00c1tha Cliath<\/p>\n<p><strong>1847<\/strong> Fuair Robert Gregory b\u00e1s agus tagann a mhac William i gcomharba air<\/p>\n<p><strong>1850<\/strong> Cuirtear fe\u00e1 taobh amuigh den gharra\u00ed daingean chun foscadh a shol\u00e1thar \u00f3n ngaoth agus \u00f3n mb\u00e1isteach \u00f3n iarthar<\/p>\n<p><strong>1851-57<\/strong> Cuireadh iallach ar William dh\u00e1 thrian den east\u00e1t a dh\u00edol chun fiacha cearrbhachais a \u00edoc<\/p>\n<p><strong>1853-56<\/strong> Caitheann William am agus airgead le buairc\u00ednigh choimhth\u00edocha a chur ina ph\u00e9inteam, \u00f3 thuaidh den gharra\u00ed daingean<\/p>\n<p><strong>1852<\/strong> Rugadh Isabelle Augusta Persse i gCreig an R\u00f3istigh, Cill Chr\u00edost, Co na Gaillimhe<\/p>\n<p><strong>1871-77<\/strong> Ceapadh William Gregory ina Ghobharn\u00f3ir ar Ceylon (Sr\u00ed Lanca) \u00e1it a ndearnadh ridire de sa bhliain 1875<\/p>\n<p><strong>1880<\/strong> Ph\u00f3s an Ridire William Gregory Isabella Augusta Persse<\/p>\n<p><strong>1881<\/strong> Rugadh mac amh\u00e1in d\u00f3ibh, Robert Gregory<\/p>\n<p><strong>1892<\/strong> B\u00e1s an Ridire William Gregory<\/p>\n<p><strong>1894 \u2013 96<\/strong> Leanann an Bhantiarna Gregory ag cur crann sa Ch\u00fail agus castar William Butler Yeats uirthi den ch\u00e9ad uair i Londain. D\u00e9anann s\u00ed cuimhn\u00ed cinn a fir ch\u00e9ile nach maireann, an Ridire William Gregory a chur i gcr\u00edch agus a chur chun cinn<\/p>\n<p><strong>1897<\/strong> Buaileann an Bhantiarna Gregory agus Yeats le ch\u00e9ile ar\u00eds i Londain agus ansin ag D\u00faros, teach an Chunta de Basterot. Is ag an gcruinni\u00fa seo a thagann an smaoineamh maidir le gluaiseacht liteartha a fhorbairt. Caitheann Yeats am sa Ch\u00fail le linn an tsamhraidh freisin<\/p>\n<p><strong>1898<\/strong> Ghrean WB Yeats a chuid inisealacha ar an gCrann S\u00edni\u00fach\u00e1in. Foils\u00edtear alt leis an mBantiarna Gregory maidir le Crainn a chur in The Irish Homestead<\/p>\n<p><strong>1899<\/strong> Buna\u00edtear Amharclann Liteartha na h\u00c9ireann, Amharclann na Mainistreach ina dhiaidh sin<\/p>\n<p><strong>1904<\/strong>, an 27 Nollaig Oscla\u00edtear Amharclann na Mainistreach<\/p>\n<p><strong>1911<\/strong> An ch\u00e9ad turas go Meirice\u00e1<\/p>\n<p><strong>1909- 13<\/strong> Breith garph\u00e1ist\u00ed, lena n-\u00e1ir\u00edtear Anne Gregory \u00fadar \u201cMe &amp; Nu, Childhood at Coole\u201d<\/p>\n<p><strong>1918<\/strong> Fuair Robert Gregory b\u00e1s le linn an Ch\u00e9ad Chogaidh Dhomhanda<\/p>\n<p><strong>1927<\/strong> D\u00edolann in\u00edon-ch\u00e9ile na Bantiarna Gregory, Margaret, an Ch\u00fail le St\u00e1t na h\u00c9ireann ag Margaret<\/p>\n<p><strong>1932<\/strong>, an 22 Bealtaine Fuair an Bhantiarna Gregory b\u00e1s sa Ch\u00fail ag 80 bliain d\u2019aois<\/p>\n<p><strong>1941<\/strong> Leagtar an teach<\/p>\n<p><strong>1927 \u2013 87<\/strong> Faoi bhainisti\u00fa ag an tSeirbh\u00eds Foraoiseachta &amp; d\u00e9antar buairc\u00ednigh a fh\u00e1sann go tapa a chur ann le haghaidh adhmaid tr\u00e1cht\u00e1la<\/p>\n<p><strong>1960id\u00ed<\/strong> Ar oscailt don phobal mar \u00e1is taitneamhachta<\/p>\n<p><strong>1983<\/strong> Buna\u00edtear Anaclann D\u00falra na C\u00faile-Ghareal\u00e1in<\/p>\n<p><strong>1987 \u2013 an l\u00e1 at\u00e1 inniu ann <\/strong> \u00c1 bainisti\u00fa ag an tSeirbh\u00eds P\u00e1irceanna N\u00e1isi\u00fanta &amp; Fiadh\u00falra le haghaidh \u00fas\u00e1id caomhnaithe agus taitneamhachta poibl\u00ed<\/p>\n<p><strong>1992<\/strong> Ionad Cuairteoir\u00ed Ph\u00e1irc na C\u00faile ar oscailt don phobal<\/p>\n<p><strong>2014\/15<\/strong> Stop \u00e1 chur le pland\u00fa adhmaid tr\u00e1cht\u00e1la de speicis aonair chun athghini\u00faint speiceas d\u00fachasach a spreagadh agus chun bith\u00e9ags\u00falacht ioml\u00e1n san anaclann d\u00falra a mh\u00e9ad\u00fa<\/p>\n","protected":false},"excerpt":{"rendered":"<p>1768 Robert Gregory (1727-1810) Cheannaigh Cathaoirleach an East India Company 600 acra \u00f3 Oliver Martyn as Tul Aighre in aice l\u00e1imhe 1770 T\u00f3gadh an teach de r\u00e9ir dearadh de chuid James Lewis \u00f3 Gibbs Manual 1776 D\u00e9anann Arthur Young cur s\u00edos in \u201cA Tour of Ireland\u201d go bhfuil na m\u00edlte balla\u00ed \u00e1 dt\u00f3g\u00e1il agus freisin&hellip; <a class=\"continue\" href=\"https:\/\/www.coolepark.ie\/ga\/stair\/amline\/\">Read More<span> Aml\u00edne<\/span><\/a><\/p>\n","protected":false},"author":3,"featured_media":1273,"parent":1401,"menu_order":6,"comment_status":"closed","ping_status":"closed","template":"full-width.php","meta":{"footnotes":""},"class_list":["post-1402","page","type-page","status-publish","has-post-thumbnail","hentry"],"yoast_head":"<!-- This site is optimized with the Yoast SEO plugin v27.5 - https:\/\/yoast.com\/product\/yoast-seo-wordpress\/ -->\n<title>Aml\u00edne - Anaclann D\u00falra Ph\u00e1irc na C\u00faile<\/title>\n<meta name=\"robots\" content=\"index, follow, max-snippet:-1, max-image-preview:large, max-video-preview:-1\" \/>\n<link rel=\"canonical\" href=\"https:\/\/www.coolepark.ie\/ga\/stair\/amline\/\" \/>\n<meta property=\"og:locale\" content=\"ga_IE\" \/>\n<meta property=\"og:type\" content=\"article\" \/>\n<meta property=\"og:title\" content=\"Aml\u00edne - Anaclann D\u00falra Ph\u00e1irc na C\u00faile\" \/>\n<meta property=\"og:description\" content=\"1768 Robert Gregory (1727-1810) Cheannaigh Cathaoirleach an East India Company 600 acra \u00f3 Oliver Martyn as Tul Aighre in aice l\u00e1imhe 1770 T\u00f3gadh an teach de r\u00e9ir dearadh de chuid James Lewis \u00f3 Gibbs Manual 1776 D\u00e9anann Arthur Young cur s\u00edos in \u201cA Tour of Ireland\u201d go bhfuil na m\u00edlte balla\u00ed \u00e1 dt\u00f3g\u00e1il agus freisin&hellip; Read More Aml\u00edne\" \/>\n<meta property=\"og:url\" content=\"https:\/\/www.coolepark.ie\/ga\/stair\/amline\/\" \/>\n<meta property=\"og:site_name\" content=\"Anaclann D\u00falra Ph\u00e1irc na C\u00faile\" \/>\n<meta property=\"article:publisher\" content=\"https:\/\/www.facebook.com\/coolegarrylandnaturereserve\" \/>\n<meta property=\"og:image\" content=\"https:\/\/www.coolepark.ie\/wp-content\/uploads\/2019\/06\/autograph-tree.jpg\" \/>\n\t<meta property=\"og:image:width\" content=\"3872\" \/>\n\t<meta property=\"og:image:height\" content=\"752\" \/>\n\t<meta property=\"og:image:type\" content=\"image\/jpeg\" \/>\n<meta name=\"twitter:card\" content=\"summary_large_image\" \/>\n<meta name=\"twitter:site\" content=\"@DeptHousingIRL\" \/>\n<meta name=\"twitter:label1\" content=\"Est. reading time\" \/>\n\t<meta name=\"twitter:data1\" content=\"3 minutes\" \/>\n<script type=\"application\/ld+json\" class=\"yoast-schema-graph\">{\"@context\":\"https:\\\/\\\/schema.org\",\"@graph\":[{\"@type\":\"WebPage\",\"@id\":\"https:\\\/\\\/www.coolepark.ie\\\/ga\\\/stair\\\/amline\\\/\",\"url\":\"https:\\\/\\\/www.coolepark.ie\\\/ga\\\/stair\\\/amline\\\/\",\"name\":\"Aml\u00edne - Anaclann D\u00falra Ph\u00e1irc na C\u00faile\",\"isPartOf\":{\"@id\":\"https:\\\/\\\/www.coolepark.ie\\\/ga\\\/#website\"},\"primaryImageOfPage\":{\"@id\":\"https:\\\/\\\/www.coolepark.ie\\\/ga\\\/stair\\\/amline\\\/#primaryimage\"},\"image\":{\"@id\":\"https:\\\/\\\/www.coolepark.ie\\\/ga\\\/stair\\\/amline\\\/#primaryimage\"},\"thumbnailUrl\":\"https:\\\/\\\/www.coolepark.ie\\\/wp-content\\\/uploads\\\/2019\\\/06\\\/autograph-tree.jpg\",\"datePublished\":\"2015-10-28T11:59:18+00:00\",\"breadcrumb\":{\"@id\":\"https:\\\/\\\/www.coolepark.ie\\\/ga\\\/stair\\\/amline\\\/#breadcrumb\"},\"inLanguage\":\"ga-IE\",\"potentialAction\":[{\"@type\":\"ReadAction\",\"target\":[\"https:\\\/\\\/www.coolepark.ie\\\/ga\\\/stair\\\/amline\\\/\"]}]},{\"@type\":\"ImageObject\",\"inLanguage\":\"ga-IE\",\"@id\":\"https:\\\/\\\/www.coolepark.ie\\\/ga\\\/stair\\\/amline\\\/#primaryimage\",\"url\":\"https:\\\/\\\/www.coolepark.ie\\\/wp-content\\\/uploads\\\/2019\\\/06\\\/autograph-tree.jpg\",\"contentUrl\":\"https:\\\/\\\/www.coolepark.ie\\\/wp-content\\\/uploads\\\/2019\\\/06\\\/autograph-tree.jpg\",\"width\":3872,\"height\":752},{\"@type\":\"BreadcrumbList\",\"@id\":\"https:\\\/\\\/www.coolepark.ie\\\/ga\\\/stair\\\/amline\\\/#breadcrumb\",\"itemListElement\":[{\"@type\":\"ListItem\",\"position\":1,\"name\":\"Home\",\"item\":\"https:\\\/\\\/www.coolepark.ie\\\/ga\\\/\"},{\"@type\":\"ListItem\",\"position\":2,\"name\":\"Stair\",\"item\":\"https:\\\/\\\/www.coolepark.ie\\\/ga\\\/stair\\\/\"},{\"@type\":\"ListItem\",\"position\":3,\"name\":\"Aml\u00edne\"}]},{\"@type\":\"WebSite\",\"@id\":\"https:\\\/\\\/www.coolepark.ie\\\/ga\\\/#website\",\"url\":\"https:\\\/\\\/www.coolepark.ie\\\/ga\\\/\",\"name\":\"Anaclann D\u00falra Ph\u00e1irc na C\u00faile\",\"description\":\"\",\"potentialAction\":[{\"@type\":\"SearchAction\",\"target\":{\"@type\":\"EntryPoint\",\"urlTemplate\":\"https:\\\/\\\/www.coolepark.ie\\\/ga\\\/?s={search_term_string}\"},\"query-input\":{\"@type\":\"PropertyValueSpecification\",\"valueRequired\":true,\"valueName\":\"search_term_string\"}}],\"inLanguage\":\"ga-IE\"}]}<\/script>\n<!-- \/ Yoast SEO plugin. -->","yoast_head_json":{"title":"Aml\u00edne - Anaclann D\u00falra Ph\u00e1irc na C\u00faile","robots":{"index":"index","follow":"follow","max-snippet":"max-snippet:-1","max-image-preview":"max-image-preview:large","max-video-preview":"max-video-preview:-1"},"canonical":"https:\/\/www.coolepark.ie\/ga\/stair\/amline\/","og_locale":"ga_IE","og_type":"article","og_title":"Aml\u00edne - Anaclann D\u00falra Ph\u00e1irc na C\u00faile","og_description":"1768 Robert Gregory (1727-1810) Cheannaigh Cathaoirleach an East India Company 600 acra \u00f3 Oliver Martyn as Tul Aighre in aice l\u00e1imhe 1770 T\u00f3gadh an teach de r\u00e9ir dearadh de chuid James Lewis \u00f3 Gibbs Manual 1776 D\u00e9anann Arthur Young cur s\u00edos in \u201cA Tour of Ireland\u201d go bhfuil na m\u00edlte balla\u00ed \u00e1 dt\u00f3g\u00e1il agus freisin&hellip; Read More Aml\u00edne","og_url":"https:\/\/www.coolepark.ie\/ga\/stair\/amline\/","og_site_name":"Anaclann D\u00falra Ph\u00e1irc na C\u00faile","article_publisher":"https:\/\/www.facebook.com\/coolegarrylandnaturereserve","og_image":[{"width":3872,"height":752,"url":"https:\/\/www.coolepark.ie\/wp-content\/uploads\/2019\/06\/autograph-tree.jpg","type":"image\/jpeg"}],"twitter_card":"summary_large_image","twitter_site":"@DeptHousingIRL","twitter_misc":{"Est. reading time":"3 minutes"},"schema":{"@context":"https:\/\/schema.org","@graph":[{"@type":"WebPage","@id":"https:\/\/www.coolepark.ie\/ga\/stair\/amline\/","url":"https:\/\/www.coolepark.ie\/ga\/stair\/amline\/","name":"Aml\u00edne - Anaclann D\u00falra Ph\u00e1irc na C\u00faile","isPartOf":{"@id":"https:\/\/www.coolepark.ie\/ga\/#website"},"primaryImageOfPage":{"@id":"https:\/\/www.coolepark.ie\/ga\/stair\/amline\/#primaryimage"},"image":{"@id":"https:\/\/www.coolepark.ie\/ga\/stair\/amline\/#primaryimage"},"thumbnailUrl":"https:\/\/www.coolepark.ie\/wp-content\/uploads\/2019\/06\/autograph-tree.jpg","datePublished":"2015-10-28T11:59:18+00:00","breadcrumb":{"@id":"https:\/\/www.coolepark.ie\/ga\/stair\/amline\/#breadcrumb"},"inLanguage":"ga-IE","potentialAction":[{"@type":"ReadAction","target":["https:\/\/www.coolepark.ie\/ga\/stair\/amline\/"]}]},{"@type":"ImageObject","inLanguage":"ga-IE","@id":"https:\/\/www.coolepark.ie\/ga\/stair\/amline\/#primaryimage","url":"https:\/\/www.coolepark.ie\/wp-content\/uploads\/2019\/06\/autograph-tree.jpg","contentUrl":"https:\/\/www.coolepark.ie\/wp-content\/uploads\/2019\/06\/autograph-tree.jpg","width":3872,"height":752},{"@type":"BreadcrumbList","@id":"https:\/\/www.coolepark.ie\/ga\/stair\/amline\/#breadcrumb","itemListElement":[{"@type":"ListItem","position":1,"name":"Home","item":"https:\/\/www.coolepark.ie\/ga\/"},{"@type":"ListItem","position":2,"name":"Stair","item":"https:\/\/www.coolepark.ie\/ga\/stair\/"},{"@type":"ListItem","position":3,"name":"Aml\u00edne"}]},{"@type":"WebSite","@id":"https:\/\/www.coolepark.ie\/ga\/#website","url":"https:\/\/www.coolepark.ie\/ga\/","name":"Anaclann D\u00falra Ph\u00e1irc na C\u00faile","description":"","potentialAction":[{"@type":"SearchAction","target":{"@type":"EntryPoint","urlTemplate":"https:\/\/www.coolepark.ie\/ga\/?s={search_term_string}"},"query-input":{"@type":"PropertyValueSpecification","valueRequired":true,"valueName":"search_term_string"}}],"inLanguage":"ga-IE"}]}},"_links":{"self":[{"href":"https:\/\/www.coolepark.ie\/ga\/wp-json\/wp\/v2\/pages\/1402","targetHints":{"allow":["GET"]}}],"collection":[{"href":"https:\/\/www.coolepark.ie\/ga\/wp-json\/wp\/v2\/pages"}],"about":[{"href":"https:\/\/www.coolepark.ie\/ga\/wp-json\/wp\/v2\/types\/page"}],"author":[{"embeddable":true,"href":"https:\/\/www.coolepark.ie\/ga\/wp-json\/wp\/v2\/users\/3"}],"replies":[{"embeddable":true,"href":"https:\/\/www.coolepark.ie\/ga\/wp-json\/wp\/v2\/comments?post=1402"}],"version-history":[{"count":0,"href":"https:\/\/www.coolepark.ie\/ga\/wp-json\/wp\/v2\/pages\/1402\/revisions"}],"up":[{"embeddable":true,"href":"https:\/\/www.coolepark.ie\/ga\/wp-json\/wp\/v2\/pages\/1401"}],"wp:featuredmedia":[{"embeddable":true,"href":"https:\/\/www.coolepark.ie\/ga\/wp-json\/wp\/v2\/media\/1273"}],"wp:attachment":[{"href":"https:\/\/www.coolepark.ie\/ga\/wp-json\/wp\/v2\/media?parent=1402"}],"curies":[{"name":"wp","href":"https:\/\/api.w.org\/{rel}","templated":true}]}}