{"id":1405,"date":"2015-10-28T12:13:49","date_gmt":"2015-10-28T12:13:49","guid":{"rendered":"https:\/\/www.coolepark.ie\/stair\/garrai-daingean\/"},"modified":"2023-09-01T11:37:17","modified_gmt":"2023-09-01T11:37:17","slug":"garrai-daingean","status":"publish","type":"page","link":"https:\/\/www.coolepark.ie\/ga\/stair\/garrai-daingean\/","title":{"rendered":"Garra\u00ed Daingean"},"content":{"rendered":"<p><img loading=\"lazy\" decoding=\"async\" class=\"alignright wp-image-322 size-medium\" src=\"https:\/\/www.coolepark.ie\/wp-content\/uploads\/2018\/07\/Coole-Walled-garden-picnic-area-August-2015-025-s-300x225.jpg\" alt=\"Limist\u00e9ar Picnic an Gharra\u00ed Daingin\" width=\"300\" height=\"225\" srcset=\"https:\/\/www.coolepark.ie\/wp-content\/uploads\/2018\/07\/Coole-Walled-garden-picnic-area-August-2015-025-s-300x225.jpg 300w, https:\/\/www.coolepark.ie\/wp-content\/uploads\/2018\/07\/Coole-Walled-garden-picnic-area-August-2015-025-s-768x576.jpg 768w, https:\/\/www.coolepark.ie\/wp-content\/uploads\/2018\/07\/Coole-Walled-garden-picnic-area-August-2015-025-s-1024x768.jpg 1024w, https:\/\/www.coolepark.ie\/wp-content\/uploads\/2018\/07\/Coole-Walled-garden-picnic-area-August-2015-025-s.jpg 1080w\" sizes=\"auto, (max-width: 300px) 100vw, 300px\" \/> Bh\u00ed meas m\u00f3r ag an mBantiarna Gregory ar an nGarra\u00ed Daingean n\u00f3 Bl\u00e1thanna mar a tugadh air a bh\u00ed thart ar 1.8 heicte\u00e1r (4.5 acra). Sa bhliain 1898 d\u2019iarr s\u00ed ar William Butler Yeats a chuid inisealacha a ghreanadh ar sheanfhe\u00e1 rua agus thar na blianta ina dhiaidh sin tugadh cuireadh do go leor a\u00edonna m\u00f3r le r\u00e1 a gcuid inisealacha f\u00e9in a chur leis. Ina measc bh\u00ed Sean O\u2019Casey, George Bernard Shaw, Jack B Yeats, John Millington Synge, John Masefield agus Augustus John. T\u00e1 plaic ag bun an chrainn chun iad a aithint mar go bhfuil cuid acu ag \u00e9ir\u00ed fann de bharr leighis n\u00e1d\u00fartha cr\u00e9achta an choirt agus is ainmneacha nach bhfuil ar eolas sa stair iad cuid mh\u00f3r d\u00edobh.<\/p>\n<p>Chuir na balla\u00ed arda foscadh ar f\u00e1il sa ghaird\u00edn chun f\u00e1s planda\u00ed agus bl\u00e1thanna n\u00edos f\u00edne\u00e1lta a chumas\u00fa. Is anseo a bh\u00ed na tithe t\u00e9ach\u00e1in suite \u00e1it ar fh\u00e1s f\u00edonchaora agus tortha\u00ed coimhth\u00edocha eile le haghaidh Theach na C\u00faile, agus foscadh acu faoi sraith I\u00far \u00c9ireannach at\u00e1 f\u00f3s ann inniu. Sol\u00e1thra\u00edonn iarsma\u00ed na dtithe t\u00e9ach\u00e1in seo limist\u00e9ar cl\u00fadaithe le su\u00edoch\u00e1in agus boird picnice anois. Cl\u00f3n baineann a ph\u00f3ra\u00edtear go f\u00e1s\u00fail is ea an i\u00far \u00c9ireannach, ar f\u00e9idir idirdheal\u00fa a dh\u00e9anamh air \u00f3n I\u00far coitianta tr\u00edna fhoirm dh\u00edreach; nuair a fh\u00e1star \u00e9 \u00f3n s\u00edol, filleann s\u00e9 ar fhoirm an i\u00fair choitianta. Taobh thiar de na crainn I\u00far t\u00e1 clog gr\u00e9ine anaileime, ie. clog gr\u00e9ine a \u00fas\u00e1ideann sc\u00e1th duine chun an t-am a insint.<\/p>\n<p style=\"font-size: 1.5em; font-weight: 600; padding: 10px; border-top-width: 1px; border-top-style: solid; border-top-color: #0c7815; border-bottom-width: 1px; border-bottom-style: solid; border-bottom-color: #0c7815;\">\u201cBefore I came here an old, old gardener\u2026was said or fabled to have raised from seed that tall bastion of yew that guards the vineries from Northern snow and storm, and these should be a more enduring monument to him than awaits many of us, if what our old people say is true that three yew trees planted one after another \u201cwill wear out the world from its beginning to its latter end\u201d. (An Bhantiarna Gregory)<\/p>\n<p><img loading=\"lazy\" decoding=\"async\" class=\"alignleft wp-image-323 size-medium\" src=\"https:\/\/www.coolepark.ie\/wp-content\/uploads\/2018\/07\/Walled-garden-Maecenas-s-300x225.jpg\" alt=\"Garra\u00ed Daingean\" width=\"300\" height=\"225\" srcset=\"https:\/\/www.coolepark.ie\/wp-content\/uploads\/2018\/07\/Walled-garden-Maecenas-s-300x225.jpg 300w, https:\/\/www.coolepark.ie\/wp-content\/uploads\/2018\/07\/Walled-garden-Maecenas-s-768x576.jpg 768w, https:\/\/www.coolepark.ie\/wp-content\/uploads\/2018\/07\/Walled-garden-Maecenas-s.jpg 1000w\" sizes=\"auto, (max-width: 300px) 100vw, 300px\" \/>In aghaidh an bhalla thoir ar phlionta t\u00e1 dealbh bhr\u00e1d marmair de Maecenas (c 80 R.Ch.), st\u00e1taire R\u00f3mh\u00e1nach oirirce agus p\u00e1tr\u00fan liteartha, sa gcomhluadar sh\u00f3isialta ch\u00e9anna le Horace agus Veirgil. Thug Richard Gregory an dealbh go Teach na C\u00faile \u00f3n Iod\u00e1il go luath sa 19\u00fa haois agus aistr\u00edodh \u00e9 n\u00edos d\u00e9ana\u00ed go dt\u00ed an l\u00e1thair seo sa gharra\u00ed daingean:<\/p>\n<p><em>\u201cas if exhausted by such travel it found its resting place within our dwelling house for many years, until some awakening of energy&#8230;&#8230;was the cause of its removal to the garden one summer day&#8230;.\u201d (An Bhantiarna Gregory)<\/em><\/p>\n<p>D\u00faradh gur cuireadh an Catalpa (Indian Bean Tree), an crann a b\u2019fhearr leis an mBantiarna Gregory, mar chrann \u00f3g sa Ch\u00fail, tar \u00e9is \u00e9 a iompar thar fh\u00e1sach ar dhroim chamaill agus \u00e9 cl\u00fadaithe le m\u00e1la d\u00e9anta as cn\u00e1ib. Is ioma\u00ed tr\u00e1thn\u00f3na grianmhar a chaith an Bhantiarna Gregory faoi sc\u00e1th an chrainn seo. Chuir garin\u00edonacha na Bantiarna Gregory crann eile ina ionad sa bhliain 1995.<em> \u201cI have gone far out in the world, east and west in my time, and so the peace within these enclosing walls is fitting for the evening of my days\u201d. (An Bhantiarna Gregory)<\/em><\/p>\n<hr style=\"margin: 2em 0\">\n<h2>Crann S\u00edni\u00fach\u00e1in &amp; S\u00ednithe<\/h2>\n<div class=\"wp-block-columns is-layout-flex wp-container-7 wp-block-columns-is-layout-flex\">\n<div class=\"wp-block-column is-layout-flow wp-block-column-is-layout-flow\">\n<h2><img loading=\"lazy\" decoding=\"async\" class=\"alignleft wp-image-324\" src=\"https:\/\/www.coolepark.ie\/wp-content\/uploads\/2018\/07\/Autograph-tree-bark-s-225x300.jpg\" alt=\"Crann S\u00edni\u00fach\u00e1in\" width=\"426\" height=\"568\" srcset=\"https:\/\/www.coolepark.ie\/wp-content\/uploads\/2018\/07\/Autograph-tree-bark-s-225x300.jpg 225w, https:\/\/www.coolepark.ie\/wp-content\/uploads\/2018\/07\/Autograph-tree-bark-s.jpg 648w\" sizes=\"auto, (max-width: 426px) 100vw, 426px\" \/><\/h2>\n<\/div>\n<div class=\"wp-block-column is-layout-flow wp-block-column-is-layout-flow\">\n<ol>\n<li style=\"margin-bottom: 1em\">Theodore Spicer-Simson<\/li>\n<li style=\"margin-bottom: 1em\">George Bernard Shaw<\/li>\n<li style=\"margin-bottom: 1em\">John Masefield<\/li>\n<li style=\"margin-bottom: 1em\">An Chuntaois \u00d3 Cromartie<\/li>\n<li style=\"margin-bottom: 1em\">Augustus John<\/li>\n<li style=\"margin-bottom: 1em\">Elinor Monsell<\/li>\n<li style=\"margin-bottom: 1em\">An Craoibhin Aoibhinn (Dubhghlas de h\u00cdde)<\/li>\n<li style=\"margin-bottom: 1em\">Augusta, an Bhantiarna Gregory<\/li>\n<li style=\"margin-bottom: 1em\">William Robert Gregory<\/li>\n<li style=\"margin-bottom: 1em\">William Butler Yeats<\/li>\n<li style=\"margin-bottom: 1em\">Sean \u00d3\u2019Casey<\/li>\n<li style=\"margin-bottom: 1em\">John Millington Synge<\/li>\n<li style=\"margin-bottom: 1em\">Violet Martin \u201cRoss\u201d<\/li>\n<li style=\"margin-bottom: 1em\">George W.Russell (A.E.)<\/li>\n<li style=\"margin-bottom: 1em\">Jack B. Yeats<\/li>\n<\/ol>\n<\/div>\n<\/div>\n<p>I measc na s\u00ednithe eile ar an gcrann t\u00e1 George Moore, Sara Allgood, Lennox Robinson, An Bhantiarna Margaret Sackville, Frank Fay agus William Fay, JD Innes, Robert Ross, Ian Hamilton, John Quinn (dl\u00edod\u00f3ir as Nua-Eabhrac), agus An Bhantiarna Ethel Smythe.<\/p>\n","protected":false},"excerpt":{"rendered":"<p>Bh\u00ed meas m\u00f3r ag an mBantiarna Gregory ar an nGarra\u00ed Daingean n\u00f3 Bl\u00e1thanna mar a tugadh air a bh\u00ed thart ar 1.8 heicte\u00e1r (4.5 acra). Sa bhliain 1898 d\u2019iarr s\u00ed ar William Butler Yeats a chuid inisealacha a ghreanadh ar sheanfhe\u00e1 rua agus thar na blianta ina dhiaidh sin tugadh cuireadh do go leor a\u00edonna&hellip; <a class=\"continue\" href=\"https:\/\/www.coolepark.ie\/ga\/stair\/garrai-daingean\/\">Read More<span> Garra\u00ed Daingean<\/span><\/a><\/p>\n","protected":false},"author":3,"featured_media":1285,"parent":1401,"menu_order":5,"comment_status":"closed","ping_status":"closed","template":"full-width.php","meta":{"footnotes":""},"class_list":["post-1405","page","type-page","status-publish","has-post-thumbnail","hentry"],"yoast_head":"<!-- This site is optimized with the Yoast SEO plugin v27.3 - https:\/\/yoast.com\/product\/yoast-seo-wordpress\/ -->\n<title>Garra\u00ed Daingean - Anaclann D\u00falra Ph\u00e1irc na C\u00faile<\/title>\n<meta name=\"robots\" content=\"index, follow, max-snippet:-1, max-image-preview:large, max-video-preview:-1\" \/>\n<link rel=\"canonical\" href=\"https:\/\/www.coolepark.ie\/ga\/stair\/garrai-daingean\/\" \/>\n<meta property=\"og:locale\" content=\"ga_IE\" \/>\n<meta property=\"og:type\" content=\"article\" \/>\n<meta property=\"og:title\" content=\"Garra\u00ed Daingean - Anaclann D\u00falra Ph\u00e1irc na C\u00faile\" \/>\n<meta property=\"og:description\" content=\"Bh\u00ed meas m\u00f3r ag an mBantiarna Gregory ar an nGarra\u00ed Daingean n\u00f3 Bl\u00e1thanna mar a tugadh air a bh\u00ed thart ar 1.8 heicte\u00e1r (4.5 acra). Sa bhliain 1898 d\u2019iarr s\u00ed ar William Butler Yeats a chuid inisealacha a ghreanadh ar sheanfhe\u00e1 rua agus thar na blianta ina dhiaidh sin tugadh cuireadh do go leor a\u00edonna&hellip; Read More Garra\u00ed Daingean\" \/>\n<meta property=\"og:url\" content=\"https:\/\/www.coolepark.ie\/ga\/stair\/garrai-daingean\/\" \/>\n<meta property=\"og:site_name\" content=\"Anaclann D\u00falra Ph\u00e1irc na C\u00faile\" \/>\n<meta property=\"article:publisher\" content=\"https:\/\/www.facebook.com\/coolegarrylandnaturereserve\" \/>\n<meta property=\"article:modified_time\" content=\"2023-09-01T11:37:17+00:00\" \/>\n<meta property=\"og:image\" content=\"https:\/\/www.coolepark.ie\/wp-content\/uploads\/2019\/06\/autograph-tree-1.jpg\" \/>\n\t<meta property=\"og:image:width\" content=\"3872\" \/>\n\t<meta property=\"og:image:height\" content=\"752\" \/>\n\t<meta property=\"og:image:type\" content=\"image\/jpeg\" \/>\n<meta name=\"twitter:card\" content=\"summary_large_image\" \/>\n<meta name=\"twitter:site\" content=\"@DeptHousingIRL\" \/>\n<meta name=\"twitter:label1\" content=\"Est. reading time\" \/>\n\t<meta name=\"twitter:data1\" content=\"3 minutes\" \/>\n<script type=\"application\/ld+json\" class=\"yoast-schema-graph\">{\"@context\":\"https:\\\/\\\/schema.org\",\"@graph\":[{\"@type\":\"WebPage\",\"@id\":\"https:\\\/\\\/www.coolepark.ie\\\/ga\\\/stair\\\/garrai-daingean\\\/\",\"url\":\"https:\\\/\\\/www.coolepark.ie\\\/ga\\\/stair\\\/garrai-daingean\\\/\",\"name\":\"Garra\u00ed Daingean - Anaclann D\u00falra Ph\u00e1irc na C\u00faile\",\"isPartOf\":{\"@id\":\"https:\\\/\\\/www.coolepark.ie\\\/ga\\\/#website\"},\"primaryImageOfPage\":{\"@id\":\"https:\\\/\\\/www.coolepark.ie\\\/ga\\\/stair\\\/garrai-daingean\\\/#primaryimage\"},\"image\":{\"@id\":\"https:\\\/\\\/www.coolepark.ie\\\/ga\\\/stair\\\/garrai-daingean\\\/#primaryimage\"},\"thumbnailUrl\":\"https:\\\/\\\/www.coolepark.ie\\\/wp-content\\\/uploads\\\/2019\\\/06\\\/autograph-tree-1.jpg\",\"datePublished\":\"2015-10-28T12:13:49+00:00\",\"dateModified\":\"2023-09-01T11:37:17+00:00\",\"breadcrumb\":{\"@id\":\"https:\\\/\\\/www.coolepark.ie\\\/ga\\\/stair\\\/garrai-daingean\\\/#breadcrumb\"},\"inLanguage\":\"ga-IE\",\"potentialAction\":[{\"@type\":\"ReadAction\",\"target\":[\"https:\\\/\\\/www.coolepark.ie\\\/ga\\\/stair\\\/garrai-daingean\\\/\"]}]},{\"@type\":\"ImageObject\",\"inLanguage\":\"ga-IE\",\"@id\":\"https:\\\/\\\/www.coolepark.ie\\\/ga\\\/stair\\\/garrai-daingean\\\/#primaryimage\",\"url\":\"https:\\\/\\\/www.coolepark.ie\\\/wp-content\\\/uploads\\\/2019\\\/06\\\/autograph-tree-1.jpg\",\"contentUrl\":\"https:\\\/\\\/www.coolepark.ie\\\/wp-content\\\/uploads\\\/2019\\\/06\\\/autograph-tree-1.jpg\",\"width\":3872,\"height\":752},{\"@type\":\"BreadcrumbList\",\"@id\":\"https:\\\/\\\/www.coolepark.ie\\\/ga\\\/stair\\\/garrai-daingean\\\/#breadcrumb\",\"itemListElement\":[{\"@type\":\"ListItem\",\"position\":1,\"name\":\"Home\",\"item\":\"https:\\\/\\\/www.coolepark.ie\\\/ga\\\/\"},{\"@type\":\"ListItem\",\"position\":2,\"name\":\"Stair\",\"item\":\"https:\\\/\\\/www.coolepark.ie\\\/ga\\\/stair\\\/\"},{\"@type\":\"ListItem\",\"position\":3,\"name\":\"Garra\u00ed Daingean\"}]},{\"@type\":\"WebSite\",\"@id\":\"https:\\\/\\\/www.coolepark.ie\\\/ga\\\/#website\",\"url\":\"https:\\\/\\\/www.coolepark.ie\\\/ga\\\/\",\"name\":\"Anaclann D\u00falra Ph\u00e1irc na C\u00faile\",\"description\":\"\",\"potentialAction\":[{\"@type\":\"SearchAction\",\"target\":{\"@type\":\"EntryPoint\",\"urlTemplate\":\"https:\\\/\\\/www.coolepark.ie\\\/ga\\\/?s={search_term_string}\"},\"query-input\":{\"@type\":\"PropertyValueSpecification\",\"valueRequired\":true,\"valueName\":\"search_term_string\"}}],\"inLanguage\":\"ga-IE\"}]}<\/script>\n<!-- \/ Yoast SEO plugin. -->","yoast_head_json":{"title":"Garra\u00ed Daingean - Anaclann D\u00falra Ph\u00e1irc na C\u00faile","robots":{"index":"index","follow":"follow","max-snippet":"max-snippet:-1","max-image-preview":"max-image-preview:large","max-video-preview":"max-video-preview:-1"},"canonical":"https:\/\/www.coolepark.ie\/ga\/stair\/garrai-daingean\/","og_locale":"ga_IE","og_type":"article","og_title":"Garra\u00ed Daingean - Anaclann D\u00falra Ph\u00e1irc na C\u00faile","og_description":"Bh\u00ed meas m\u00f3r ag an mBantiarna Gregory ar an nGarra\u00ed Daingean n\u00f3 Bl\u00e1thanna mar a tugadh air a bh\u00ed thart ar 1.8 heicte\u00e1r (4.5 acra). Sa bhliain 1898 d\u2019iarr s\u00ed ar William Butler Yeats a chuid inisealacha a ghreanadh ar sheanfhe\u00e1 rua agus thar na blianta ina dhiaidh sin tugadh cuireadh do go leor a\u00edonna&hellip; Read More Garra\u00ed Daingean","og_url":"https:\/\/www.coolepark.ie\/ga\/stair\/garrai-daingean\/","og_site_name":"Anaclann D\u00falra Ph\u00e1irc na C\u00faile","article_publisher":"https:\/\/www.facebook.com\/coolegarrylandnaturereserve","article_modified_time":"2023-09-01T11:37:17+00:00","og_image":[{"width":3872,"height":752,"url":"https:\/\/www.coolepark.ie\/wp-content\/uploads\/2019\/06\/autograph-tree-1.jpg","type":"image\/jpeg"}],"twitter_card":"summary_large_image","twitter_site":"@DeptHousingIRL","twitter_misc":{"Est. reading time":"3 minutes"},"schema":{"@context":"https:\/\/schema.org","@graph":[{"@type":"WebPage","@id":"https:\/\/www.coolepark.ie\/ga\/stair\/garrai-daingean\/","url":"https:\/\/www.coolepark.ie\/ga\/stair\/garrai-daingean\/","name":"Garra\u00ed Daingean - Anaclann D\u00falra Ph\u00e1irc na C\u00faile","isPartOf":{"@id":"https:\/\/www.coolepark.ie\/ga\/#website"},"primaryImageOfPage":{"@id":"https:\/\/www.coolepark.ie\/ga\/stair\/garrai-daingean\/#primaryimage"},"image":{"@id":"https:\/\/www.coolepark.ie\/ga\/stair\/garrai-daingean\/#primaryimage"},"thumbnailUrl":"https:\/\/www.coolepark.ie\/wp-content\/uploads\/2019\/06\/autograph-tree-1.jpg","datePublished":"2015-10-28T12:13:49+00:00","dateModified":"2023-09-01T11:37:17+00:00","breadcrumb":{"@id":"https:\/\/www.coolepark.ie\/ga\/stair\/garrai-daingean\/#breadcrumb"},"inLanguage":"ga-IE","potentialAction":[{"@type":"ReadAction","target":["https:\/\/www.coolepark.ie\/ga\/stair\/garrai-daingean\/"]}]},{"@type":"ImageObject","inLanguage":"ga-IE","@id":"https:\/\/www.coolepark.ie\/ga\/stair\/garrai-daingean\/#primaryimage","url":"https:\/\/www.coolepark.ie\/wp-content\/uploads\/2019\/06\/autograph-tree-1.jpg","contentUrl":"https:\/\/www.coolepark.ie\/wp-content\/uploads\/2019\/06\/autograph-tree-1.jpg","width":3872,"height":752},{"@type":"BreadcrumbList","@id":"https:\/\/www.coolepark.ie\/ga\/stair\/garrai-daingean\/#breadcrumb","itemListElement":[{"@type":"ListItem","position":1,"name":"Home","item":"https:\/\/www.coolepark.ie\/ga\/"},{"@type":"ListItem","position":2,"name":"Stair","item":"https:\/\/www.coolepark.ie\/ga\/stair\/"},{"@type":"ListItem","position":3,"name":"Garra\u00ed Daingean"}]},{"@type":"WebSite","@id":"https:\/\/www.coolepark.ie\/ga\/#website","url":"https:\/\/www.coolepark.ie\/ga\/","name":"Anaclann D\u00falra Ph\u00e1irc na C\u00faile","description":"","potentialAction":[{"@type":"SearchAction","target":{"@type":"EntryPoint","urlTemplate":"https:\/\/www.coolepark.ie\/ga\/?s={search_term_string}"},"query-input":{"@type":"PropertyValueSpecification","valueRequired":true,"valueName":"search_term_string"}}],"inLanguage":"ga-IE"}]}},"_links":{"self":[{"href":"https:\/\/www.coolepark.ie\/ga\/wp-json\/wp\/v2\/pages\/1405","targetHints":{"allow":["GET"]}}],"collection":[{"href":"https:\/\/www.coolepark.ie\/ga\/wp-json\/wp\/v2\/pages"}],"about":[{"href":"https:\/\/www.coolepark.ie\/ga\/wp-json\/wp\/v2\/types\/page"}],"author":[{"embeddable":true,"href":"https:\/\/www.coolepark.ie\/ga\/wp-json\/wp\/v2\/users\/3"}],"replies":[{"embeddable":true,"href":"https:\/\/www.coolepark.ie\/ga\/wp-json\/wp\/v2\/comments?post=1405"}],"version-history":[{"count":1,"href":"https:\/\/www.coolepark.ie\/ga\/wp-json\/wp\/v2\/pages\/1405\/revisions"}],"predecessor-version":[{"id":1672,"href":"https:\/\/www.coolepark.ie\/ga\/wp-json\/wp\/v2\/pages\/1405\/revisions\/1672"}],"up":[{"embeddable":true,"href":"https:\/\/www.coolepark.ie\/ga\/wp-json\/wp\/v2\/pages\/1401"}],"wp:featuredmedia":[{"embeddable":true,"href":"https:\/\/www.coolepark.ie\/ga\/wp-json\/wp\/v2\/media\/1285"}],"wp:attachment":[{"href":"https:\/\/www.coolepark.ie\/ga\/wp-json\/wp\/v2\/media?parent=1405"}],"curies":[{"name":"wp","href":"https:\/\/api.w.org\/{rel}","templated":true}]}}