{"id":1407,"date":"2015-02-03T15:43:29","date_gmt":"2015-02-03T15:43:29","guid":{"rendered":"https:\/\/www.coolepark.ie\/dulra-fiadhulra\/"},"modified":"2023-09-01T11:38:37","modified_gmt":"2023-09-01T11:38:37","slug":"dulra-fiadhulra","status":"publish","type":"page","link":"https:\/\/www.coolepark.ie\/ga\/dulra-fiadhulra\/","title":{"rendered":"D\u00falra &amp; Fiadh\u00falra"},"content":{"rendered":"<h2>Uisc\u00ed na C\u00faile<\/h2>\n<p>T\u00e1 P\u00e1irc na C\u00faile mar chuid de Limist\u00e9ar faoi Chaomhn\u00fa Speisialta Choimpl\u00e9asc na C\u00faile-Ghareal\u00e1in (c\u00f3d su\u00edmh SAC 252), at\u00e1 suite i limist\u00e9ar \u00edseal aolchloiche carstach siar \u00f3n nGort, i gContae na Gaillimhe. T\u00e1 sraith de lochanna s\u00e9as\u00faracha ann (turlaigh), cothaithe ag fuar\u00e1in agus abhainn at\u00e1 faoi uisce go p\u00e1irteach, timpeallaithe ag coillearnach, f\u00e9arach agus fraochmh\u00e1nna aolchloiche. I measc na dturlach is c\u00e1ili\u00fala at\u00e1 ar an su\u00edomh t\u00e1 An Laighdeac\u00e1n, An Chrannach Thuaidh, An R\u00e1ith\u00edn, An Chrannach Theas, An Ch\u00fail, Gaireal\u00e1n, An Baile Nua agus Hawkhill.<\/p>\n<p>T\u00e1 turlaigh ar liosta mar ghn\u00e1th\u00f3g tosa\u00edochta in Iarscr\u00edbhinn I de Threoir an Aontais Eorpaigh um Ghn\u00e1th\u00f3ga, agus is sampla\u00ed an-mhaithe iad turlaigh na C\u00faile-Ghareal\u00e1in den chine\u00e1l seo gn\u00e1th\u00f3ige. I measc fh\u00e1sra na dturlach t\u00e1 lus an chladaigh (<em>Littorella uniflora<\/em>), c\u00edb dh\u00e9ise (<em>Eleocharis palustris<\/em>), puirp\u00edn uisce (<em>Lythrum portula<\/em>) agus sailchuach uisce (<em>Viola persicifolia<\/em>). Taifeadadh speiceas den R\u00e9ilt\u00edn uisce (<em>Callitriche palustris<\/em>) \u00f3n su\u00edomh le d\u00e9ana\u00ed, an t-aon \u00e1it a bhfacthas \u00e9 in \u00c9irinn. Is d\u00edol sp\u00e9ise ar leith abhainn na C\u00faile f\u00e9in mar gheall ar ghn\u00e1th\u00f3g abhann neamhchoitianta a bheith ann le scoth\u00f3g leathan (<em>Bidens tripartita<\/em>), an blonag\u00e1n dearg (<em>Chenopodium rubrum<\/em>) agus speicis den gl\u00faineach bheag (<em>Polygonum spp.<\/em>) mar chomhartha\u00ed s\u00f3irt.<\/p>\n<p>T\u00e1 raon gn\u00e1th\u00f3g ar imeall na dturlach ar p\u00e1bh\u00e1il aolchloiche, lena n-\u00e1ir\u00edtear pobail scrobarna\u00ed ina bhfuil an paide br\u00e9an (<em>Rhamnus catharticus<\/em>) agus an sceach gheal (<em>Crataegus monogyna<\/em>). In \u00e1iteanna, d&#8217;fhorbair pobail fraochmh\u00e1 thar an p\u00e1bh\u00e1il aolchloiche, ina bhfuil fraoch coiteann (<em>Calluna vulgaris<\/em>), aiteal (<em>Juniperus communis<\/em>), f\u00e9ar boirne (<em>Sesleria albicans<\/em>) agus corr i\u00far (<em>Taxus baccata<\/em>). Ina theannta sin, t\u00e1 sampla\u00ed maithe ar an su\u00edomh de chos\u00e1n m\u00edn agus tailte f\u00e9araigh at\u00e1 saibhir i speicis lena mbaineann. T\u00e1 limist\u00e9ir bheaga f\u00e9araigh at\u00e1 saibhir i magairl\u00edn\u00ed ag An Ch\u00fail-Gaireal\u00e1n. \u00c1ir\u00edtear ar an raon ildaite magairl\u00edn\u00ed at\u00e1 le f\u00e1il anseo magairl\u00edn na stuaice (<em>Anacamptis pyramidalis<\/em>), nuacht bhallach (<em>Dactylorhiza spp.<\/em>), lus tadhla (<em>Gymnadenia conopsea<\/em>), Magairl\u00edn na gcuileanna (<em>Ophrys insectifera<\/em>) agus magairl\u00edn m\u00f3r an fheileac\u00e1in (<em>Platantherarantha<\/em>).<\/p>\n<div style=\"font-size: 1.5em; font-weight: 600; padding: 10px; border-top-width: 1px; border-top-style: solid; border-top-color: #0c7815; border-bottom-width: 1px; border-bottom-style: solid; border-bottom-color: #0c7815; text-align: center;\">&#8220;At sudden thunder of the mounting swan<br \/>\nI turned about and looked<br \/>\nwhere branches break<br \/>\nThe glittering reaches of the flooded lake.&#8221;<br \/>\n&#8211; W.B.Yeats &#8216;Coole Park &amp; Ballylee&#8217;, 1931<\/div>\n<p>T\u00e1 dh\u00e1 thurlach eile gar don Ch\u00fail; T\u00e1 turlach Ghareal\u00e1in siar \u00f3n gC\u00fail, agus turlach an Bhaile Nua suite \u00f3 dheas d\u00edreach taobh amuigh den Anaclann. T\u00e1 siad seo go l\u00e9ir rangaithe i measc na sampla\u00ed is fearr d\u00e1 leith\u00e9id, agus t\u00e1 t\u00e1bhacht idirn\u00e1isi\u00fanta leo.<\/p>\n<h2>Coillte na C\u00faile<\/h2>\n<p>Gn\u00e9 shuntasach a bhaineann leis na turlaigh i bP\u00e1irc na C\u00faile is ea go bhfuil dl\u00fathbhaint acu le limist\u00e9ir choillearnacha. C\u00e9 gur athra\u00edodh codanna suntasacha den bhunfhoraois dhuillsilteach go coillearnach bhuairc\u00edneach comhdh\u00e9anta de speicis neamhdh\u00fachasacha, maireann clampa\u00ed de choillearnach dhuillsilteach leathn\u00e1d\u00fartha. Is iad an Dair ghallda (<em>Quercus robur<\/em>) agus an Fhuinseog (<em>Fraxinus excelsior<\/em>) na pr\u00edomhspeicis ar ithreacha n\u00edos doimhne agus n\u00edos torth\u00fala \u00e1it a bhfuil roinnt coll (<em>Corylus avellana<\/em>), corr i\u00far (<em>Taxus baccata<\/em>) agus leamh\u00e1n (<em>Ulmus<\/em> spp.). T\u00e1 roinnt limist\u00e9ir neamhghn\u00e1cha de choillearnach mion-darach ghallda ag f\u00e1s ar ph\u00e1bh\u00e1il aolchloiche freisin. De ghn\u00e1th n\u00ed dh\u00e9anann an speiceas darach seo coil\u00edni\u00fa ar an gcine\u00e1l seo foshraith.<\/p>\n<p><img loading=\"lazy\" decoding=\"async\" class=\"alignleft wp-image-333\" style=\"font-size: 16px;\" src=\"https:\/\/www.coolepark.ie\/wp-content\/uploads\/2018\/07\/bluebells-2-s-300x225.jpg\" alt=\"Cloig\u00edn\u00ed Gorma sa Choill\" width=\"318\" height=\"238\" srcset=\"https:\/\/www.coolepark.ie\/wp-content\/uploads\/2018\/07\/bluebells-2-s-300x225.jpg 300w, https:\/\/www.coolepark.ie\/wp-content\/uploads\/2018\/07\/bluebells-2-s-768x576.jpg 768w, https:\/\/www.coolepark.ie\/wp-content\/uploads\/2018\/07\/bluebells-2-s.jpg 864w\" sizes=\"auto, (max-width: 318px) 100vw, 318px\" \/>T\u00e1 measc\u00e1n de speicis dh\u00fachasacha agus neamhdh\u00fachasacha i gcuid de na coillearnacha duillsilteacha. T\u00e1 ciseal tor ilghn\u00e9itheach ag na coillearnacha measctha seo at\u00e1 comhdh\u00e9anta de chrann feorais (<em>Euonymus europaeus<\/em>), pribh\u00e9ad (<em>Ligustrum vulgare<\/em>), bri\u00fal\u00e1n (<em>Rosa pimpinellifolia<\/em>), caor chon (<em>Viburnum opulus<\/em>), draighean (<em>Prunus spinosa<\/em>), Piorra (<em>Pyrus pyraster<\/em>) agus f\u00e9ithleann ( <em>Lonicera periclymenum<\/em>). T\u00e1 fl\u00f3ra na tal\u00fan saibhir agus cuims\u00edonn s\u00e9 lus na gaoithe (<em>Anemone nemorosa<\/em>), sailchuach chon (<em>Viola riviniana<\/em>), crobh geal (<em>Geranium lucidum<\/em>), lus na seilge (<em>Asplenium trichomanes<\/em>), r\u00fa crua (<em>Galium boreale<\/em>), graf\u00e1n na gcloch (<em>Sedum acre<\/em>), m\u00e9arac\u00e1n gorm (<em>Campanula rotundifolia<\/em>) agus peasair shearbh (<em>Lathyrus montanus<\/em>). T\u00e1 na coillearnacha suntasach mar gheall ar l\u00e1ithreacht speiceas neamhchoitianta fungais <em>Myxomycete<\/em>, is iad sin, <em>Licea idris, Licea marginata<\/em> agus <em>Macbrideola decapillata<\/em>, na c\u00e9ad cinn a ainmn\u00edodh i gceann amh\u00e1in de thr\u00ed shu\u00edomh aitheanta don speiceas.<\/p>\n<p>Sol\u00e1thra\u00edonn coimpl\u00e9asc gn\u00e1th\u00f3g na C\u00faile-Ghareal\u00e1in gn\u00e1th\u00f3g le haghaidh \u00e9ags\u00falacht speiceas mamaigh, lena n-\u00e1ir\u00edtear an Dobharch\u00fa agus an cat crainn. T\u00e1 an Dobharch\u00fa ar liosta in Iarscr\u00edbhinn II de Threoir an AE maidir le Gn\u00e1th\u00f3ga, agus meastar go bhfuil an cat crainn i mbaol san Eoraip. T\u00e1 ceann de na cnuasaigh feithid\u00ed is t\u00e1bhachta\u00ed agus is uath\u00fala sa t\u00edr i gcoimpl\u00e9asc na C\u00faile-Ghareal\u00e1in, lena n-\u00e1ir\u00edtear roinnt speiceas suntasach ciar\u00f3ga agus cuileoga.<\/p>\n<p><img loading=\"lazy\" decoding=\"async\" class=\"alignright wp-image-121 size-medium\" src=\"https:\/\/www.coolepark.ie\/wp-content\/uploads\/2017\/05\/PineMarten-300x200.jpg\" alt=\"Cat Crainn\" width=\"300\" height=\"200\" srcset=\"https:\/\/www.coolepark.ie\/wp-content\/uploads\/2017\/05\/PineMarten-300x200.jpg 300w, https:\/\/www.coolepark.ie\/wp-content\/uploads\/2017\/05\/PineMarten-768x512.jpg 768w, https:\/\/www.coolepark.ie\/wp-content\/uploads\/2017\/05\/PineMarten.jpg 1024w\" sizes=\"auto, (max-width: 300px) 100vw, 300px\" \/><\/p>\n<p>Mar gheall ar Yeats, t\u00e1 aithne ag daoine ar fud an domhain ar na coillte sa Ch\u00fail. D\u00e9anann Yeats tagairt roinnt uaireanta do &#8216;Seven Woods of Coole&#8217;; i nd\u00e1ir\u00edre t\u00e1 n\u00edos m\u00f3 n\u00e1 seacht gcinn ann. Bh\u00ed an-mheas ag na muintir Gregory ar na coillte agus thugadar an-aire d\u00f3ibh, agus roghna\u00edodh ainmneacha go c\u00faramach le haghaidh gach garr\u00e1n agus gach pland\u00e1il. Ainmn\u00edodh an chuid is m\u00f3 d\u00edobh mar gheall ar ghn\u00e9 thopagrafach \u00e1iti\u00fail \u00e9igin, ach ainmn\u00edodh cuid acu i ndiaidh daoine, m.sh. Coill Isabella.<\/p>\n<p>&nbsp;<\/p>\n<p>N\u00ed coillte fi\u00e1ine iad na coillte sa Ch\u00fail, ceantair de choillearnach n\u00e1d\u00fartha nach l\u00e9ir\u00edonn m\u00f3r\u00e1n cur isteach \u00f3n duine. Is coillte iad a dh\u00e9antar a bhainisti\u00fa, a bhfuil bun\u00fas le codanna d\u00edobh sa chl\u00fadach coillearna\u00ed n\u00e1d\u00fartha at\u00e1 f\u00f3s le f\u00e1il i gcoirn\u00e9il anseo agus ansi\u00fad, go h\u00e1irithe ar an taobh thall den loch. T\u00e1 a gcarachtar n\u00e1d\u00fartha cl\u00fadaithe ag cleachtas foraoiseachta a sh\u00edneann siar ar feadh n\u00edos m\u00f3 n\u00e1 200 bliain.<\/p>\n<p>T\u00e1 na speicis chrainn dh\u00fachasacha ar fad le f\u00e1il sa choill sa Ch\u00fail, taobh le taobh le speicis a tugadh isteach, \u00e1it a bhfuil an fhe\u00e1 ar an gceann is fl\u00fairs\u00ed d\u00edobh, agus iad ar fad le f\u00e1il beagnach i ngach \u00e1it ann. Is \u00e9 an fe\u00e1 rua an ceann is c\u00e1ili\u00fala de na crainn seo go l\u00e9ir sa Ch\u00fail, mar is \u00e9 seo an speiceas lena mbaineann an crann s\u00edni\u00fach\u00e1in sa ghaird\u00edn. T\u00e1 crann c\u00e1ili\u00fail eile, an ceann ab fhearr leis an mBantiarna Gregory de na crainn go l\u00e9ir sa Ch\u00fail &#8211; crann Catalpa (<em>Catalpa bignonioides<\/em>), le feice\u00e1il go f\u00f3ill d\u00edreach taobh istigh den bhealach isteach sa ghaird\u00edn. T\u00e1 s\u00e9 caite ag an ngaoth anois agus s\u00ednte, ach fad\u00f3 bh\u00ed s\u00e9 ina chrann iontach, go h\u00e1irithe faoi bhl\u00e1th. Sa bhliain 1995 chuir garin\u00edonacha na Bantiarna Gregory Catalpa eile ina ionad ag an su\u00edomh seo.<\/p>\n<p>Meastar gurb \u00e9 c\u00f3ras turlaigh na C\u00faile-Ghareal\u00e1in an ceann is \u00e9ags\u00fala sa t\u00edr, \u00f3 thaobh fiseagrafa\u00edochta agus f\u00e1sra araon. T\u00e1 s\u00e9 uath\u00fail sa mh\u00e9id is go bhfuil baint chomh dl\u00fath aige le coillearnach. Mar gheall ar chomhshu\u00edomh an d\u00e1 ghn\u00e1th\u00f3g ar leith seo, chomh maith le l\u00e1ithreacht turlaigh \u00e9ags\u00fala, t\u00e1 forbairt ar phobail neamhchoitianta ann, agus t\u00e1 speicis neamhchoitianta feithid\u00ed agus planda\u00ed ann a bhaineann leis na turlaigh agus leis an aistri\u00fa turlaigh\/coillearnach. Tr\u00edd is tr\u00edd, taca\u00edonn raon na ngn\u00e1th\u00f3g dea-ch\u00e1il\u00edochta sa Ch\u00fail-Gaireal\u00e1n le h\u00e9ags\u00falacht ard speiceas planda\u00ed agus ainmhithe, rud a fh\u00e1gann go bhfuil an su\u00edomh seo r\u00edth\u00e1bhachtach \u00f3 thaobh an chaomhnaithe de.<\/p>\n<h2>\u00c9in na C\u00faile<\/h2>\n<p><img loading=\"lazy\" decoding=\"async\" class=\"alignright wp-image-624 size-medium\" src=\"https:\/\/www.coolepark.ie\/wp-content\/uploads\/2019\/06\/Whooper-Swan7-300x225.jpg\" alt=\"Eala Ghl\u00f3rach\" width=\"300\" height=\"225\" srcset=\"https:\/\/www.coolepark.ie\/wp-content\/uploads\/2019\/06\/Whooper-Swan7-300x225.jpg 300w, https:\/\/www.coolepark.ie\/wp-content\/uploads\/2019\/06\/Whooper-Swan7-768x576.jpg 768w, https:\/\/www.coolepark.ie\/wp-content\/uploads\/2019\/06\/Whooper-Swan7-363x272.jpg 363w, https:\/\/www.coolepark.ie\/wp-content\/uploads\/2019\/06\/Whooper-Swan7.jpg 2048w\" sizes=\"auto, (max-width: 300px) 100vw, 300px\" \/><\/p>\n<p>Ainmn\u00edtear an Ch\u00fail\/Gaireal\u00e1n mar Limist\u00e9ar faoi Chosaint Speisialta freisin (c\u00f3d su\u00edmh SPA 107) le haghaidh \u00e9in faoi Threoir an AE maidir le h\u00c9in 1979. Is \u00e9 is c\u00fais leis seo go pr\u00edomha n\u00e1 a th\u00e1bhachta\u00ed at\u00e1 s\u00e9 d\u2019\u00e9in uisce gheimhrithe, go h\u00e1irithe an Eala Ghl\u00f3rach (me\u00e1n bhuaicphointe de 324 in 1995\/96 \u2013 98\/99), Eala Bewick (79 sa gheimhreadh in 1996\/97), Lacha rua (me\u00e1n bhuaicphointe 1044 in 1995\/96). \u2013 98\/99), Mallard ((me\u00e1nbhuaicphointe de 330 i 1995\/96 \u2013 98\/99), Pochard (me\u00e1n bhuaicphointe 176 sa gheimhreadh 1995\/96 \u2013 98\/99), chomh maith le l\u00edon n\u00edos l\u00fa de phraslacha, Lacha bhad\u00e1nach, Pilib\u00edn, Crotach agus cearc ghainimh. Sa bhliain 1996 ph\u00f3raigh seacht bp\u00e9ire Pilib\u00edn ag Turlach an Bhaile Nua agus ph\u00f3raigh dh\u00e1 ph\u00e9ire Gaineamhlach ag Loch na C\u00faile.<\/p>\n<p>Is gn\u00e1th\u00f3g an-tarraingteach freisin d&#8217;\u00e9in go ginear\u00e1lta iad na coillte sa Ch\u00fal. Sol\u00e1thra\u00edonn na crainn iad f\u00e9in cuaill\u00ed cr\u00edche amhr\u00e1na\u00edochta agus su\u00edomhanna neadaithe chomh maith le h\u00e1iteanna fara sa gheimhreadh. Faoi bhun na gcrann t\u00e1 \u00e9ags\u00falacht mh\u00f3r de phlanda\u00ed agus toir s\u00edl a shol\u00e1thra\u00edonn bia do na h\u00e9in. Sa samhradh b\u00edonn sol\u00e1thar bia breise ag \u00e9in na coillearna\u00ed leis na feithid\u00ed a fheictear ann. Is gn\u00e1ch go mb\u00edonn na speicis \u00e9ags\u00fala \u00e9an ag coth\u00fa ag leibh\u00e9il \u00e9ags\u00fala sna sraitheanna coillearna\u00ed agus mar sin seachna\u00edonn siad dul in ioma\u00edocht lena ch\u00e9ile le haghaidh bia. I measc na n-\u00e9an a fhaightear go coitianta sa choill t\u00e1 speicis n\u00edos m\u00f3 cos\u00fail le Collm coille, spior\u00f3g agus Scr\u00e9ach\u00f3g, at\u00e1 \u00e9asca le haithint \u00f3na m\u00e9id, a bpatr\u00fan eitilte agus a nglaonna. I measc na speiceas n\u00edos l\u00fa a fheictear go coitianta t\u00e1 an spideog, an Lon Dubh, an Sm\u00f3lach ceoil, an Dreoil\u00edn, an Donn\u00f3g chomh maith le baill d\u2019fhine an ghlas\u00e1in agus an mheant\u00e1in agus cuairteoir\u00ed samhraidh ar n\u00f3s tiuf-teaf agus an ceolaire Sail\u00ed.<\/p>\n","protected":false},"excerpt":{"rendered":"<p>Uisc\u00ed na C\u00faile T\u00e1 P\u00e1irc na C\u00faile mar chuid de Limist\u00e9ar faoi Chaomhn\u00fa Speisialta Choimpl\u00e9asc na C\u00faile-Ghareal\u00e1in (c\u00f3d su\u00edmh SAC 252), at\u00e1 suite i limist\u00e9ar \u00edseal aolchloiche carstach siar \u00f3n nGort, i gContae na Gaillimhe. T\u00e1 sraith de lochanna s\u00e9as\u00faracha ann (turlaigh), cothaithe ag fuar\u00e1in agus abhainn at\u00e1 faoi uisce go p\u00e1irteach, timpeallaithe ag coillearnach,&hellip; <a class=\"continue\" href=\"https:\/\/www.coolepark.ie\/ga\/dulra-fiadhulra\/\">Read More<span> D\u00falra &amp; Fiadh\u00falra<\/span><\/a><\/p>\n","protected":false},"author":3,"featured_media":1264,"parent":0,"menu_order":5,"comment_status":"closed","ping_status":"closed","template":"full-width.php","meta":{"footnotes":""},"class_list":["post-1407","page","type-page","status-publish","has-post-thumbnail","hentry"],"yoast_head":"<!-- This site is optimized with the Yoast SEO plugin v27.3 - https:\/\/yoast.com\/product\/yoast-seo-wordpress\/ -->\n<title>D\u00falra &amp; Fiadh\u00falra - Anaclann D\u00falra Ph\u00e1irc na C\u00faile<\/title>\n<meta name=\"robots\" content=\"index, follow, max-snippet:-1, max-image-preview:large, max-video-preview:-1\" \/>\n<link rel=\"canonical\" href=\"https:\/\/www.coolepark.ie\/ga\/dulra-fiadhulra\/\" \/>\n<meta property=\"og:locale\" content=\"ga_IE\" \/>\n<meta property=\"og:type\" content=\"article\" \/>\n<meta property=\"og:title\" content=\"D\u00falra &amp; Fiadh\u00falra - Anaclann D\u00falra Ph\u00e1irc na C\u00faile\" \/>\n<meta property=\"og:description\" content=\"Uisc\u00ed na C\u00faile T\u00e1 P\u00e1irc na C\u00faile mar chuid de Limist\u00e9ar faoi Chaomhn\u00fa Speisialta Choimpl\u00e9asc na C\u00faile-Ghareal\u00e1in (c\u00f3d su\u00edmh SAC 252), at\u00e1 suite i limist\u00e9ar \u00edseal aolchloiche carstach siar \u00f3n nGort, i gContae na Gaillimhe. T\u00e1 sraith de lochanna s\u00e9as\u00faracha ann (turlaigh), cothaithe ag fuar\u00e1in agus abhainn at\u00e1 faoi uisce go p\u00e1irteach, timpeallaithe ag coillearnach,&hellip; Read More D\u00falra &amp; Fiadh\u00falra\" \/>\n<meta property=\"og:url\" content=\"https:\/\/www.coolepark.ie\/ga\/dulra-fiadhulra\/\" \/>\n<meta property=\"og:site_name\" content=\"Anaclann D\u00falra Ph\u00e1irc na C\u00faile\" \/>\n<meta property=\"article:publisher\" content=\"https:\/\/www.facebook.com\/coolegarrylandnaturereserve\" \/>\n<meta property=\"article:modified_time\" content=\"2023-09-01T11:38:37+00:00\" \/>\n<meta property=\"og:image\" content=\"https:\/\/www.coolepark.ie\/wp-content\/uploads\/2019\/05\/cropped-Red-Deer-At-Cooole-Park-1.jpg\" \/>\n\t<meta property=\"og:image:width\" content=\"1400\" \/>\n\t<meta property=\"og:image:height\" content=\"272\" \/>\n\t<meta property=\"og:image:type\" content=\"image\/jpeg\" \/>\n<meta name=\"twitter:card\" content=\"summary_large_image\" \/>\n<meta name=\"twitter:site\" content=\"@DeptHousingIRL\" \/>\n<meta name=\"twitter:label1\" content=\"Est. reading time\" \/>\n\t<meta name=\"twitter:data1\" content=\"8 minutes\" \/>\n<script type=\"application\/ld+json\" class=\"yoast-schema-graph\">{\"@context\":\"https:\\\/\\\/schema.org\",\"@graph\":[{\"@type\":\"WebPage\",\"@id\":\"https:\\\/\\\/www.coolepark.ie\\\/ga\\\/dulra-fiadhulra\\\/\",\"url\":\"https:\\\/\\\/www.coolepark.ie\\\/ga\\\/dulra-fiadhulra\\\/\",\"name\":\"D\u00falra &amp; Fiadh\u00falra - Anaclann D\u00falra Ph\u00e1irc na C\u00faile\",\"isPartOf\":{\"@id\":\"https:\\\/\\\/www.coolepark.ie\\\/ga\\\/#website\"},\"primaryImageOfPage\":{\"@id\":\"https:\\\/\\\/www.coolepark.ie\\\/ga\\\/dulra-fiadhulra\\\/#primaryimage\"},\"image\":{\"@id\":\"https:\\\/\\\/www.coolepark.ie\\\/ga\\\/dulra-fiadhulra\\\/#primaryimage\"},\"thumbnailUrl\":\"https:\\\/\\\/www.coolepark.ie\\\/wp-content\\\/uploads\\\/2019\\\/05\\\/cropped-Red-Deer-At-Cooole-Park-1.jpg\",\"datePublished\":\"2015-02-03T15:43:29+00:00\",\"dateModified\":\"2023-09-01T11:38:37+00:00\",\"breadcrumb\":{\"@id\":\"https:\\\/\\\/www.coolepark.ie\\\/ga\\\/dulra-fiadhulra\\\/#breadcrumb\"},\"inLanguage\":\"ga-IE\",\"potentialAction\":[{\"@type\":\"ReadAction\",\"target\":[\"https:\\\/\\\/www.coolepark.ie\\\/ga\\\/dulra-fiadhulra\\\/\"]}]},{\"@type\":\"ImageObject\",\"inLanguage\":\"ga-IE\",\"@id\":\"https:\\\/\\\/www.coolepark.ie\\\/ga\\\/dulra-fiadhulra\\\/#primaryimage\",\"url\":\"https:\\\/\\\/www.coolepark.ie\\\/wp-content\\\/uploads\\\/2019\\\/05\\\/cropped-Red-Deer-At-Cooole-Park-1.jpg\",\"contentUrl\":\"https:\\\/\\\/www.coolepark.ie\\\/wp-content\\\/uploads\\\/2019\\\/05\\\/cropped-Red-Deer-At-Cooole-Park-1.jpg\",\"width\":1400,\"height\":272,\"caption\":\"Red Deer at Coole\"},{\"@type\":\"BreadcrumbList\",\"@id\":\"https:\\\/\\\/www.coolepark.ie\\\/ga\\\/dulra-fiadhulra\\\/#breadcrumb\",\"itemListElement\":[{\"@type\":\"ListItem\",\"position\":1,\"name\":\"Home\",\"item\":\"https:\\\/\\\/www.coolepark.ie\\\/ga\\\/\"},{\"@type\":\"ListItem\",\"position\":2,\"name\":\"D\u00falra &amp; Fiadh\u00falra\"}]},{\"@type\":\"WebSite\",\"@id\":\"https:\\\/\\\/www.coolepark.ie\\\/ga\\\/#website\",\"url\":\"https:\\\/\\\/www.coolepark.ie\\\/ga\\\/\",\"name\":\"Anaclann D\u00falra Ph\u00e1irc na C\u00faile\",\"description\":\"\",\"potentialAction\":[{\"@type\":\"SearchAction\",\"target\":{\"@type\":\"EntryPoint\",\"urlTemplate\":\"https:\\\/\\\/www.coolepark.ie\\\/ga\\\/?s={search_term_string}\"},\"query-input\":{\"@type\":\"PropertyValueSpecification\",\"valueRequired\":true,\"valueName\":\"search_term_string\"}}],\"inLanguage\":\"ga-IE\"}]}<\/script>\n<!-- \/ Yoast SEO plugin. -->","yoast_head_json":{"title":"D\u00falra &amp; Fiadh\u00falra - Anaclann D\u00falra Ph\u00e1irc na C\u00faile","robots":{"index":"index","follow":"follow","max-snippet":"max-snippet:-1","max-image-preview":"max-image-preview:large","max-video-preview":"max-video-preview:-1"},"canonical":"https:\/\/www.coolepark.ie\/ga\/dulra-fiadhulra\/","og_locale":"ga_IE","og_type":"article","og_title":"D\u00falra &amp; Fiadh\u00falra - Anaclann D\u00falra Ph\u00e1irc na C\u00faile","og_description":"Uisc\u00ed na C\u00faile T\u00e1 P\u00e1irc na C\u00faile mar chuid de Limist\u00e9ar faoi Chaomhn\u00fa Speisialta Choimpl\u00e9asc na C\u00faile-Ghareal\u00e1in (c\u00f3d su\u00edmh SAC 252), at\u00e1 suite i limist\u00e9ar \u00edseal aolchloiche carstach siar \u00f3n nGort, i gContae na Gaillimhe. T\u00e1 sraith de lochanna s\u00e9as\u00faracha ann (turlaigh), cothaithe ag fuar\u00e1in agus abhainn at\u00e1 faoi uisce go p\u00e1irteach, timpeallaithe ag coillearnach,&hellip; Read More D\u00falra &amp; Fiadh\u00falra","og_url":"https:\/\/www.coolepark.ie\/ga\/dulra-fiadhulra\/","og_site_name":"Anaclann D\u00falra Ph\u00e1irc na C\u00faile","article_publisher":"https:\/\/www.facebook.com\/coolegarrylandnaturereserve","article_modified_time":"2023-09-01T11:38:37+00:00","og_image":[{"width":1400,"height":272,"url":"https:\/\/www.coolepark.ie\/wp-content\/uploads\/2019\/05\/cropped-Red-Deer-At-Cooole-Park-1.jpg","type":"image\/jpeg"}],"twitter_card":"summary_large_image","twitter_site":"@DeptHousingIRL","twitter_misc":{"Est. reading time":"8 minutes"},"schema":{"@context":"https:\/\/schema.org","@graph":[{"@type":"WebPage","@id":"https:\/\/www.coolepark.ie\/ga\/dulra-fiadhulra\/","url":"https:\/\/www.coolepark.ie\/ga\/dulra-fiadhulra\/","name":"D\u00falra &amp; Fiadh\u00falra - Anaclann D\u00falra Ph\u00e1irc na C\u00faile","isPartOf":{"@id":"https:\/\/www.coolepark.ie\/ga\/#website"},"primaryImageOfPage":{"@id":"https:\/\/www.coolepark.ie\/ga\/dulra-fiadhulra\/#primaryimage"},"image":{"@id":"https:\/\/www.coolepark.ie\/ga\/dulra-fiadhulra\/#primaryimage"},"thumbnailUrl":"https:\/\/www.coolepark.ie\/wp-content\/uploads\/2019\/05\/cropped-Red-Deer-At-Cooole-Park-1.jpg","datePublished":"2015-02-03T15:43:29+00:00","dateModified":"2023-09-01T11:38:37+00:00","breadcrumb":{"@id":"https:\/\/www.coolepark.ie\/ga\/dulra-fiadhulra\/#breadcrumb"},"inLanguage":"ga-IE","potentialAction":[{"@type":"ReadAction","target":["https:\/\/www.coolepark.ie\/ga\/dulra-fiadhulra\/"]}]},{"@type":"ImageObject","inLanguage":"ga-IE","@id":"https:\/\/www.coolepark.ie\/ga\/dulra-fiadhulra\/#primaryimage","url":"https:\/\/www.coolepark.ie\/wp-content\/uploads\/2019\/05\/cropped-Red-Deer-At-Cooole-Park-1.jpg","contentUrl":"https:\/\/www.coolepark.ie\/wp-content\/uploads\/2019\/05\/cropped-Red-Deer-At-Cooole-Park-1.jpg","width":1400,"height":272,"caption":"Red Deer at Coole"},{"@type":"BreadcrumbList","@id":"https:\/\/www.coolepark.ie\/ga\/dulra-fiadhulra\/#breadcrumb","itemListElement":[{"@type":"ListItem","position":1,"name":"Home","item":"https:\/\/www.coolepark.ie\/ga\/"},{"@type":"ListItem","position":2,"name":"D\u00falra &amp; Fiadh\u00falra"}]},{"@type":"WebSite","@id":"https:\/\/www.coolepark.ie\/ga\/#website","url":"https:\/\/www.coolepark.ie\/ga\/","name":"Anaclann D\u00falra Ph\u00e1irc na C\u00faile","description":"","potentialAction":[{"@type":"SearchAction","target":{"@type":"EntryPoint","urlTemplate":"https:\/\/www.coolepark.ie\/ga\/?s={search_term_string}"},"query-input":{"@type":"PropertyValueSpecification","valueRequired":true,"valueName":"search_term_string"}}],"inLanguage":"ga-IE"}]}},"_links":{"self":[{"href":"https:\/\/www.coolepark.ie\/ga\/wp-json\/wp\/v2\/pages\/1407","targetHints":{"allow":["GET"]}}],"collection":[{"href":"https:\/\/www.coolepark.ie\/ga\/wp-json\/wp\/v2\/pages"}],"about":[{"href":"https:\/\/www.coolepark.ie\/ga\/wp-json\/wp\/v2\/types\/page"}],"author":[{"embeddable":true,"href":"https:\/\/www.coolepark.ie\/ga\/wp-json\/wp\/v2\/users\/3"}],"replies":[{"embeddable":true,"href":"https:\/\/www.coolepark.ie\/ga\/wp-json\/wp\/v2\/comments?post=1407"}],"version-history":[{"count":1,"href":"https:\/\/www.coolepark.ie\/ga\/wp-json\/wp\/v2\/pages\/1407\/revisions"}],"predecessor-version":[{"id":1676,"href":"https:\/\/www.coolepark.ie\/ga\/wp-json\/wp\/v2\/pages\/1407\/revisions\/1676"}],"wp:featuredmedia":[{"embeddable":true,"href":"https:\/\/www.coolepark.ie\/ga\/wp-json\/wp\/v2\/media\/1264"}],"wp:attachment":[{"href":"https:\/\/www.coolepark.ie\/ga\/wp-json\/wp\/v2\/media?parent=1407"}],"curies":[{"name":"wp","href":"https:\/\/api.w.org\/{rel}","templated":true}]}}