{"id":1409,"date":"2015-09-29T13:59:17","date_gmt":"2015-09-29T13:59:17","guid":{"rendered":"https:\/\/www.coolepark.ie\/dulra-fiadhulra\/coillte-na-cuile-gharealain\/"},"modified":"2023-09-01T11:53:22","modified_gmt":"2023-09-01T11:53:22","slug":"coillte-na-cuile-gharealain","status":"publish","type":"page","link":"https:\/\/www.coolepark.ie\/ga\/dulra-fiadhulra\/coillte-na-cuile-gharealain\/","title":{"rendered":"Coillte na C\u00faile-Ghareal\u00e1in"},"content":{"rendered":"<p>Mar gheall ar Yeats, t\u00e1 aithne ag daoine ar fud an domhain ar choillte na C\u00faile. D\u00e9anann Yeats tagairt roinnt uaireanta do &#8216;Seven Woods of Coole&#8217;: ach i nd\u00e1ir\u00edre t\u00e1 n\u00edos m\u00f3 n\u00e1 seacht gcinn ann. Ar an ioml\u00e1n, t\u00e1 timpeall 178 heicte\u00e1r i gcoillearnacha Anaclann D\u00falra na C\u00faile-Ghareal\u00e1in. Bh\u00ed an-mheas ag muintir Gregory ar na coillte agus thugadar an-aire d\u00f3ibh. Roghna\u00edodh ainmneacha go c\u00faramach le haghaidh gach garr\u00e1n agus gach pland\u00e1il. Ainmn\u00edodh an chuid is m\u00f3 d\u00edobh mar gheall ar ghn\u00e9 thopagrafach \u00e1iti\u00fail \u00e9igin, ach ainmn\u00edodh cuid acu i ndiaidh daoine, m.sh. Coill Isabella.<\/p>\n<h2><span lang=\"EN-GB\">Coillte bainistithe<img loading=\"lazy\" decoding=\"async\" class=\"alignright wp-image-313 size-medium\" src=\"https:\/\/www.coolepark.ie\/wp-content\/uploads\/2018\/07\/7-woods-path-3-225x300.jpg\" alt=\"Coillte na C\u00faile\" width=\"225\" height=\"300\" srcset=\"https:\/\/www.coolepark.ie\/wp-content\/uploads\/2018\/07\/7-woods-path-3-225x300.jpg 225w, https:\/\/www.coolepark.ie\/wp-content\/uploads\/2018\/07\/7-woods-path-3.jpg 648w\" sizes=\"auto, (max-width: 225px) 100vw, 225px\" \/><\/span><\/h2>\n<p>T\u00e1 s\u00e9 soil\u00e9ir \u00f3na n-ainmneacha gur cuireadh cuid de choillte na C\u00faile agus nach coillte fi\u00e1ine iad \u2013 limist\u00e9ir de choillearnach n\u00e1d\u00fartha nach bhfuil m\u00f3r\u00e1n cur isteach d\u00e9anta ag an gcine daonna orthu. Ba coillte bainistithe a bh\u00ed iontu. T\u00e1 bun\u00fas chodanna de na coillte, \u00e1fach, sa chl\u00fadach coillearna\u00ed n\u00e1d\u00fartha. Is f\u00e9idir \u00e9 seo a fh\u00e1il f\u00f3s i gcorr choirn\u00e9al, go h\u00e1irithe ar an taobh thall den loch. T\u00e1 a gcarachtar n\u00e1d\u00fartha cl\u00fadaithe ag cleachtas foraoiseachta a sh\u00edneann siar ar feadh n\u00edos m\u00f3 n\u00e1 200 bliain. Is \u00e9ard a bh\u00ed sna coillte n\u00e1 measc\u00e1n de sheanphland\u00e1lacha east\u00e1it de choillearnach dhuillsilteach mheasctha agus fe\u00e1 go pr\u00edomha agus roinnt iarsma\u00ed de sheanchoillearnach dh\u00fachasach agus roinnt clampa\u00ed monashaothraithe de spr\u00fais na hIorua.<\/p>\n<p>Cuireadh clampa\u00ed monashaothraithe de bhuairc\u00ednigh \u00f3 1927 nuair a ghlac Seirbh\u00eds Foraoiseachta na h\u00c9ireann seilbh ar an east\u00e1t. Is f\u00e9idir iarsma\u00ed de phland\u00e1il n\u00edos luaithe nuair a bh\u00ed an \u00e1it ag muintir Gregory le feice\u00e1il timpeall na C\u00faile. Ina measc seo t\u00e1 fe\u00e1 agus buairc\u00ednigh \u2013 go h\u00e1irithe, gi\u00fais gheal. T\u00e1 \u00e9ags\u00falacht eiseamail bhuairc\u00edneach a chuir William Gregory \u00f3 1853 \u2013 1856 san \u201cacra saibhir\u201d, at\u00e1 suite d\u00edreach \u00f3 thuaidh den gharra\u00ed daingean sa Ch\u00fail. Baineadh na clampa\u00ed monashaothraithe deiridh de bhuairc\u00ednigh in 2015 agus t\u00e1 na limist\u00e9ir seo \u00e1 bhf\u00e1g\u00e1il le hathghini\u00faint ina gcoillearnach d\u00fachasach.<\/p>\n<p>Measc\u00e1n de speicis dh\u00fachasacha agus neamhdh\u00fachasacha is m\u00f3 at\u00e1 sna coillearnacha duillsilteacha lena n-\u00e1ir\u00edtear fuinseog <i>(Fraxinus excelsior)<\/i>, fe\u00e1 <i>(Fagus sylvatica)<\/i> agus dair ghallda <i>(Quercus robur)<\/i>. T\u00e1 ciseal tor ilghn\u00e9itheach ag na coillearnacha measctha seo at\u00e1 comhdh\u00e9anta de chrann feorais <i>(Corylus avellana)<\/i>, <i>(Euonymus europaeus)<\/i>, pribh\u00e9ad <i>(Ligustrum vulgare)<\/i>, bri\u00fal\u00e1n <i>(Rosa pimpinellifolia)<\/i>, caor chon <i>(Viburnum opulus)<\/i>, draighean <i>(Cratagus monogyna)<\/i>, <i>(Prunus spinosa)<\/i>, Piorra <i>(Pyrus pyraster)<\/i> agus f\u00e9ithleann <i>(Lonicera periclymenum)<\/i>. T\u00e1 fl\u00f3ra na tal\u00fan saibhir agus \u00e1ir\u00edtear ann lus na gaoithe <i>(Anemone nemorosa)<\/i>, coinnle corra <i>(Scilla hyacynthioides)<\/i>, sailchuach <i>(Viola riviniana)<\/i> agus \u00e9ags\u00falacht raithneach.<\/p>\n<h2>Coillearnach D\u00fachasach<\/h2>\n<p><img loading=\"lazy\" decoding=\"async\" class=\"size-medium wp-image-333 alignleft\" src=\"https:\/\/www.coolepark.ie\/wp-content\/uploads\/2018\/07\/bluebells-2-s-300x225.jpg\" alt=\"Cloig\u00edn\u00ed Gorma sa Choill\" width=\"300\" height=\"225\" srcset=\"https:\/\/www.coolepark.ie\/wp-content\/uploads\/2018\/07\/bluebells-2-s-300x225.jpg 300w, https:\/\/www.coolepark.ie\/wp-content\/uploads\/2018\/07\/bluebells-2-s-768x576.jpg 768w, https:\/\/www.coolepark.ie\/wp-content\/uploads\/2018\/07\/bluebells-2-s.jpg 864w\" sizes=\"auto, (max-width: 300px) 100vw, 300px\" \/><br \/>\nT\u00e1 iarsma\u00ed de sheanchoillearnach dh\u00fachasach f\u00f3s i gCoill na hIns\u00ed, siar \u00f3 dheas \u00f3n gC\u00fail. B&#8217;fh\u00e9idir go bhfuil an choillearnach is suimi\u00fala sa Ghaireal\u00e1n. Sna clampa\u00ed de choillearnach dhuillsilteach leathn\u00e1d\u00fartha, is iad an Dair ghallda <i>(Quercus robur)<\/i> agus an Fhuinseog <i>(Fraxinus excelsior)<\/i> na pr\u00edomhspeicis in ithreacha n\u00edos doimhne agus n\u00edos torth\u00fala. B\u00edonn Coll (<i>Coll Corylus<\/i>), corr I\u00far (<i>Taxus baccata<\/i>) agus Leamh\u00e1n (<i>Ulmus spp.<\/i>) le f\u00e1il freisin.<\/p>\n<p>T\u00e1 gn\u00e9 den choillearnach sp\u00e9isi\u00fail eile le f\u00e1il sa Ghaireal\u00e1n. T\u00e1 limist\u00e9ir bheaga p\u00e1bh\u00e1la aolchloiche le f\u00e1il ar imeall an anaclann d\u00falra \u00e1it a mbuaileann an choillearnach le turlach an Bhaile Nua. Taca\u00edonn siad seo le clampa\u00ed iarg\u00falta p\u00e9ine Albanach (<i>Pinus sylvestris<\/i>), ag f\u00e1s in \u00e9ineacht le hi\u00fair, dair agus fi\u00fa aiteal. T\u00e1 coillearnach den chine\u00e1l seo f\u00edor-neamhchoitianta in \u00c9irinn anois. Meastar go raibh s\u00e9 i bhfad n\u00edos forleithne uair amh\u00e1in i gceantar aolchloiche n\u00edos leithne na Boirne, \u00e1fach, sular th\u00e1inig an cine daonna isteach sa t\u00edrdhreach, breis agus 6,000 bliain \u00f3 shin.<\/p>\n<p>T\u00e1 roinnt clampa\u00ed de choillearnach, a bhfuil i\u00fair i gceannas iontu, le f\u00e1il sa Ghaireal\u00e1n. Tarla\u00edonn siad seo de ghn\u00e1th in \u00e1iteanna ina bhfuil p\u00e1bh\u00e1il aolchloiche ar dhromchla na tal\u00fan n\u00f3 gar d\u00f3. F\u00e1sann an t-i\u00far in \u00e9ineacht le dair ghallda. L\u00e9ir\u00edonn fianaise eola\u00edoch go raibh coillearnach i\u00far go pr\u00edomha i gcuid mh\u00f3r de cheantar Bhoirne ar feadh dh\u00e1 thr\u00e9imhse ina stair. Tharla s\u00e9 seo sular th\u00e1inig daoine go dt\u00ed an ceantar. T\u00e1 coillearnach i\u00far f\u00edor-neamhchoitianta anois i gcomhth\u00e9acs Eorpach agus is gn\u00e1th\u00f3g tosa\u00edochta \u00e9 faoi Threoir an AE maidir le Gn\u00e1th\u00f3ga. T\u00e1 a l\u00e1ithreacht sa Ghaireal\u00e1n an-suntasach mar sin.<\/p>\n<p>Gn\u00e9 shuntasach eile a bhaineann le coillte na C\u00faile-Ghareal\u00e1in is ea an dl\u00fathbhaint at\u00e1 acu leis an turlach. D\u00e9anann an choill comh\u00e9adan go d\u00edreach le turlaigh na C\u00faile, an Bhaile Nua, an D\u00falocha agus Ghareal\u00e1in. Sa gheimhreadh, t\u00e1 codanna suntasacha de na coillte faoi uisce. T\u00e1 an caonach turlaigh le f\u00e1il ar an stoc agus ar bhrains\u00ed \u00edochtair na gcrann rud a l\u00e9ir\u00edonn leibh\u00e9al an tumtha. Is saintr\u00e9ith den chomh\u00e9adan seo \u00e9 an tor, an paide br\u00e9an (<i>Rhamnus catharticus<\/i>), chomh maith leis an sceach gheal. Is f\u00e9idir leis tarl\u00fa go fl\u00fairseach anseo go h\u00e1irithe. N\u00edl an tor seo chomh coitianta in \u00e1iteanna eile. Is \u00e9 bia planda bolb an f\u00e9ileac\u00e1n m\u00f3r, bu\u00ed, Brimstone \u00e9 agus an ch\u00fais le fl\u00fairse an fh\u00e9ileac\u00e1in sin san anaclann.<\/p>\n<h2>Luach Caomhnaithe<\/h2>\n<p>Rinneadh suirbh\u00e9 n\u00e1isi\u00fanta ar choillearnacha na h\u00c9ireann idir 2003 agus 2007. As na 1,217 coillearnach a ndearnadh meas\u00fan\u00fa orthu sa suirbh\u00e9 seo, bh\u00ed coillearnacha na C\u00faile-Ghareal\u00e1in rangaithe ar na cinn is airde, i dt\u00e9arma\u00ed luach caomhnaithe.<\/p>\n<h2>Aidhmeanna Bainist\u00edochta<\/h2>\n<p>Is iad na haidhmeanna fadt\u00e9armacha \u00f3 thaobh bainisti\u00fa coillearna\u00ed ag Anaclann D\u00falra na C\u00faile-Ghareal\u00e1in n\u00e1 borradh na coillearna\u00ed d\u00fachasacha a chur chun cinn. Baineadh na clampa\u00ed monashaothraithe spr\u00fais cheana f\u00e9in chun go bhf\u00e9adfa\u00ed speicis coillearna\u00ed d\u00fachasacha a athghini\u00faint go n\u00e1d\u00fartha. I gceantair inar baineadh spr\u00fais thart ar an mbliain 2000, t\u00e1 dea-athghini\u00faint ar si\u00fal i gcoillearnach mheasctha fuinseoige\/coill darach. Bainfear na clampa\u00ed at\u00e1 f\u00e1gtha go luath freisin. D\u00e9anfar rial\u00fa ar speicis neamhdh\u00fachasacha agus speicis ionracha cos\u00fail leis an p\u00f3ir\u00edn sneachta agus seiceamar a bhfuil baol leo codanna den choillearnach a ionradh. San fhadt\u00e9arma, bainfear fe\u00e1 agus speicis chrainn neamhdh\u00fachasacha eile de r\u00e9ir a ch\u00e9ile le go mbeidh an fhuinseog, an dair agus an leamh\u00e1n in ann a bheith faoi bhl\u00e1th.<\/p>\n","protected":false},"excerpt":{"rendered":"<p>Mar gheall ar Yeats, t\u00e1 aithne ag daoine ar fud an domhain ar choillte na C\u00faile. D\u00e9anann Yeats tagairt roinnt uaireanta do &#8216;Seven Woods of Coole&#8217;: ach i nd\u00e1ir\u00edre t\u00e1 n\u00edos m\u00f3 n\u00e1 seacht gcinn ann. Ar an ioml\u00e1n, t\u00e1 timpeall 178 heicte\u00e1r i gcoillearnacha Anaclann D\u00falra na C\u00faile-Ghareal\u00e1in. Bh\u00ed an-mheas ag muintir Gregory ar&hellip; <a class=\"continue\" href=\"https:\/\/www.coolepark.ie\/ga\/dulra-fiadhulra\/coillte-na-cuile-gharealain\/\">Read More<span> Coillte na C\u00faile-Ghareal\u00e1in<\/span><\/a><\/p>\n","protected":false},"author":3,"featured_media":1193,"parent":1407,"menu_order":4,"comment_status":"closed","ping_status":"closed","template":"full-width.php","meta":{"footnotes":""},"class_list":["post-1409","page","type-page","status-publish","has-post-thumbnail","hentry"],"yoast_head":"<!-- This site is optimized with the Yoast SEO plugin v27.3 - https:\/\/yoast.com\/product\/yoast-seo-wordpress\/ -->\n<title>Coillte na C\u00faile-Ghareal\u00e1in - Anaclann D\u00falra Ph\u00e1irc na C\u00faile<\/title>\n<meta name=\"robots\" content=\"index, follow, max-snippet:-1, max-image-preview:large, max-video-preview:-1\" \/>\n<link rel=\"canonical\" href=\"https:\/\/www.coolepark.ie\/ga\/dulra-fiadhulra\/coillte-na-cuile-gharealain\/\" \/>\n<meta property=\"og:locale\" content=\"ga_IE\" \/>\n<meta property=\"og:type\" content=\"article\" \/>\n<meta property=\"og:title\" content=\"Coillte na C\u00faile-Ghareal\u00e1in - Anaclann D\u00falra Ph\u00e1irc na C\u00faile\" \/>\n<meta property=\"og:description\" content=\"Mar gheall ar Yeats, t\u00e1 aithne ag daoine ar fud an domhain ar choillte na C\u00faile. D\u00e9anann Yeats tagairt roinnt uaireanta do &#8216;Seven Woods of Coole&#8217;: ach i nd\u00e1ir\u00edre t\u00e1 n\u00edos m\u00f3 n\u00e1 seacht gcinn ann. Ar an ioml\u00e1n, t\u00e1 timpeall 178 heicte\u00e1r i gcoillearnacha Anaclann D\u00falra na C\u00faile-Ghareal\u00e1in. Bh\u00ed an-mheas ag muintir Gregory ar&hellip; Read More Coillte na C\u00faile-Ghareal\u00e1in\" \/>\n<meta property=\"og:url\" content=\"https:\/\/www.coolepark.ie\/ga\/dulra-fiadhulra\/coillte-na-cuile-gharealain\/\" \/>\n<meta property=\"og:site_name\" content=\"Anaclann D\u00falra Ph\u00e1irc na C\u00faile\" \/>\n<meta property=\"article:publisher\" content=\"https:\/\/www.facebook.com\/coolegarrylandnaturereserve\" \/>\n<meta property=\"article:modified_time\" content=\"2023-09-01T11:53:22+00:00\" \/>\n<meta property=\"og:image\" content=\"https:\/\/www.coolepark.ie\/wp-content\/uploads\/2017\/05\/cropped-EntranceAveJS_700x300.png\" \/>\n\t<meta property=\"og:image:width\" content=\"1400\" \/>\n\t<meta property=\"og:image:height\" content=\"272\" \/>\n\t<meta property=\"og:image:type\" content=\"image\/png\" \/>\n<meta name=\"twitter:card\" content=\"summary_large_image\" \/>\n<meta name=\"twitter:site\" content=\"@DeptHousingIRL\" \/>\n<meta name=\"twitter:label1\" content=\"Est. reading time\" \/>\n\t<meta name=\"twitter:data1\" content=\"6 minutes\" \/>\n<script type=\"application\/ld+json\" class=\"yoast-schema-graph\">{\"@context\":\"https:\\\/\\\/schema.org\",\"@graph\":[{\"@type\":\"WebPage\",\"@id\":\"https:\\\/\\\/www.coolepark.ie\\\/ga\\\/dulra-fiadhulra\\\/coillte-na-cuile-gharealain\\\/\",\"url\":\"https:\\\/\\\/www.coolepark.ie\\\/ga\\\/dulra-fiadhulra\\\/coillte-na-cuile-gharealain\\\/\",\"name\":\"Coillte na C\u00faile-Ghareal\u00e1in - Anaclann D\u00falra Ph\u00e1irc na C\u00faile\",\"isPartOf\":{\"@id\":\"https:\\\/\\\/www.coolepark.ie\\\/ga\\\/#website\"},\"primaryImageOfPage\":{\"@id\":\"https:\\\/\\\/www.coolepark.ie\\\/ga\\\/dulra-fiadhulra\\\/coillte-na-cuile-gharealain\\\/#primaryimage\"},\"image\":{\"@id\":\"https:\\\/\\\/www.coolepark.ie\\\/ga\\\/dulra-fiadhulra\\\/coillte-na-cuile-gharealain\\\/#primaryimage\"},\"thumbnailUrl\":\"https:\\\/\\\/www.coolepark.ie\\\/wp-content\\\/uploads\\\/2017\\\/05\\\/cropped-EntranceAveJS_700x300.png\",\"datePublished\":\"2015-09-29T13:59:17+00:00\",\"dateModified\":\"2023-09-01T11:53:22+00:00\",\"breadcrumb\":{\"@id\":\"https:\\\/\\\/www.coolepark.ie\\\/ga\\\/dulra-fiadhulra\\\/coillte-na-cuile-gharealain\\\/#breadcrumb\"},\"inLanguage\":\"ga-IE\",\"potentialAction\":[{\"@type\":\"ReadAction\",\"target\":[\"https:\\\/\\\/www.coolepark.ie\\\/ga\\\/dulra-fiadhulra\\\/coillte-na-cuile-gharealain\\\/\"]}]},{\"@type\":\"ImageObject\",\"inLanguage\":\"ga-IE\",\"@id\":\"https:\\\/\\\/www.coolepark.ie\\\/ga\\\/dulra-fiadhulra\\\/coillte-na-cuile-gharealain\\\/#primaryimage\",\"url\":\"https:\\\/\\\/www.coolepark.ie\\\/wp-content\\\/uploads\\\/2017\\\/05\\\/cropped-EntranceAveJS_700x300.png\",\"contentUrl\":\"https:\\\/\\\/www.coolepark.ie\\\/wp-content\\\/uploads\\\/2017\\\/05\\\/cropped-EntranceAveJS_700x300.png\",\"width\":1400,\"height\":272,\"caption\":\"Entrance Avenue Coole\"},{\"@type\":\"BreadcrumbList\",\"@id\":\"https:\\\/\\\/www.coolepark.ie\\\/ga\\\/dulra-fiadhulra\\\/coillte-na-cuile-gharealain\\\/#breadcrumb\",\"itemListElement\":[{\"@type\":\"ListItem\",\"position\":1,\"name\":\"Home\",\"item\":\"https:\\\/\\\/www.coolepark.ie\\\/ga\\\/\"},{\"@type\":\"ListItem\",\"position\":2,\"name\":\"D\u00falra &amp; Fiadh\u00falra\",\"item\":\"https:\\\/\\\/www.coolepark.ie\\\/ga\\\/dulra-fiadhulra\\\/\"},{\"@type\":\"ListItem\",\"position\":3,\"name\":\"Coillte na C\u00faile-Ghareal\u00e1in\"}]},{\"@type\":\"WebSite\",\"@id\":\"https:\\\/\\\/www.coolepark.ie\\\/ga\\\/#website\",\"url\":\"https:\\\/\\\/www.coolepark.ie\\\/ga\\\/\",\"name\":\"Anaclann D\u00falra Ph\u00e1irc na C\u00faile\",\"description\":\"\",\"potentialAction\":[{\"@type\":\"SearchAction\",\"target\":{\"@type\":\"EntryPoint\",\"urlTemplate\":\"https:\\\/\\\/www.coolepark.ie\\\/ga\\\/?s={search_term_string}\"},\"query-input\":{\"@type\":\"PropertyValueSpecification\",\"valueRequired\":true,\"valueName\":\"search_term_string\"}}],\"inLanguage\":\"ga-IE\"}]}<\/script>\n<!-- \/ Yoast SEO plugin. -->","yoast_head_json":{"title":"Coillte na C\u00faile-Ghareal\u00e1in - Anaclann D\u00falra Ph\u00e1irc na C\u00faile","robots":{"index":"index","follow":"follow","max-snippet":"max-snippet:-1","max-image-preview":"max-image-preview:large","max-video-preview":"max-video-preview:-1"},"canonical":"https:\/\/www.coolepark.ie\/ga\/dulra-fiadhulra\/coillte-na-cuile-gharealain\/","og_locale":"ga_IE","og_type":"article","og_title":"Coillte na C\u00faile-Ghareal\u00e1in - Anaclann D\u00falra Ph\u00e1irc na C\u00faile","og_description":"Mar gheall ar Yeats, t\u00e1 aithne ag daoine ar fud an domhain ar choillte na C\u00faile. D\u00e9anann Yeats tagairt roinnt uaireanta do &#8216;Seven Woods of Coole&#8217;: ach i nd\u00e1ir\u00edre t\u00e1 n\u00edos m\u00f3 n\u00e1 seacht gcinn ann. Ar an ioml\u00e1n, t\u00e1 timpeall 178 heicte\u00e1r i gcoillearnacha Anaclann D\u00falra na C\u00faile-Ghareal\u00e1in. Bh\u00ed an-mheas ag muintir Gregory ar&hellip; Read More Coillte na C\u00faile-Ghareal\u00e1in","og_url":"https:\/\/www.coolepark.ie\/ga\/dulra-fiadhulra\/coillte-na-cuile-gharealain\/","og_site_name":"Anaclann D\u00falra Ph\u00e1irc na C\u00faile","article_publisher":"https:\/\/www.facebook.com\/coolegarrylandnaturereserve","article_modified_time":"2023-09-01T11:53:22+00:00","og_image":[{"width":1400,"height":272,"url":"https:\/\/www.coolepark.ie\/wp-content\/uploads\/2017\/05\/cropped-EntranceAveJS_700x300.png","type":"image\/png"}],"twitter_card":"summary_large_image","twitter_site":"@DeptHousingIRL","twitter_misc":{"Est. reading time":"6 minutes"},"schema":{"@context":"https:\/\/schema.org","@graph":[{"@type":"WebPage","@id":"https:\/\/www.coolepark.ie\/ga\/dulra-fiadhulra\/coillte-na-cuile-gharealain\/","url":"https:\/\/www.coolepark.ie\/ga\/dulra-fiadhulra\/coillte-na-cuile-gharealain\/","name":"Coillte na C\u00faile-Ghareal\u00e1in - Anaclann D\u00falra Ph\u00e1irc na C\u00faile","isPartOf":{"@id":"https:\/\/www.coolepark.ie\/ga\/#website"},"primaryImageOfPage":{"@id":"https:\/\/www.coolepark.ie\/ga\/dulra-fiadhulra\/coillte-na-cuile-gharealain\/#primaryimage"},"image":{"@id":"https:\/\/www.coolepark.ie\/ga\/dulra-fiadhulra\/coillte-na-cuile-gharealain\/#primaryimage"},"thumbnailUrl":"https:\/\/www.coolepark.ie\/wp-content\/uploads\/2017\/05\/cropped-EntranceAveJS_700x300.png","datePublished":"2015-09-29T13:59:17+00:00","dateModified":"2023-09-01T11:53:22+00:00","breadcrumb":{"@id":"https:\/\/www.coolepark.ie\/ga\/dulra-fiadhulra\/coillte-na-cuile-gharealain\/#breadcrumb"},"inLanguage":"ga-IE","potentialAction":[{"@type":"ReadAction","target":["https:\/\/www.coolepark.ie\/ga\/dulra-fiadhulra\/coillte-na-cuile-gharealain\/"]}]},{"@type":"ImageObject","inLanguage":"ga-IE","@id":"https:\/\/www.coolepark.ie\/ga\/dulra-fiadhulra\/coillte-na-cuile-gharealain\/#primaryimage","url":"https:\/\/www.coolepark.ie\/wp-content\/uploads\/2017\/05\/cropped-EntranceAveJS_700x300.png","contentUrl":"https:\/\/www.coolepark.ie\/wp-content\/uploads\/2017\/05\/cropped-EntranceAveJS_700x300.png","width":1400,"height":272,"caption":"Entrance Avenue Coole"},{"@type":"BreadcrumbList","@id":"https:\/\/www.coolepark.ie\/ga\/dulra-fiadhulra\/coillte-na-cuile-gharealain\/#breadcrumb","itemListElement":[{"@type":"ListItem","position":1,"name":"Home","item":"https:\/\/www.coolepark.ie\/ga\/"},{"@type":"ListItem","position":2,"name":"D\u00falra &amp; Fiadh\u00falra","item":"https:\/\/www.coolepark.ie\/ga\/dulra-fiadhulra\/"},{"@type":"ListItem","position":3,"name":"Coillte na C\u00faile-Ghareal\u00e1in"}]},{"@type":"WebSite","@id":"https:\/\/www.coolepark.ie\/ga\/#website","url":"https:\/\/www.coolepark.ie\/ga\/","name":"Anaclann D\u00falra Ph\u00e1irc na C\u00faile","description":"","potentialAction":[{"@type":"SearchAction","target":{"@type":"EntryPoint","urlTemplate":"https:\/\/www.coolepark.ie\/ga\/?s={search_term_string}"},"query-input":{"@type":"PropertyValueSpecification","valueRequired":true,"valueName":"search_term_string"}}],"inLanguage":"ga-IE"}]}},"_links":{"self":[{"href":"https:\/\/www.coolepark.ie\/ga\/wp-json\/wp\/v2\/pages\/1409","targetHints":{"allow":["GET"]}}],"collection":[{"href":"https:\/\/www.coolepark.ie\/ga\/wp-json\/wp\/v2\/pages"}],"about":[{"href":"https:\/\/www.coolepark.ie\/ga\/wp-json\/wp\/v2\/types\/page"}],"author":[{"embeddable":true,"href":"https:\/\/www.coolepark.ie\/ga\/wp-json\/wp\/v2\/users\/3"}],"replies":[{"embeddable":true,"href":"https:\/\/www.coolepark.ie\/ga\/wp-json\/wp\/v2\/comments?post=1409"}],"version-history":[{"count":1,"href":"https:\/\/www.coolepark.ie\/ga\/wp-json\/wp\/v2\/pages\/1409\/revisions"}],"predecessor-version":[{"id":1681,"href":"https:\/\/www.coolepark.ie\/ga\/wp-json\/wp\/v2\/pages\/1409\/revisions\/1681"}],"up":[{"embeddable":true,"href":"https:\/\/www.coolepark.ie\/ga\/wp-json\/wp\/v2\/pages\/1407"}],"wp:featuredmedia":[{"embeddable":true,"href":"https:\/\/www.coolepark.ie\/ga\/wp-json\/wp\/v2\/media\/1193"}],"wp:attachment":[{"href":"https:\/\/www.coolepark.ie\/ga\/wp-json\/wp\/v2\/media?parent=1409"}],"curies":[{"name":"wp","href":"https:\/\/api.w.org\/{rel}","templated":true}]}}