{"id":1412,"date":"2015-09-29T14:04:44","date_gmt":"2015-09-29T14:04:44","guid":{"rendered":"https:\/\/www.coolepark.ie\/dulra-fiadhulra\/ein-na-cuile\/"},"modified":"2023-09-01T11:39:00","modified_gmt":"2023-09-01T11:39:00","slug":"ein-na-cuile","status":"publish","type":"page","link":"https:\/\/www.coolepark.ie\/ga\/dulra-fiadhulra\/ein-na-cuile\/","title":{"rendered":"\u00c9in na C\u00faile"},"content":{"rendered":"<p>Is su\u00edomh t\u00e1bhachtach \u00e9 an Ch\u00fail le haghaidh \u00e9in bhogaigh \u00f3 thaobh gheimhrithe. Is su\u00edomh thar a bheith t\u00e1bhachtach \u00e9 don eala ghl\u00f3rach go h\u00e1irithe. C\u00e9 go raibh s\u00e9 t\u00e1bhachtach tr\u00e1th don eala Bewick, le blianta beaga anuas ag teacht le treochta\u00ed n\u00e1isi\u00fanta, t\u00e1 laghd\u00fa tagtha ar \u00fas\u00e1id an tsu\u00edmh ag eala\u00ed Bewicks. \u00das\u00e1ideann l\u00edon m\u00f3r lacha rua, p\u00f3iseard agus mallard an su\u00edomh, chomh maith le l\u00edon n\u00edos l\u00fa lacha bhad\u00e1nach, crotach, breac\u00f3g agus pilib\u00edn. Is eol go bp\u00f3ra\u00edonn an speiceas deireanach agus an gobad\u00e1n coiteann sna bogaigh thart ar Ch\u00fail agus ar Ghaireal\u00e1n. Is eol go bhfuil baint l\u00e1idir idir an su\u00edomh seo agus bogaigh eile sa cheantar. Taisteala\u00edonn \u00e9in uisce idir na su\u00edomhanna faoi seach, ag brath ar na leibh\u00e9il uisce at\u00e1 ann. Mar shampla, nuair a bh\u00edonn leibh\u00e9il uisce \u00edseal sa gheimhreadh i mbogaigh in aice l\u00e1imhe, b\u2019fhearr leis na heala\u00ed gl\u00f3racha an Ch\u00fail.<\/p>\n<p>Cotha\u00edonn coillte an anaclann d\u00falra an gn\u00e1thghr\u00fapa \u00e9an coillearna\u00ed, agus baineann gach ceann d\u00edobh \u00fas\u00e1id as a cuas\u00e1n f\u00e9in. Feictear scr\u00e9ach\u00f3g agus snag go coitianta, fi\u00fa sna limist\u00e9ir ard\u00fas\u00e1ide cuairteoir\u00ed sa tearmann.<\/p>\n<div class=\"wp-block-columns is-layout-flex wp-container-7 wp-block-columns-is-layout-flex\">\n<div class=\"wp-block-column is-layout-flow wp-block-column-is-layout-flow\">\n  <img decoding=\"async\" class=\"pull-left\" src=\"\/wp-content\/uploads\/2017\/05\/Mallard.jpg\" alt=\"Mallard\">\n<\/div>\n<div class=\"wp-block-column is-layout-flow wp-block-column-is-layout-flow\">\n  <img decoding=\"async\" class=\"pull-left\" src=\"\/wp-content\/uploads\/2017\/05\/Teal.jpg\" alt=\"Praslacha\">\n<\/div>\n<div class=\"wp-block-column is-layout-flow wp-block-column-is-layout-flow\">\n  <img decoding=\"async\" class=\"pull-left\" src=\"\/wp-content\/uploads\/2017\/05\/WexfordSlobsBirds.jpg\" alt=\"Slaba Loch Garman\">\n<\/div>\n<\/div>\n","protected":false},"excerpt":{"rendered":"<p>Is su\u00edomh t\u00e1bhachtach \u00e9 an Ch\u00fail le haghaidh \u00e9in bhogaigh \u00f3 thaobh gheimhrithe. Is su\u00edomh thar a bheith t\u00e1bhachtach \u00e9 don eala ghl\u00f3rach go h\u00e1irithe. C\u00e9 go raibh s\u00e9 t\u00e1bhachtach tr\u00e1th don eala Bewick, le blianta beaga anuas ag teacht le treochta\u00ed n\u00e1isi\u00fanta, t\u00e1 laghd\u00fa tagtha ar \u00fas\u00e1id an tsu\u00edmh ag eala\u00ed Bewicks. \u00das\u00e1ideann l\u00edon&hellip; <a class=\"continue\" href=\"https:\/\/www.coolepark.ie\/ga\/dulra-fiadhulra\/ein-na-cuile\/\">Read More<span> \u00c9in na C\u00faile<\/span><\/a><\/p>\n","protected":false},"author":3,"featured_media":1274,"parent":1407,"menu_order":1,"comment_status":"closed","ping_status":"closed","template":"full-width.php","meta":{"footnotes":""},"class_list":["post-1412","page","type-page","status-publish","has-post-thumbnail","hentry"],"yoast_head":"<!-- This site is optimized with the Yoast SEO plugin v27.5 - https:\/\/yoast.com\/product\/yoast-seo-wordpress\/ -->\n<title>\u00c9in na C\u00faile - Anaclann D\u00falra Ph\u00e1irc na C\u00faile<\/title>\n<meta name=\"robots\" content=\"index, follow, max-snippet:-1, max-image-preview:large, max-video-preview:-1\" \/>\n<link rel=\"canonical\" href=\"https:\/\/www.coolepark.ie\/ga\/dulra-fiadhulra\/ein-na-cuile\/\" \/>\n<meta property=\"og:locale\" content=\"ga_IE\" \/>\n<meta property=\"og:type\" content=\"article\" \/>\n<meta property=\"og:title\" content=\"\u00c9in na C\u00faile - Anaclann D\u00falra Ph\u00e1irc na C\u00faile\" \/>\n<meta property=\"og:description\" content=\"Is su\u00edomh t\u00e1bhachtach \u00e9 an Ch\u00fail le haghaidh \u00e9in bhogaigh \u00f3 thaobh gheimhrithe. Is su\u00edomh thar a bheith t\u00e1bhachtach \u00e9 don eala ghl\u00f3rach go h\u00e1irithe. C\u00e9 go raibh s\u00e9 t\u00e1bhachtach tr\u00e1th don eala Bewick, le blianta beaga anuas ag teacht le treochta\u00ed n\u00e1isi\u00fanta, t\u00e1 laghd\u00fa tagtha ar \u00fas\u00e1id an tsu\u00edmh ag eala\u00ed Bewicks. \u00das\u00e1ideann l\u00edon&hellip; Read More \u00c9in na C\u00faile\" \/>\n<meta property=\"og:url\" content=\"https:\/\/www.coolepark.ie\/ga\/dulra-fiadhulra\/ein-na-cuile\/\" \/>\n<meta property=\"og:site_name\" content=\"Anaclann D\u00falra Ph\u00e1irc na C\u00faile\" \/>\n<meta property=\"article:publisher\" content=\"https:\/\/www.facebook.com\/coolegarrylandnaturereserve\" \/>\n<meta property=\"article:modified_time\" content=\"2023-09-01T11:39:00+00:00\" \/>\n<meta property=\"og:image\" content=\"https:\/\/www.coolepark.ie\/wp-content\/uploads\/2019\/06\/bull-finch.jpg\" \/>\n\t<meta property=\"og:image:width\" content=\"1400\" \/>\n\t<meta property=\"og:image:height\" content=\"272\" \/>\n\t<meta property=\"og:image:type\" content=\"image\/jpeg\" \/>\n<meta name=\"twitter:card\" content=\"summary_large_image\" \/>\n<meta name=\"twitter:site\" content=\"@DeptHousingIRL\" \/>\n<meta name=\"twitter:label1\" content=\"Est. reading time\" \/>\n\t<meta name=\"twitter:data1\" content=\"1 minute\" \/>\n<script type=\"application\/ld+json\" class=\"yoast-schema-graph\">{\"@context\":\"https:\\\/\\\/schema.org\",\"@graph\":[{\"@type\":\"WebPage\",\"@id\":\"https:\\\/\\\/www.coolepark.ie\\\/ga\\\/dulra-fiadhulra\\\/ein-na-cuile\\\/\",\"url\":\"https:\\\/\\\/www.coolepark.ie\\\/ga\\\/dulra-fiadhulra\\\/ein-na-cuile\\\/\",\"name\":\"\u00c9in na C\u00faile - Anaclann D\u00falra Ph\u00e1irc na C\u00faile\",\"isPartOf\":{\"@id\":\"https:\\\/\\\/www.coolepark.ie\\\/ga\\\/#website\"},\"primaryImageOfPage\":{\"@id\":\"https:\\\/\\\/www.coolepark.ie\\\/ga\\\/dulra-fiadhulra\\\/ein-na-cuile\\\/#primaryimage\"},\"image\":{\"@id\":\"https:\\\/\\\/www.coolepark.ie\\\/ga\\\/dulra-fiadhulra\\\/ein-na-cuile\\\/#primaryimage\"},\"thumbnailUrl\":\"https:\\\/\\\/www.coolepark.ie\\\/wp-content\\\/uploads\\\/2019\\\/06\\\/bull-finch.jpg\",\"datePublished\":\"2015-09-29T14:04:44+00:00\",\"dateModified\":\"2023-09-01T11:39:00+00:00\",\"breadcrumb\":{\"@id\":\"https:\\\/\\\/www.coolepark.ie\\\/ga\\\/dulra-fiadhulra\\\/ein-na-cuile\\\/#breadcrumb\"},\"inLanguage\":\"ga-IE\",\"potentialAction\":[{\"@type\":\"ReadAction\",\"target\":[\"https:\\\/\\\/www.coolepark.ie\\\/ga\\\/dulra-fiadhulra\\\/ein-na-cuile\\\/\"]}]},{\"@type\":\"ImageObject\",\"inLanguage\":\"ga-IE\",\"@id\":\"https:\\\/\\\/www.coolepark.ie\\\/ga\\\/dulra-fiadhulra\\\/ein-na-cuile\\\/#primaryimage\",\"url\":\"https:\\\/\\\/www.coolepark.ie\\\/wp-content\\\/uploads\\\/2019\\\/06\\\/bull-finch.jpg\",\"contentUrl\":\"https:\\\/\\\/www.coolepark.ie\\\/wp-content\\\/uploads\\\/2019\\\/06\\\/bull-finch.jpg\",\"width\":1400,\"height\":272},{\"@type\":\"BreadcrumbList\",\"@id\":\"https:\\\/\\\/www.coolepark.ie\\\/ga\\\/dulra-fiadhulra\\\/ein-na-cuile\\\/#breadcrumb\",\"itemListElement\":[{\"@type\":\"ListItem\",\"position\":1,\"name\":\"Home\",\"item\":\"https:\\\/\\\/www.coolepark.ie\\\/ga\\\/\"},{\"@type\":\"ListItem\",\"position\":2,\"name\":\"D\u00falra &amp; Fiadh\u00falra\",\"item\":\"https:\\\/\\\/www.coolepark.ie\\\/ga\\\/dulra-fiadhulra\\\/\"},{\"@type\":\"ListItem\",\"position\":3,\"name\":\"\u00c9in na C\u00faile\"}]},{\"@type\":\"WebSite\",\"@id\":\"https:\\\/\\\/www.coolepark.ie\\\/ga\\\/#website\",\"url\":\"https:\\\/\\\/www.coolepark.ie\\\/ga\\\/\",\"name\":\"Anaclann D\u00falra Ph\u00e1irc na C\u00faile\",\"description\":\"\",\"potentialAction\":[{\"@type\":\"SearchAction\",\"target\":{\"@type\":\"EntryPoint\",\"urlTemplate\":\"https:\\\/\\\/www.coolepark.ie\\\/ga\\\/?s={search_term_string}\"},\"query-input\":{\"@type\":\"PropertyValueSpecification\",\"valueRequired\":true,\"valueName\":\"search_term_string\"}}],\"inLanguage\":\"ga-IE\"}]}<\/script>\n<!-- \/ Yoast SEO plugin. -->","yoast_head_json":{"title":"\u00c9in na C\u00faile - Anaclann D\u00falra Ph\u00e1irc na C\u00faile","robots":{"index":"index","follow":"follow","max-snippet":"max-snippet:-1","max-image-preview":"max-image-preview:large","max-video-preview":"max-video-preview:-1"},"canonical":"https:\/\/www.coolepark.ie\/ga\/dulra-fiadhulra\/ein-na-cuile\/","og_locale":"ga_IE","og_type":"article","og_title":"\u00c9in na C\u00faile - Anaclann D\u00falra Ph\u00e1irc na C\u00faile","og_description":"Is su\u00edomh t\u00e1bhachtach \u00e9 an Ch\u00fail le haghaidh \u00e9in bhogaigh \u00f3 thaobh gheimhrithe. Is su\u00edomh thar a bheith t\u00e1bhachtach \u00e9 don eala ghl\u00f3rach go h\u00e1irithe. C\u00e9 go raibh s\u00e9 t\u00e1bhachtach tr\u00e1th don eala Bewick, le blianta beaga anuas ag teacht le treochta\u00ed n\u00e1isi\u00fanta, t\u00e1 laghd\u00fa tagtha ar \u00fas\u00e1id an tsu\u00edmh ag eala\u00ed Bewicks. \u00das\u00e1ideann l\u00edon&hellip; Read More \u00c9in na C\u00faile","og_url":"https:\/\/www.coolepark.ie\/ga\/dulra-fiadhulra\/ein-na-cuile\/","og_site_name":"Anaclann D\u00falra Ph\u00e1irc na C\u00faile","article_publisher":"https:\/\/www.facebook.com\/coolegarrylandnaturereserve","article_modified_time":"2023-09-01T11:39:00+00:00","og_image":[{"width":1400,"height":272,"url":"https:\/\/www.coolepark.ie\/wp-content\/uploads\/2019\/06\/bull-finch.jpg","type":"image\/jpeg"}],"twitter_card":"summary_large_image","twitter_site":"@DeptHousingIRL","twitter_misc":{"Est. reading time":"1 minute"},"schema":{"@context":"https:\/\/schema.org","@graph":[{"@type":"WebPage","@id":"https:\/\/www.coolepark.ie\/ga\/dulra-fiadhulra\/ein-na-cuile\/","url":"https:\/\/www.coolepark.ie\/ga\/dulra-fiadhulra\/ein-na-cuile\/","name":"\u00c9in na C\u00faile - Anaclann D\u00falra Ph\u00e1irc na C\u00faile","isPartOf":{"@id":"https:\/\/www.coolepark.ie\/ga\/#website"},"primaryImageOfPage":{"@id":"https:\/\/www.coolepark.ie\/ga\/dulra-fiadhulra\/ein-na-cuile\/#primaryimage"},"image":{"@id":"https:\/\/www.coolepark.ie\/ga\/dulra-fiadhulra\/ein-na-cuile\/#primaryimage"},"thumbnailUrl":"https:\/\/www.coolepark.ie\/wp-content\/uploads\/2019\/06\/bull-finch.jpg","datePublished":"2015-09-29T14:04:44+00:00","dateModified":"2023-09-01T11:39:00+00:00","breadcrumb":{"@id":"https:\/\/www.coolepark.ie\/ga\/dulra-fiadhulra\/ein-na-cuile\/#breadcrumb"},"inLanguage":"ga-IE","potentialAction":[{"@type":"ReadAction","target":["https:\/\/www.coolepark.ie\/ga\/dulra-fiadhulra\/ein-na-cuile\/"]}]},{"@type":"ImageObject","inLanguage":"ga-IE","@id":"https:\/\/www.coolepark.ie\/ga\/dulra-fiadhulra\/ein-na-cuile\/#primaryimage","url":"https:\/\/www.coolepark.ie\/wp-content\/uploads\/2019\/06\/bull-finch.jpg","contentUrl":"https:\/\/www.coolepark.ie\/wp-content\/uploads\/2019\/06\/bull-finch.jpg","width":1400,"height":272},{"@type":"BreadcrumbList","@id":"https:\/\/www.coolepark.ie\/ga\/dulra-fiadhulra\/ein-na-cuile\/#breadcrumb","itemListElement":[{"@type":"ListItem","position":1,"name":"Home","item":"https:\/\/www.coolepark.ie\/ga\/"},{"@type":"ListItem","position":2,"name":"D\u00falra &amp; Fiadh\u00falra","item":"https:\/\/www.coolepark.ie\/ga\/dulra-fiadhulra\/"},{"@type":"ListItem","position":3,"name":"\u00c9in na C\u00faile"}]},{"@type":"WebSite","@id":"https:\/\/www.coolepark.ie\/ga\/#website","url":"https:\/\/www.coolepark.ie\/ga\/","name":"Anaclann D\u00falra Ph\u00e1irc na C\u00faile","description":"","potentialAction":[{"@type":"SearchAction","target":{"@type":"EntryPoint","urlTemplate":"https:\/\/www.coolepark.ie\/ga\/?s={search_term_string}"},"query-input":{"@type":"PropertyValueSpecification","valueRequired":true,"valueName":"search_term_string"}}],"inLanguage":"ga-IE"}]}},"_links":{"self":[{"href":"https:\/\/www.coolepark.ie\/ga\/wp-json\/wp\/v2\/pages\/1412","targetHints":{"allow":["GET"]}}],"collection":[{"href":"https:\/\/www.coolepark.ie\/ga\/wp-json\/wp\/v2\/pages"}],"about":[{"href":"https:\/\/www.coolepark.ie\/ga\/wp-json\/wp\/v2\/types\/page"}],"author":[{"embeddable":true,"href":"https:\/\/www.coolepark.ie\/ga\/wp-json\/wp\/v2\/users\/3"}],"replies":[{"embeddable":true,"href":"https:\/\/www.coolepark.ie\/ga\/wp-json\/wp\/v2\/comments?post=1412"}],"version-history":[{"count":1,"href":"https:\/\/www.coolepark.ie\/ga\/wp-json\/wp\/v2\/pages\/1412\/revisions"}],"predecessor-version":[{"id":1678,"href":"https:\/\/www.coolepark.ie\/ga\/wp-json\/wp\/v2\/pages\/1412\/revisions\/1678"}],"up":[{"embeddable":true,"href":"https:\/\/www.coolepark.ie\/ga\/wp-json\/wp\/v2\/pages\/1407"}],"wp:featuredmedia":[{"embeddable":true,"href":"https:\/\/www.coolepark.ie\/ga\/wp-json\/wp\/v2\/media\/1274"}],"wp:attachment":[{"href":"https:\/\/www.coolepark.ie\/ga\/wp-json\/wp\/v2\/media?parent=1412"}],"curies":[{"name":"wp","href":"https:\/\/api.w.org\/{rel}","templated":true}]}}