{"id":1413,"date":"2015-09-29T14:06:19","date_gmt":"2015-09-29T14:06:19","guid":{"rendered":"https:\/\/www.coolepark.ie\/dulra-fiadhulra\/ainmniu-caomhantais\/"},"modified":"2023-09-01T11:38:47","modified_gmt":"2023-09-01T11:38:47","slug":"ainmniu-caomhantais","status":"publish","type":"page","link":"https:\/\/www.coolepark.ie\/ga\/dulra-fiadhulra\/ainmniu-caomhantais\/","title":{"rendered":"Ainmni\u00fa Caomhantais"},"content":{"rendered":"<p>Chomh maith lena ainmni\u00fa mar Anaclann D\u00falra faoi na hAchtanna um Fhiadh\u00falra 1976-2000, is iarrth\u00f3ir ar Limist\u00e9ir Chaomhantais Speisialta (SAC) faoi Threoir an Chomhphobail Eorpaigh um Ghn\u00e1th\u00f3ga (1992) \u00ed Anaclann D\u00falra na C\u00faile-Ghareal\u00e1in. T\u00e1 an t-ainmni\u00fach\u00e1n seo bunaithe ar ghn\u00e1th\u00f3g turlaigh, p\u00e1bh\u00e1il aolchloiche agus f\u00e9arach cailcreach a bheith ann \u2013 agus is gn\u00e1th\u00f3ga at\u00e1 faoi cheangal leis an Treoir iad sin go l\u00e9ir. T\u00e1 cuid den Anaclann D\u00falra ina Limist\u00e9ar faoi Chosaint Speisialta (SPA) freisin faoi Threoir an CE maidir le h\u00c9in mar gheall ar a th\u00e1bhachta\u00ed at\u00e1 s\u00e9 d\u2019\u00e9in bhogaigh agus go h\u00e1irithe don Eala Ghl\u00f3rach.<\/p>\n<p>Le tuilleadh eolais a fh\u00e1il tabhair cuairt ar \u00e1r <a href=\"https:\/\/www.npws.ie\/protected-sites\/sac\/000252\">Su\u00edomh NPWS<\/a>.<\/p>\n","protected":false},"excerpt":{"rendered":"<p>Chomh maith lena ainmni\u00fa mar Anaclann D\u00falra faoi na hAchtanna um Fhiadh\u00falra 1976-2000, is iarrth\u00f3ir ar Limist\u00e9ir Chaomhantais Speisialta (SAC) faoi Threoir an Chomhphobail Eorpaigh um Ghn\u00e1th\u00f3ga (1992) \u00ed Anaclann D\u00falra na C\u00faile-Ghareal\u00e1in. T\u00e1 an t-ainmni\u00fach\u00e1n seo bunaithe ar ghn\u00e1th\u00f3g turlaigh, p\u00e1bh\u00e1il aolchloiche agus f\u00e9arach cailcreach a bheith ann \u2013 agus is gn\u00e1th\u00f3ga at\u00e1 faoi&hellip; <a class=\"continue\" href=\"https:\/\/www.coolepark.ie\/ga\/dulra-fiadhulra\/ainmniu-caomhantais\/\">Read More<span> Ainmni\u00fa Caomhantais<\/span><\/a><\/p>\n","protected":false},"author":3,"featured_media":1279,"parent":1407,"menu_order":0,"comment_status":"closed","ping_status":"closed","template":"full-width.php","meta":{"footnotes":""},"class_list":["post-1413","page","type-page","status-publish","has-post-thumbnail","hentry"],"yoast_head":"<!-- This site is optimized with the Yoast SEO plugin v27.3 - https:\/\/yoast.com\/product\/yoast-seo-wordpress\/ -->\n<title>Ainmni\u00fa Caomhantais - Anaclann D\u00falra Ph\u00e1irc na C\u00faile<\/title>\n<meta name=\"robots\" content=\"index, follow, max-snippet:-1, max-image-preview:large, max-video-preview:-1\" \/>\n<link rel=\"canonical\" href=\"https:\/\/www.coolepark.ie\/ga\/dulra-fiadhulra\/ainmniu-caomhantais\/\" \/>\n<meta property=\"og:locale\" content=\"ga_IE\" \/>\n<meta property=\"og:type\" content=\"article\" \/>\n<meta property=\"og:title\" content=\"Ainmni\u00fa Caomhantais - Anaclann D\u00falra Ph\u00e1irc na C\u00faile\" \/>\n<meta property=\"og:description\" content=\"Chomh maith lena ainmni\u00fa mar Anaclann D\u00falra faoi na hAchtanna um Fhiadh\u00falra 1976-2000, is iarrth\u00f3ir ar Limist\u00e9ir Chaomhantais Speisialta (SAC) faoi Threoir an Chomhphobail Eorpaigh um Ghn\u00e1th\u00f3ga (1992) \u00ed Anaclann D\u00falra na C\u00faile-Ghareal\u00e1in. T\u00e1 an t-ainmni\u00fach\u00e1n seo bunaithe ar ghn\u00e1th\u00f3g turlaigh, p\u00e1bh\u00e1il aolchloiche agus f\u00e9arach cailcreach a bheith ann \u2013 agus is gn\u00e1th\u00f3ga at\u00e1 faoi&hellip; Read More Ainmni\u00fa Caomhantais\" \/>\n<meta property=\"og:url\" content=\"https:\/\/www.coolepark.ie\/ga\/dulra-fiadhulra\/ainmniu-caomhantais\/\" \/>\n<meta property=\"og:site_name\" content=\"Anaclann D\u00falra Ph\u00e1irc na C\u00faile\" \/>\n<meta property=\"article:publisher\" content=\"https:\/\/www.facebook.com\/coolegarrylandnaturereserve\" \/>\n<meta property=\"article:modified_time\" content=\"2023-09-01T11:38:47+00:00\" \/>\n<meta property=\"og:image\" content=\"https:\/\/www.coolepark.ie\/wp-content\/uploads\/2019\/06\/turlough-pool.jpg\" \/>\n\t<meta property=\"og:image:width\" content=\"1400\" \/>\n\t<meta property=\"og:image:height\" content=\"272\" \/>\n\t<meta property=\"og:image:type\" content=\"image\/jpeg\" \/>\n<meta name=\"twitter:card\" content=\"summary_large_image\" \/>\n<meta name=\"twitter:site\" content=\"@DeptHousingIRL\" \/>\n<meta name=\"twitter:label1\" content=\"Est. reading time\" \/>\n\t<meta name=\"twitter:data1\" content=\"1 minute\" \/>\n<script type=\"application\/ld+json\" class=\"yoast-schema-graph\">{\"@context\":\"https:\\\/\\\/schema.org\",\"@graph\":[{\"@type\":\"WebPage\",\"@id\":\"https:\\\/\\\/www.coolepark.ie\\\/ga\\\/dulra-fiadhulra\\\/ainmniu-caomhantais\\\/\",\"url\":\"https:\\\/\\\/www.coolepark.ie\\\/ga\\\/dulra-fiadhulra\\\/ainmniu-caomhantais\\\/\",\"name\":\"Ainmni\u00fa Caomhantais - Anaclann D\u00falra Ph\u00e1irc na C\u00faile\",\"isPartOf\":{\"@id\":\"https:\\\/\\\/www.coolepark.ie\\\/ga\\\/#website\"},\"primaryImageOfPage\":{\"@id\":\"https:\\\/\\\/www.coolepark.ie\\\/ga\\\/dulra-fiadhulra\\\/ainmniu-caomhantais\\\/#primaryimage\"},\"image\":{\"@id\":\"https:\\\/\\\/www.coolepark.ie\\\/ga\\\/dulra-fiadhulra\\\/ainmniu-caomhantais\\\/#primaryimage\"},\"thumbnailUrl\":\"https:\\\/\\\/www.coolepark.ie\\\/wp-content\\\/uploads\\\/2019\\\/06\\\/turlough-pool.jpg\",\"datePublished\":\"2015-09-29T14:06:19+00:00\",\"dateModified\":\"2023-09-01T11:38:47+00:00\",\"breadcrumb\":{\"@id\":\"https:\\\/\\\/www.coolepark.ie\\\/ga\\\/dulra-fiadhulra\\\/ainmniu-caomhantais\\\/#breadcrumb\"},\"inLanguage\":\"ga-IE\",\"potentialAction\":[{\"@type\":\"ReadAction\",\"target\":[\"https:\\\/\\\/www.coolepark.ie\\\/ga\\\/dulra-fiadhulra\\\/ainmniu-caomhantais\\\/\"]}]},{\"@type\":\"ImageObject\",\"inLanguage\":\"ga-IE\",\"@id\":\"https:\\\/\\\/www.coolepark.ie\\\/ga\\\/dulra-fiadhulra\\\/ainmniu-caomhantais\\\/#primaryimage\",\"url\":\"https:\\\/\\\/www.coolepark.ie\\\/wp-content\\\/uploads\\\/2019\\\/06\\\/turlough-pool.jpg\",\"contentUrl\":\"https:\\\/\\\/www.coolepark.ie\\\/wp-content\\\/uploads\\\/2019\\\/06\\\/turlough-pool.jpg\",\"width\":1400,\"height\":272},{\"@type\":\"BreadcrumbList\",\"@id\":\"https:\\\/\\\/www.coolepark.ie\\\/ga\\\/dulra-fiadhulra\\\/ainmniu-caomhantais\\\/#breadcrumb\",\"itemListElement\":[{\"@type\":\"ListItem\",\"position\":1,\"name\":\"Home\",\"item\":\"https:\\\/\\\/www.coolepark.ie\\\/ga\\\/\"},{\"@type\":\"ListItem\",\"position\":2,\"name\":\"D\u00falra &amp; Fiadh\u00falra\",\"item\":\"https:\\\/\\\/www.coolepark.ie\\\/ga\\\/dulra-fiadhulra\\\/\"},{\"@type\":\"ListItem\",\"position\":3,\"name\":\"Ainmni\u00fa Caomhantais\"}]},{\"@type\":\"WebSite\",\"@id\":\"https:\\\/\\\/www.coolepark.ie\\\/ga\\\/#website\",\"url\":\"https:\\\/\\\/www.coolepark.ie\\\/ga\\\/\",\"name\":\"Anaclann D\u00falra Ph\u00e1irc na C\u00faile\",\"description\":\"\",\"potentialAction\":[{\"@type\":\"SearchAction\",\"target\":{\"@type\":\"EntryPoint\",\"urlTemplate\":\"https:\\\/\\\/www.coolepark.ie\\\/ga\\\/?s={search_term_string}\"},\"query-input\":{\"@type\":\"PropertyValueSpecification\",\"valueRequired\":true,\"valueName\":\"search_term_string\"}}],\"inLanguage\":\"ga-IE\"}]}<\/script>\n<!-- \/ Yoast SEO plugin. -->","yoast_head_json":{"title":"Ainmni\u00fa Caomhantais - Anaclann D\u00falra Ph\u00e1irc na C\u00faile","robots":{"index":"index","follow":"follow","max-snippet":"max-snippet:-1","max-image-preview":"max-image-preview:large","max-video-preview":"max-video-preview:-1"},"canonical":"https:\/\/www.coolepark.ie\/ga\/dulra-fiadhulra\/ainmniu-caomhantais\/","og_locale":"ga_IE","og_type":"article","og_title":"Ainmni\u00fa Caomhantais - Anaclann D\u00falra Ph\u00e1irc na C\u00faile","og_description":"Chomh maith lena ainmni\u00fa mar Anaclann D\u00falra faoi na hAchtanna um Fhiadh\u00falra 1976-2000, is iarrth\u00f3ir ar Limist\u00e9ir Chaomhantais Speisialta (SAC) faoi Threoir an Chomhphobail Eorpaigh um Ghn\u00e1th\u00f3ga (1992) \u00ed Anaclann D\u00falra na C\u00faile-Ghareal\u00e1in. T\u00e1 an t-ainmni\u00fach\u00e1n seo bunaithe ar ghn\u00e1th\u00f3g turlaigh, p\u00e1bh\u00e1il aolchloiche agus f\u00e9arach cailcreach a bheith ann \u2013 agus is gn\u00e1th\u00f3ga at\u00e1 faoi&hellip; Read More Ainmni\u00fa Caomhantais","og_url":"https:\/\/www.coolepark.ie\/ga\/dulra-fiadhulra\/ainmniu-caomhantais\/","og_site_name":"Anaclann D\u00falra Ph\u00e1irc na C\u00faile","article_publisher":"https:\/\/www.facebook.com\/coolegarrylandnaturereserve","article_modified_time":"2023-09-01T11:38:47+00:00","og_image":[{"width":1400,"height":272,"url":"https:\/\/www.coolepark.ie\/wp-content\/uploads\/2019\/06\/turlough-pool.jpg","type":"image\/jpeg"}],"twitter_card":"summary_large_image","twitter_site":"@DeptHousingIRL","twitter_misc":{"Est. reading time":"1 minute"},"schema":{"@context":"https:\/\/schema.org","@graph":[{"@type":"WebPage","@id":"https:\/\/www.coolepark.ie\/ga\/dulra-fiadhulra\/ainmniu-caomhantais\/","url":"https:\/\/www.coolepark.ie\/ga\/dulra-fiadhulra\/ainmniu-caomhantais\/","name":"Ainmni\u00fa Caomhantais - Anaclann D\u00falra Ph\u00e1irc na C\u00faile","isPartOf":{"@id":"https:\/\/www.coolepark.ie\/ga\/#website"},"primaryImageOfPage":{"@id":"https:\/\/www.coolepark.ie\/ga\/dulra-fiadhulra\/ainmniu-caomhantais\/#primaryimage"},"image":{"@id":"https:\/\/www.coolepark.ie\/ga\/dulra-fiadhulra\/ainmniu-caomhantais\/#primaryimage"},"thumbnailUrl":"https:\/\/www.coolepark.ie\/wp-content\/uploads\/2019\/06\/turlough-pool.jpg","datePublished":"2015-09-29T14:06:19+00:00","dateModified":"2023-09-01T11:38:47+00:00","breadcrumb":{"@id":"https:\/\/www.coolepark.ie\/ga\/dulra-fiadhulra\/ainmniu-caomhantais\/#breadcrumb"},"inLanguage":"ga-IE","potentialAction":[{"@type":"ReadAction","target":["https:\/\/www.coolepark.ie\/ga\/dulra-fiadhulra\/ainmniu-caomhantais\/"]}]},{"@type":"ImageObject","inLanguage":"ga-IE","@id":"https:\/\/www.coolepark.ie\/ga\/dulra-fiadhulra\/ainmniu-caomhantais\/#primaryimage","url":"https:\/\/www.coolepark.ie\/wp-content\/uploads\/2019\/06\/turlough-pool.jpg","contentUrl":"https:\/\/www.coolepark.ie\/wp-content\/uploads\/2019\/06\/turlough-pool.jpg","width":1400,"height":272},{"@type":"BreadcrumbList","@id":"https:\/\/www.coolepark.ie\/ga\/dulra-fiadhulra\/ainmniu-caomhantais\/#breadcrumb","itemListElement":[{"@type":"ListItem","position":1,"name":"Home","item":"https:\/\/www.coolepark.ie\/ga\/"},{"@type":"ListItem","position":2,"name":"D\u00falra &amp; Fiadh\u00falra","item":"https:\/\/www.coolepark.ie\/ga\/dulra-fiadhulra\/"},{"@type":"ListItem","position":3,"name":"Ainmni\u00fa Caomhantais"}]},{"@type":"WebSite","@id":"https:\/\/www.coolepark.ie\/ga\/#website","url":"https:\/\/www.coolepark.ie\/ga\/","name":"Anaclann D\u00falra Ph\u00e1irc na C\u00faile","description":"","potentialAction":[{"@type":"SearchAction","target":{"@type":"EntryPoint","urlTemplate":"https:\/\/www.coolepark.ie\/ga\/?s={search_term_string}"},"query-input":{"@type":"PropertyValueSpecification","valueRequired":true,"valueName":"search_term_string"}}],"inLanguage":"ga-IE"}]}},"_links":{"self":[{"href":"https:\/\/www.coolepark.ie\/ga\/wp-json\/wp\/v2\/pages\/1413","targetHints":{"allow":["GET"]}}],"collection":[{"href":"https:\/\/www.coolepark.ie\/ga\/wp-json\/wp\/v2\/pages"}],"about":[{"href":"https:\/\/www.coolepark.ie\/ga\/wp-json\/wp\/v2\/types\/page"}],"author":[{"embeddable":true,"href":"https:\/\/www.coolepark.ie\/ga\/wp-json\/wp\/v2\/users\/3"}],"replies":[{"embeddable":true,"href":"https:\/\/www.coolepark.ie\/ga\/wp-json\/wp\/v2\/comments?post=1413"}],"version-history":[{"count":1,"href":"https:\/\/www.coolepark.ie\/ga\/wp-json\/wp\/v2\/pages\/1413\/revisions"}],"predecessor-version":[{"id":1677,"href":"https:\/\/www.coolepark.ie\/ga\/wp-json\/wp\/v2\/pages\/1413\/revisions\/1677"}],"up":[{"embeddable":true,"href":"https:\/\/www.coolepark.ie\/ga\/wp-json\/wp\/v2\/pages\/1407"}],"wp:featuredmedia":[{"embeddable":true,"href":"https:\/\/www.coolepark.ie\/ga\/wp-json\/wp\/v2\/media\/1279"}],"wp:attachment":[{"href":"https:\/\/www.coolepark.ie\/ga\/wp-json\/wp\/v2\/media?parent=1413"}],"curies":[{"name":"wp","href":"https:\/\/api.w.org\/{rel}","templated":true}]}}