{"id":1414,"date":"2015-08-06T14:46:59","date_gmt":"2015-08-06T14:46:59","guid":{"rendered":"https:\/\/www.coolepark.ie\/learscaileanna-conair\/"},"modified":"2023-09-01T11:53:37","modified_gmt":"2023-09-01T11:53:37","slug":"learscaileanna-conair","status":"publish","type":"page","link":"https:\/\/www.coolepark.ie\/ga\/learscaileanna-conair\/","title":{"rendered":"L\u00e9arsc\u00e1ileanna &amp; Conair"},"content":{"rendered":"<p>T\u00e1 dh\u00e1 chonair sl\u00edmharc\u00e1ilte ag Anaclann D\u00falra Ph\u00e1irc na C\u00faile. T\u00e1 l\u00e9arsc\u00e1ileanna le f\u00e1il ar an l\u00e1thair in aice leis an d\u00e1 charrchl\u00f3s n\u00f3 is f\u00e9idir iad a \u00edosl\u00f3d\u00e1il th\u00edos. T\u00e1 bileog su\u00edmh a thugann eolas ar ghn\u00e9ithe \u00e9ags\u00fala faoin \u00e9iceola\u00edocht agus faoi stair na hanaclanna ar f\u00e1il ag an ionad cuairteoir\u00ed.<\/p>\n<h2>Conair Teaghlaigh<\/h2>\n<p><img loading=\"lazy\" decoding=\"async\" class=\"pull-right image-right alignright\" src=\"https:\/\/www.coolepark.ie\/wp-content\/uploads\/2017\/05\/Seven-Woods.jpg\" alt=\"Conair tr\u00edd na Coillte\" width=\"211\" height=\"281\"><\/p>\n<p>Is si\u00fal\u00f3id \u00e9asca 1.75 km \u00e9 an \u201cConair Teaghlaigh\u201d, thar an su\u00edomh ina raibh an teach tr\u00e1th agus tr\u00edd an gharra\u00ed daingin chun an Crann s\u00edni\u00fach\u00e1in a fheice\u00e1il, le hinisealacha go leor de na scr\u00edbhneoir\u00ed c\u00e1ili\u00fala a thug cuairt ar Ch\u00fail nuair a bh\u00ed an Bhantiarna Gregory ina c\u00f3na\u00ed ann. Leanann s\u00e9 tr\u00edd an gcoillearnach agus t\u00e1 radharc uaidh ar an abhainn agus ar an turlach. Cr\u00edochna\u00edonn an chonair ag an Ionad Cuairteoir\u00ed ag dul thar chl\u00f3s na fianna rua ar an mbealach.<\/p>\n<h2>Conair na Seacht gCoill<\/h2>\n<p>T\u00e1 Conair na Seacht gCoill 4.5km agus nascann s\u00e9 na coillte \u00e9ags\u00fala a bhfuil c\u00e1il orthu san fhil\u00edocht ag W.B. Yeats. T\u00e9ann an tsi\u00fal\u00f3id thar l\u00e1thair amhairc do Loch na C\u00faile agus str\u00e1ice m\u00f3r bogaigh. T\u00e9ann an chonair n\u00edos doimhne isteach sa choillearnach agus ar an mbealach rachaidh t\u00fa thar iarsma\u00ed d\u2019oidhreacht th\u00f3gtha na C\u00faile, cos\u00fail leis an cl\u00f3s st\u00e1bla, balla\u00ed cloiche a t\u00f3gadh den ch\u00e9ad uair san 18\u00fa haois agus \u00e1ith aoil. Ag brath ar an s\u00e9as\u00far, b\u2019fh\u00e9idir go bhfeicfe\u00e1 cloig\u00edn\u00ed gorma, sabhairc\u00edn\u00ed agus sailchuacha, scr\u00e9ach\u00f3ga agus snaganna, iora rua agus eas\u00f3ga, f\u00e9ileac\u00e1in agus sn\u00e1thaid\u00ed m\u00f3ra, n\u00f3 eala\u00ed agus \u00e9in bhogaigh eile.<\/p>\n<p>&nbsp;<\/p>\n<hr style=\"margin: 2em 0\">\n<h2>P\u00e1irc na C\u00faile<\/h2>\n<p><a href=\"https:\/\/www.coolepark.ie\/wp-content\/uploads\/2018\/07\/Coole-Park-Map-1412-2015.pdf\"> <strong><span style=\"color: #c60000;\">\u00cdosl\u00f3d\u00e1il leagan PDF de l\u00e9arsc\u00e1il chonair si\u00fal\u00f3ide Ph\u00e1irc na C\u00faile<\/span><\/strong>.<\/a><\/p>\n<p><img loading=\"lazy\" decoding=\"async\" class=\"alignnone wp-image-303 size-medium\" src=\"https:\/\/www.coolepark.ie\/wp-content\/uploads\/2018\/07\/Coole-Park-Map-300x212.jpg\" alt=\"L\u00e9arsc\u00e1il Ph\u00e1irc na C\u00faile\" width=\"300\" height=\"212\" srcset=\"https:\/\/www.coolepark.ie\/wp-content\/uploads\/2018\/07\/Coole-Park-Map-300x212.jpg 300w, https:\/\/www.coolepark.ie\/wp-content\/uploads\/2018\/07\/Coole-Park-Map-768x542.jpg 768w, https:\/\/www.coolepark.ie\/wp-content\/uploads\/2018\/07\/Coole-Park-Map-1024x722.jpg 1024w, https:\/\/www.coolepark.ie\/wp-content\/uploads\/2018\/07\/Coole-Park-Map.jpg 1093w\" sizes=\"auto, (max-width: 300px) 100vw, 300px\" \/><\/p>\n<h2>Gaireal\u00e1n<\/h2>\n<p><a href=\"https:\/\/www.coolepark.ie\/wp-content\/uploads\/2018\/07\/Garryland-Map-141215.pdf\"> <span style=\"color: #c60000;\"><strong>\u00cdosl\u00f3d\u00e1il leagan PDF de l\u00e9arsc\u00e1il chonair si\u00fal\u00f3ide na C\u00faile-Ghaireal\u00e1in<\/strong><\/span>.<\/a><\/p>\n<p><img loading=\"lazy\" decoding=\"async\" class=\"alignnone wp-image-304 size-medium\" src=\"https:\/\/www.coolepark.ie\/wp-content\/uploads\/2018\/07\/Garryland-Map-300x211.jpg\" alt=\"L\u00e9arsc\u00e1il Ghaireal\u00e1in\" width=\"300\" height=\"211\" srcset=\"https:\/\/www.coolepark.ie\/wp-content\/uploads\/2018\/07\/Garryland-Map-300x211.jpg 300w, https:\/\/www.coolepark.ie\/wp-content\/uploads\/2018\/07\/Garryland-Map-768x541.jpg 768w, https:\/\/www.coolepark.ie\/wp-content\/uploads\/2018\/07\/Garryland-Map-1024x722.jpg 1024w, https:\/\/www.coolepark.ie\/wp-content\/uploads\/2018\/07\/Garryland-Map.jpg 1097w\" sizes=\"auto, (max-width: 300px) 100vw, 300px\" \/><\/p>\n","protected":false},"excerpt":{"rendered":"<p>T\u00e1 dh\u00e1 chonair sl\u00edmharc\u00e1ilte ag Anaclann D\u00falra Ph\u00e1irc na C\u00faile. T\u00e1 l\u00e9arsc\u00e1ileanna le f\u00e1il ar an l\u00e1thair in aice leis an d\u00e1 charrchl\u00f3s n\u00f3 is f\u00e9idir iad a \u00edosl\u00f3d\u00e1il th\u00edos. T\u00e1 bileog su\u00edmh a thugann eolas ar ghn\u00e9ithe \u00e9ags\u00fala faoin \u00e9iceola\u00edocht agus faoi stair na hanaclanna ar f\u00e1il ag an ionad cuairteoir\u00ed. Conair Teaghlaigh Is&hellip; <a class=\"continue\" href=\"https:\/\/www.coolepark.ie\/ga\/learscaileanna-conair\/\">Read More<span> L\u00e9arsc\u00e1ileanna &amp; Conair<\/span><\/a><\/p>\n","protected":false},"author":3,"featured_media":1192,"parent":0,"menu_order":6,"comment_status":"closed","ping_status":"closed","template":"full-width.php","meta":{"footnotes":""},"class_list":["post-1414","page","type-page","status-publish","has-post-thumbnail","hentry"],"yoast_head":"<!-- This site is optimized with the Yoast SEO plugin v27.5 - https:\/\/yoast.com\/product\/yoast-seo-wordpress\/ -->\n<title>L\u00e9arsc\u00e1ileanna &amp; Conair - Anaclann D\u00falra Ph\u00e1irc na C\u00faile<\/title>\n<meta name=\"robots\" content=\"index, follow, max-snippet:-1, max-image-preview:large, max-video-preview:-1\" \/>\n<link rel=\"canonical\" href=\"https:\/\/www.coolepark.ie\/ga\/learscaileanna-conair\/\" \/>\n<meta property=\"og:locale\" content=\"ga_IE\" \/>\n<meta property=\"og:type\" content=\"article\" \/>\n<meta property=\"og:title\" content=\"L\u00e9arsc\u00e1ileanna &amp; Conair - Anaclann D\u00falra Ph\u00e1irc na C\u00faile\" \/>\n<meta property=\"og:description\" content=\"T\u00e1 dh\u00e1 chonair sl\u00edmharc\u00e1ilte ag Anaclann D\u00falra Ph\u00e1irc na C\u00faile. T\u00e1 l\u00e9arsc\u00e1ileanna le f\u00e1il ar an l\u00e1thair in aice leis an d\u00e1 charrchl\u00f3s n\u00f3 is f\u00e9idir iad a \u00edosl\u00f3d\u00e1il th\u00edos. T\u00e1 bileog su\u00edmh a thugann eolas ar ghn\u00e9ithe \u00e9ags\u00fala faoin \u00e9iceola\u00edocht agus faoi stair na hanaclanna ar f\u00e1il ag an ionad cuairteoir\u00ed. Conair Teaghlaigh Is&hellip; Read More L\u00e9arsc\u00e1ileanna &amp; Conair\" \/>\n<meta property=\"og:url\" content=\"https:\/\/www.coolepark.ie\/ga\/learscaileanna-conair\/\" \/>\n<meta property=\"og:site_name\" content=\"Anaclann D\u00falra Ph\u00e1irc na C\u00faile\" \/>\n<meta property=\"article:publisher\" content=\"https:\/\/www.facebook.com\/coolegarrylandnaturereserve\" \/>\n<meta property=\"article:modified_time\" content=\"2023-09-01T11:53:37+00:00\" \/>\n<meta property=\"og:image\" content=\"https:\/\/www.coolepark.ie\/wp-content\/uploads\/2017\/05\/cropped-GarrylandRS_700x300.png\" \/>\n\t<meta property=\"og:image:width\" content=\"1400\" \/>\n\t<meta property=\"og:image:height\" content=\"272\" \/>\n\t<meta property=\"og:image:type\" content=\"image\/png\" \/>\n<meta name=\"twitter:card\" content=\"summary_large_image\" \/>\n<meta name=\"twitter:site\" content=\"@DeptHousingIRL\" \/>\n<meta name=\"twitter:label1\" content=\"Est. reading time\" \/>\n\t<meta name=\"twitter:data1\" content=\"2 minutes\" \/>\n<script type=\"application\/ld+json\" class=\"yoast-schema-graph\">{\"@context\":\"https:\\\/\\\/schema.org\",\"@graph\":[{\"@type\":\"WebPage\",\"@id\":\"https:\\\/\\\/www.coolepark.ie\\\/ga\\\/learscaileanna-conair\\\/\",\"url\":\"https:\\\/\\\/www.coolepark.ie\\\/ga\\\/learscaileanna-conair\\\/\",\"name\":\"L\u00e9arsc\u00e1ileanna &amp; Conair - Anaclann D\u00falra Ph\u00e1irc na C\u00faile\",\"isPartOf\":{\"@id\":\"https:\\\/\\\/www.coolepark.ie\\\/ga\\\/#website\"},\"primaryImageOfPage\":{\"@id\":\"https:\\\/\\\/www.coolepark.ie\\\/ga\\\/learscaileanna-conair\\\/#primaryimage\"},\"image\":{\"@id\":\"https:\\\/\\\/www.coolepark.ie\\\/ga\\\/learscaileanna-conair\\\/#primaryimage\"},\"thumbnailUrl\":\"https:\\\/\\\/www.coolepark.ie\\\/wp-content\\\/uploads\\\/2017\\\/05\\\/cropped-GarrylandRS_700x300.png\",\"datePublished\":\"2015-08-06T14:46:59+00:00\",\"dateModified\":\"2023-09-01T11:53:37+00:00\",\"breadcrumb\":{\"@id\":\"https:\\\/\\\/www.coolepark.ie\\\/ga\\\/learscaileanna-conair\\\/#breadcrumb\"},\"inLanguage\":\"ga-IE\",\"potentialAction\":[{\"@type\":\"ReadAction\",\"target\":[\"https:\\\/\\\/www.coolepark.ie\\\/ga\\\/learscaileanna-conair\\\/\"]}]},{\"@type\":\"ImageObject\",\"inLanguage\":\"ga-IE\",\"@id\":\"https:\\\/\\\/www.coolepark.ie\\\/ga\\\/learscaileanna-conair\\\/#primaryimage\",\"url\":\"https:\\\/\\\/www.coolepark.ie\\\/wp-content\\\/uploads\\\/2017\\\/05\\\/cropped-GarrylandRS_700x300.png\",\"contentUrl\":\"https:\\\/\\\/www.coolepark.ie\\\/wp-content\\\/uploads\\\/2017\\\/05\\\/cropped-GarrylandRS_700x300.png\",\"width\":1400,\"height\":272},{\"@type\":\"BreadcrumbList\",\"@id\":\"https:\\\/\\\/www.coolepark.ie\\\/ga\\\/learscaileanna-conair\\\/#breadcrumb\",\"itemListElement\":[{\"@type\":\"ListItem\",\"position\":1,\"name\":\"Home\",\"item\":\"https:\\\/\\\/www.coolepark.ie\\\/ga\\\/\"},{\"@type\":\"ListItem\",\"position\":2,\"name\":\"L\u00e9arsc\u00e1ileanna &amp; Conair\"}]},{\"@type\":\"WebSite\",\"@id\":\"https:\\\/\\\/www.coolepark.ie\\\/ga\\\/#website\",\"url\":\"https:\\\/\\\/www.coolepark.ie\\\/ga\\\/\",\"name\":\"Anaclann D\u00falra Ph\u00e1irc na C\u00faile\",\"description\":\"\",\"potentialAction\":[{\"@type\":\"SearchAction\",\"target\":{\"@type\":\"EntryPoint\",\"urlTemplate\":\"https:\\\/\\\/www.coolepark.ie\\\/ga\\\/?s={search_term_string}\"},\"query-input\":{\"@type\":\"PropertyValueSpecification\",\"valueRequired\":true,\"valueName\":\"search_term_string\"}}],\"inLanguage\":\"ga-IE\"}]}<\/script>\n<!-- \/ Yoast SEO plugin. -->","yoast_head_json":{"title":"L\u00e9arsc\u00e1ileanna &amp; Conair - Anaclann D\u00falra Ph\u00e1irc na C\u00faile","robots":{"index":"index","follow":"follow","max-snippet":"max-snippet:-1","max-image-preview":"max-image-preview:large","max-video-preview":"max-video-preview:-1"},"canonical":"https:\/\/www.coolepark.ie\/ga\/learscaileanna-conair\/","og_locale":"ga_IE","og_type":"article","og_title":"L\u00e9arsc\u00e1ileanna &amp; Conair - Anaclann D\u00falra Ph\u00e1irc na C\u00faile","og_description":"T\u00e1 dh\u00e1 chonair sl\u00edmharc\u00e1ilte ag Anaclann D\u00falra Ph\u00e1irc na C\u00faile. T\u00e1 l\u00e9arsc\u00e1ileanna le f\u00e1il ar an l\u00e1thair in aice leis an d\u00e1 charrchl\u00f3s n\u00f3 is f\u00e9idir iad a \u00edosl\u00f3d\u00e1il th\u00edos. T\u00e1 bileog su\u00edmh a thugann eolas ar ghn\u00e9ithe \u00e9ags\u00fala faoin \u00e9iceola\u00edocht agus faoi stair na hanaclanna ar f\u00e1il ag an ionad cuairteoir\u00ed. Conair Teaghlaigh Is&hellip; Read More L\u00e9arsc\u00e1ileanna &amp; Conair","og_url":"https:\/\/www.coolepark.ie\/ga\/learscaileanna-conair\/","og_site_name":"Anaclann D\u00falra Ph\u00e1irc na C\u00faile","article_publisher":"https:\/\/www.facebook.com\/coolegarrylandnaturereserve","article_modified_time":"2023-09-01T11:53:37+00:00","og_image":[{"width":1400,"height":272,"url":"https:\/\/www.coolepark.ie\/wp-content\/uploads\/2017\/05\/cropped-GarrylandRS_700x300.png","type":"image\/png"}],"twitter_card":"summary_large_image","twitter_site":"@DeptHousingIRL","twitter_misc":{"Est. reading time":"2 minutes"},"schema":{"@context":"https:\/\/schema.org","@graph":[{"@type":"WebPage","@id":"https:\/\/www.coolepark.ie\/ga\/learscaileanna-conair\/","url":"https:\/\/www.coolepark.ie\/ga\/learscaileanna-conair\/","name":"L\u00e9arsc\u00e1ileanna &amp; Conair - Anaclann D\u00falra Ph\u00e1irc na C\u00faile","isPartOf":{"@id":"https:\/\/www.coolepark.ie\/ga\/#website"},"primaryImageOfPage":{"@id":"https:\/\/www.coolepark.ie\/ga\/learscaileanna-conair\/#primaryimage"},"image":{"@id":"https:\/\/www.coolepark.ie\/ga\/learscaileanna-conair\/#primaryimage"},"thumbnailUrl":"https:\/\/www.coolepark.ie\/wp-content\/uploads\/2017\/05\/cropped-GarrylandRS_700x300.png","datePublished":"2015-08-06T14:46:59+00:00","dateModified":"2023-09-01T11:53:37+00:00","breadcrumb":{"@id":"https:\/\/www.coolepark.ie\/ga\/learscaileanna-conair\/#breadcrumb"},"inLanguage":"ga-IE","potentialAction":[{"@type":"ReadAction","target":["https:\/\/www.coolepark.ie\/ga\/learscaileanna-conair\/"]}]},{"@type":"ImageObject","inLanguage":"ga-IE","@id":"https:\/\/www.coolepark.ie\/ga\/learscaileanna-conair\/#primaryimage","url":"https:\/\/www.coolepark.ie\/wp-content\/uploads\/2017\/05\/cropped-GarrylandRS_700x300.png","contentUrl":"https:\/\/www.coolepark.ie\/wp-content\/uploads\/2017\/05\/cropped-GarrylandRS_700x300.png","width":1400,"height":272},{"@type":"BreadcrumbList","@id":"https:\/\/www.coolepark.ie\/ga\/learscaileanna-conair\/#breadcrumb","itemListElement":[{"@type":"ListItem","position":1,"name":"Home","item":"https:\/\/www.coolepark.ie\/ga\/"},{"@type":"ListItem","position":2,"name":"L\u00e9arsc\u00e1ileanna &amp; Conair"}]},{"@type":"WebSite","@id":"https:\/\/www.coolepark.ie\/ga\/#website","url":"https:\/\/www.coolepark.ie\/ga\/","name":"Anaclann D\u00falra Ph\u00e1irc na C\u00faile","description":"","potentialAction":[{"@type":"SearchAction","target":{"@type":"EntryPoint","urlTemplate":"https:\/\/www.coolepark.ie\/ga\/?s={search_term_string}"},"query-input":{"@type":"PropertyValueSpecification","valueRequired":true,"valueName":"search_term_string"}}],"inLanguage":"ga-IE"}]}},"_links":{"self":[{"href":"https:\/\/www.coolepark.ie\/ga\/wp-json\/wp\/v2\/pages\/1414","targetHints":{"allow":["GET"]}}],"collection":[{"href":"https:\/\/www.coolepark.ie\/ga\/wp-json\/wp\/v2\/pages"}],"about":[{"href":"https:\/\/www.coolepark.ie\/ga\/wp-json\/wp\/v2\/types\/page"}],"author":[{"embeddable":true,"href":"https:\/\/www.coolepark.ie\/ga\/wp-json\/wp\/v2\/users\/3"}],"replies":[{"embeddable":true,"href":"https:\/\/www.coolepark.ie\/ga\/wp-json\/wp\/v2\/comments?post=1414"}],"version-history":[{"count":1,"href":"https:\/\/www.coolepark.ie\/ga\/wp-json\/wp\/v2\/pages\/1414\/revisions"}],"predecessor-version":[{"id":1682,"href":"https:\/\/www.coolepark.ie\/ga\/wp-json\/wp\/v2\/pages\/1414\/revisions\/1682"}],"wp:featuredmedia":[{"embeddable":true,"href":"https:\/\/www.coolepark.ie\/ga\/wp-json\/wp\/v2\/media\/1192"}],"wp:attachment":[{"href":"https:\/\/www.coolepark.ie\/ga\/wp-json\/wp\/v2\/media?parent=1414"}],"curies":[{"name":"wp","href":"https:\/\/api.w.org\/{rel}","templated":true}]}}